{"id":707742,"date":"2025-08-27T16:08:43","date_gmt":"2025-08-27T13:08:43","guid":{"rendered":"https:\/\/roveyayinevi.com.tr\/index.php\/urun\/pinokyo-cep-boy\/"},"modified":"2026-04-16T02:16:23","modified_gmt":"2026-04-15T23:16:23","slug":"pinokyo-cep-boy","status":"publish","type":"product","link":"https:\/\/roveyayinevi.com.tr\/index.php\/urun\/pinokyo-cep-boy\/","title":{"rendered":"Pinokyo (Cep Boy)"},"content":{"rendered":"<p>&#8230;bir \u00e7ocuk ger\u00e7ekten iyiyse, ne kadar k\u00f6t\u00fc al\u0131\u015fkanl\u0131klar\u0131 olursa olsun, ne kadar yaramazl\u0131k ederse etsin, yanl\u0131\u015flar\u0131n\u0131 d\u00fczeltebilir. <\/p>\n","protected":false},"excerpt":{"rendered":"<p>&#8230;bir \u00e7ocuk ger\u00e7ekten iyiyse, ne kadar k\u00f6t\u00fc al\u0131\u015fkanl\u0131klar\u0131 olursa olsun, ne kadar yaramazl\u0131k ederse etsin, yanl\u0131\u015flar\u0131n\u0131 d\u00fczeltebilir.<\/p>\n","protected":false},"featured_media":0,"template":"","meta":{"_monsterinsights_skip_tracking":false,"_monsterinsights_sitenote_active":false,"_monsterinsights_sitenote_note":"","_monsterinsights_sitenote_category":0},"product_brand":[],"product_cat":[12274,12467],"product_tag":[],"class_list":{"0":"post-707742","1":"product","2":"type-product","3":"status-publish","5":"product_cat-cocuk-ve-genclik-kitaplari","6":"product_cat-dunya-klasikleri","7":"pa_cilt-ciltsiz","8":"pa_tur-kitap","9":"pa_yayinevi-remzi-kitabevi","10":"pa_yazar-carlo-collodi","12":"first","13":"instock","14":"sale","15":"shipping-taxable","16":"purchasable","17":"product-type-simple"},"_links":{"self":[{"href":"https:\/\/roveyayinevi.com.tr\/index.php\/wp-json\/wp\/v2\/product\/707742","targetHints":{"allow":["GET"]}}],"collection":[{"href":"https:\/\/roveyayinevi.com.tr\/index.php\/wp-json\/wp\/v2\/product"}],"about":[{"href":"https:\/\/roveyayinevi.com.tr\/index.php\/wp-json\/wp\/v2\/types\/product"}],"wp:attachment":[{"href":"https:\/\/roveyayinevi.com.tr\/index.php\/wp-json\/wp\/v2\/media?parent=707742"}],"wp:term":[{"taxonomy":"product_brand","embeddable":true,"href":"https:\/\/roveyayinevi.com.tr\/index.php\/wp-json\/wp\/v2\/product_brand?post=707742"},{"taxonomy":"product_cat","embeddable":true,"href":"https:\/\/roveyayinevi.com.tr\/index.php\/wp-json\/wp\/v2\/product_cat?post=707742"},{"taxonomy":"product_tag","embeddable":true,"href":"https:\/\/roveyayinevi.com.tr\/index.php\/wp-json\/wp\/v2\/product_tag?post=707742"}],"curies":[{"name":"wp","href":"https:\/\/api.w.org\/{rel}","templated":true}]}}