{"id":707739,"date":"2025-08-27T16:08:42","date_gmt":"2025-08-27T13:08:42","guid":{"rendered":"https:\/\/roveyayinevi.com.tr\/index.php\/urun\/bay-ka-buk-ve-ejder\/"},"modified":"2025-11-22T04:01:18","modified_gmt":"2025-11-22T01:01:18","slug":"bay-ka-buk-ve-ejder","status":"publish","type":"product","link":"https:\/\/roveyayinevi.com.tr\/index.php\/urun\/bay-ka-buk-ve-ejder\/","title":{"rendered":"Bay Ka Buk ve Ejder"},"content":{"rendered":"<p>\u00c7ok merakl\u0131 ama bir o kadar da \u00e7ekingen bir ejderha yavrusu o. Hayal kurmak istiyor ama bir t\u00fcrl\u00fc yapam\u0131yor. K\u00fc\u00e7\u00fcc\u00fck evinde hep ayn\u0131 ge\u00e7iyor g\u00fcnleri. D\u0131\u015far\u0131dan gelen seslere i\u00e7i gidiyor ama cesaret edemiyor. Hep duvarda ya\u015fayan Bay Ka Buk&#8217;u dinliyor ama i\u00e7inden ba\u015fka \u015feyler istiyor. Kafas\u0131 kar\u0131\u015f\u0131k bir ejderin biraz komik, biraz h\u00fcz\u00fcnl\u00fc, biraz \u00fcrk\u00fcn\u00e7 ser\u00fcveni Bay Ka Buk ve Ejder. Ali, Yedi ve Uyuyamayan Koala&#8217;n\u0131n yazar\u0131ndan s\u0131n\u0131rlar\u0131n\u0131 a\u015fmak, hayallerinin pe\u015finden ko\u015fmak \u00fczerine ilham veren s\u0131cac\u0131k bir masal. \ufffcTan\u0131t\u0131m Metni<\/p>\n","protected":false},"excerpt":{"rendered":"<p>\u00c7ok merakl\u0131 ama bir o kadar da \u00e7ekingen bir ejderha yavrusu o. Hayal kurmak istiyor ama bir t\u00fcrl\u00fc yapam\u0131yor. K\u00fc\u00e7\u00fcc\u00fck evinde hep ayn\u0131 ge\u00e7iyor g\u00fcnleri. D\u0131\u015far\u0131dan<span class=\"excerpt-hellip\"> [\u2026]<\/span><\/p>\n","protected":false},"featured_media":0,"template":"","meta":{"_monsterinsights_skip_tracking":false,"_monsterinsights_sitenote_active":false,"_monsterinsights_sitenote_note":"","_monsterinsights_sitenote_category":0},"product_brand":[],"product_cat":[12275,12274],"product_tag":[],"class_list":{"0":"post-707739","1":"product","2":"type-product","3":"status-publish","5":"product_cat-6-12-yas-kitaplari","6":"product_cat-cocuk-ve-genclik-kitaplari","7":"pa_cilt-ciltsiz","8":"pa_tur-kitap","9":"pa_yayinevi-taze-kitap","10":"pa_yazar-zeynep-sevde","12":"first","13":"instock","14":"sale","15":"shipping-taxable","16":"purchasable","17":"product-type-simple"},"_links":{"self":[{"href":"https:\/\/roveyayinevi.com.tr\/index.php\/wp-json\/wp\/v2\/product\/707739","targetHints":{"allow":["GET"]}}],"collection":[{"href":"https:\/\/roveyayinevi.com.tr\/index.php\/wp-json\/wp\/v2\/product"}],"about":[{"href":"https:\/\/roveyayinevi.com.tr\/index.php\/wp-json\/wp\/v2\/types\/product"}],"wp:attachment":[{"href":"https:\/\/roveyayinevi.com.tr\/index.php\/wp-json\/wp\/v2\/media?parent=707739"}],"wp:term":[{"taxonomy":"product_brand","embeddable":true,"href":"https:\/\/roveyayinevi.com.tr\/index.php\/wp-json\/wp\/v2\/product_brand?post=707739"},{"taxonomy":"product_cat","embeddable":true,"href":"https:\/\/roveyayinevi.com.tr\/index.php\/wp-json\/wp\/v2\/product_cat?post=707739"},{"taxonomy":"product_tag","embeddable":true,"href":"https:\/\/roveyayinevi.com.tr\/index.php\/wp-json\/wp\/v2\/product_tag?post=707739"}],"curies":[{"name":"wp","href":"https:\/\/api.w.org\/{rel}","templated":true}]}}