{"id":707734,"date":"2025-08-27T16:08:40","date_gmt":"2025-08-27T13:08:40","guid":{"rendered":"https:\/\/roveyayinevi.com.tr\/index.php\/urun\/modern-siyasal-dusuncenin-temelleri\/"},"modified":"2026-04-16T02:16:23","modified_gmt":"2026-04-15T23:16:23","slug":"modern-siyasal-dusuncenin-temelleri","status":"publish","type":"product","link":"https:\/\/roveyayinevi.com.tr\/index.php\/urun\/modern-siyasal-dusuncenin-temelleri\/","title":{"rendered":"Modern Siyasal D\u00fc\u015f\u00fcncenin Temelleri"},"content":{"rendered":"<p>D\u00fc\u015f\u00fcnce tarihi \u00e7al\u0131\u015fmalar\u0131n\u0131n bir klasi\u011fi daha T\u00fcrk\u00e7ede. Quentin Skinner\u2019\u0131n ilk kez 1978 y\u0131l\u0131nda yay\u0131mlanan iki ciltlik ara\u015ft\u0131rmas\u0131, onu Bat\u0131 siyaset d\u00fc\u015f\u00fcncesinin en \u00f6nemli tarih\u00e7ilerinden biri haline getirmi\u015ftir.\u0130ngiliz tarih\u00e7i, Modern Siyasal D\u00fc\u015f\u00fcncenin Temelleri\u2019nin bu ikinci ve son cildinde, kitab\u0131n ilk cildinde ba\u015flatt\u0131\u011f\u0131 soru\u015fturmay\u0131 bu kez Avrupa\u2019da Reform d\u00f6neminin din sava\u015flar\u0131 \u00fczerinden devam ettiriyor. Reformasyon\u2019un dinsel ayaklanmalar\u0131n\u0131n paradoksal bi\u00e7imde sek\u00fcler devlet ve siyaset kavramlar\u0131n\u0131n \u015fekillenmesine, modern siyasetin ortaya \u00e7\u0131k\u0131\u015f\u0131na ve s\u00f6z da\u011farc\u0131\u011f\u0131n\u0131n olu\u015fumuna nas\u0131l hayati bir katk\u0131da bulundu\u011funu ortaya koyuyor.Quentin Skinner\u2019\u0131n \u00e7al\u0131\u015fmas\u0131n\u0131 siyaset d\u00fc\u015f\u00fcncesinin tarihini ele alan geleneksel \u00e7al\u0131\u015fmalardan ay\u0131ran \u00f6zg\u00fcn bir taraf\u0131 var. Yazar Dante\u2019den Marsilyus\u2019a, Erasmus\u2019tan Machiavelli\u2019ye, Luther\u2019den Calvin\u2019e, d\u00f6nemin en \u00f6nemli d\u00fc\u015f\u00fcn\u00fcrlerini ele al\u0131rken onlar\u0131 ya\u015fad\u0131klar\u0131 \u00e7a\u011f\u0131n yaz\u0131nsal ortam\u0131na yerle\u015ftiriyor. B\u00f6ylece okura yaln\u0131zca klasik metinleri de\u011fil, bu metinlerin kendi \u00e7a\u011flar\u0131n\u0131n daha kenarda kalm\u0131\u015f d\u00fc\u015f\u00fcn\u00fcrleri ve eserleriyle nas\u0131l s\u00f6yle\u015fti\u011fini g\u00f6rme imk\u00e2n\u0131 veriyor.1979 y\u0131l\u0131nda Wolfson Tarih \u00d6d\u00fcl\u00fc\u2019n\u00fc alan bu eser, g\u00fcn\u00fcm\u00fczde modern tarih ara\u015ft\u0131rmac\u0131l\u0131\u011f\u0131n\u0131n klasiklerinden biri olarak g\u00f6r\u00fcl\u00fcyor. \u00d6\u011frencilere d\u00f6nemin siyaset d\u00fc\u015f\u00fcncesine dair iyi bir giri\u015f sunarken, ara\u015ft\u0131rmac\u0131lara da tarihsel metinlerin yorumlan\u0131\u015f\u0131na ili\u015fkin farkl\u0131 bir yakla\u015f\u0131m\u0131 g\u00f6steriyor.<\/p>\n","protected":false},"excerpt":{"rendered":"<p>D\u00fc\u015f\u00fcnce tarihi \u00e7al\u0131\u015fmalar\u0131n\u0131n bir klasi\u011fi daha T\u00fcrk\u00e7ede. Quentin Skinner\u2019\u0131n ilk kez 1978 y\u0131l\u0131nda yay\u0131mlanan iki ciltlik ara\u015ft\u0131rmas\u0131, onu Bat\u0131 siyaset d\u00fc\u015f\u00fcncesinin en \u00f6nemli tarih\u00e7ilerinden biri haline<span class=\"excerpt-hellip\"> [\u2026]<\/span><\/p>\n","protected":false},"featured_media":0,"template":"","meta":{"_monsterinsights_skip_tracking":false,"_monsterinsights_sitenote_active":false,"_monsterinsights_sitenote_note":"","_monsterinsights_sitenote_category":0},"product_brand":[],"product_cat":[12337,14706],"product_tag":[],"class_list":{"0":"post-707734","1":"product","2":"type-product","3":"status-publish","5":"product_cat-politika-siyaset","6":"product_cat-siyaset-bilimi","7":"pa_cilt-ciltsiz","8":"pa_tur-kitap","9":"pa_yayinevi-phoenix-yayinevi","10":"pa_yazar-quentin-skinner","12":"first","13":"instock","14":"sale","15":"shipping-taxable","16":"purchasable","17":"product-type-simple"},"_links":{"self":[{"href":"https:\/\/roveyayinevi.com.tr\/index.php\/wp-json\/wp\/v2\/product\/707734","targetHints":{"allow":["GET"]}}],"collection":[{"href":"https:\/\/roveyayinevi.com.tr\/index.php\/wp-json\/wp\/v2\/product"}],"about":[{"href":"https:\/\/roveyayinevi.com.tr\/index.php\/wp-json\/wp\/v2\/types\/product"}],"wp:attachment":[{"href":"https:\/\/roveyayinevi.com.tr\/index.php\/wp-json\/wp\/v2\/media?parent=707734"}],"wp:term":[{"taxonomy":"product_brand","embeddable":true,"href":"https:\/\/roveyayinevi.com.tr\/index.php\/wp-json\/wp\/v2\/product_brand?post=707734"},{"taxonomy":"product_cat","embeddable":true,"href":"https:\/\/roveyayinevi.com.tr\/index.php\/wp-json\/wp\/v2\/product_cat?post=707734"},{"taxonomy":"product_tag","embeddable":true,"href":"https:\/\/roveyayinevi.com.tr\/index.php\/wp-json\/wp\/v2\/product_tag?post=707734"}],"curies":[{"name":"wp","href":"https:\/\/api.w.org\/{rel}","templated":true}]}}