{"id":707732,"date":"2025-08-27T16:08:39","date_gmt":"2025-08-27T13:08:39","guid":{"rendered":"https:\/\/roveyayinevi.com.tr\/index.php\/urun\/bedene-veda\/"},"modified":"2026-04-16T02:16:23","modified_gmt":"2026-04-15T23:16:23","slug":"bedene-veda","status":"publish","type":"product","link":"https:\/\/roveyayinevi.com.tr\/index.php\/urun\/bedene-veda\/","title":{"rendered":"Bedene Veda"},"content":{"rendered":"<p>Dinlerin ve ideolojilerin a\u015fa\u011f\u0131lad\u0131\u011f\u0131, &#8220;kirli&#8221;, &#8220;ahlaks\u0131z&#8221; g\u00f6rd\u00fc\u011f\u00fc, y\u0131pranabilir, sakatlanabilir, yaralanabilir ve \u00f6lebilir &#8220;beden&#8221;den kurtulma d\u00fc\u015f\u00fcncesi, yaln\u0131zca bedenle ruhu birbirinden ay\u0131ran felsefenin ve teolojinin de\u011fil, b\u00fct\u00fcn insanl\u0131\u011f\u0131n kafas\u0131n\u0131 kurcalayan bir \u00fctopya ve hayal konusu olmu\u015ftur. G\u00fcn\u00fcm\u00fczde ise bilimin ve teknolojinin eri\u015fti\u011fi d\u00fczey, hem protezler ve sim\u00fclasyonlar hem de her t\u00fcrden sanatsal performans yoluyla bedeni deforme etmeyi, kullan\u0131m d\u0131\u015f\u0131 b\u0131rakmay\u0131, hatta bedenden t\u00fcm\u00fcyle kurtulmay\u0131 m\u00fcmk\u00fcn k\u0131l\u0131yor.  Peki, gelinen bu nokta insanl\u0131\u011f\u0131m\u0131z a\u00e7\u0131s\u0131ndan olumlu, sevindirici bir geli\u015fme mi, yoksa asl\u0131nda bir b\u00fct\u00fcn olan bedensel-ruhsal yap\u0131m\u0131z\u0131 sakatlayan, bizi insanl\u0131ktan \u00e7\u0131karan bir s\u00fcre\u00e7 midir?\u0130\u015fte bu temel sorunun pe\u015finden giden David Le Breton Bedene Veda&#8217;da, d\u00f6vme, piercing, estetik cerrahi gibi en s\u0131radan deformasyonlardan body-art ve beden performanslar\u0131na, siber-cinsellik, &#8220;t\u00fcp bebek&#8221; y\u00f6ntemleri ve protezlere dek \u00e7e\u015fitli \u00f6rnekleri s\u00fcr\u00fckleyici bir dille ve k\u0131smen distopik bir bak\u0131\u015f a\u00e7\u0131s\u0131yla ele al\u0131yor. Bireyin sahip oldu\u011fu beden co\u011frafyas\u0131nda kendi duygu ve d\u00fc\u015f\u00fcnceleriyle gezindi\u011fi, kusurlu veyahut eksik de olsa onun imk\u00e2nlar\u0131n\u0131 kulland\u0131\u011f\u0131 mevcut realitenin kar\u015f\u0131s\u0131na, bedensiz ya\u015fama \u00f6zlem fenomenini koyuyor.<\/p>\n","protected":false},"excerpt":{"rendered":"<p>Dinlerin ve ideolojilerin a\u015fa\u011f\u0131lad\u0131\u011f\u0131, &#8220;kirli&#8221;, &#8220;ahlaks\u0131z&#8221; g\u00f6rd\u00fc\u011f\u00fc, y\u0131pranabilir, sakatlanabilir, yaralanabilir ve \u00f6lebilir &#8220;beden&#8221;den kurtulma d\u00fc\u015f\u00fcncesi, yaln\u0131zca bedenle ruhu birbirinden ay\u0131ran felsefenin ve teolojinin de\u011fil, b\u00fct\u00fcn insanl\u0131\u011f\u0131n<span class=\"excerpt-hellip\"> [\u2026]<\/span><\/p>\n","protected":false},"featured_media":0,"template":"","meta":{"_monsterinsights_skip_tracking":false,"_monsterinsights_sitenote_active":false,"_monsterinsights_sitenote_note":"","_monsterinsights_sitenote_category":0},"product_brand":[],"product_cat":[14787,13488],"product_tag":[],"class_list":{"0":"post-707732","1":"product","2":"type-product","3":"status-publish","5":"product_cat-diger-toplum-ve-insan","6":"product_cat-toplum-ve-insan","7":"pa_cilt-ciltsiz","8":"pa_tur-kitap","9":"pa_yayinevi-sel-yayincilik","10":"pa_yazar-david-le-breton","12":"first","13":"instock","14":"sale","15":"shipping-taxable","16":"purchasable","17":"product-type-simple"},"_links":{"self":[{"href":"https:\/\/roveyayinevi.com.tr\/index.php\/wp-json\/wp\/v2\/product\/707732","targetHints":{"allow":["GET"]}}],"collection":[{"href":"https:\/\/roveyayinevi.com.tr\/index.php\/wp-json\/wp\/v2\/product"}],"about":[{"href":"https:\/\/roveyayinevi.com.tr\/index.php\/wp-json\/wp\/v2\/types\/product"}],"wp:attachment":[{"href":"https:\/\/roveyayinevi.com.tr\/index.php\/wp-json\/wp\/v2\/media?parent=707732"}],"wp:term":[{"taxonomy":"product_brand","embeddable":true,"href":"https:\/\/roveyayinevi.com.tr\/index.php\/wp-json\/wp\/v2\/product_brand?post=707732"},{"taxonomy":"product_cat","embeddable":true,"href":"https:\/\/roveyayinevi.com.tr\/index.php\/wp-json\/wp\/v2\/product_cat?post=707732"},{"taxonomy":"product_tag","embeddable":true,"href":"https:\/\/roveyayinevi.com.tr\/index.php\/wp-json\/wp\/v2\/product_tag?post=707732"}],"curies":[{"name":"wp","href":"https:\/\/api.w.org\/{rel}","templated":true}]}}