{"id":707730,"date":"2025-08-27T16:08:38","date_gmt":"2025-08-27T13:08:38","guid":{"rendered":"https:\/\/roveyayinevi.com.tr\/index.php\/urun\/ya-sanat-ya-hayat\/"},"modified":"2026-04-16T02:16:23","modified_gmt":"2026-04-15T23:16:23","slug":"ya-sanat-ya-hayat","status":"publish","type":"product","link":"https:\/\/roveyayinevi.com.tr\/index.php\/urun\/ya-sanat-ya-hayat\/","title":{"rendered":"Ya Sanat Ya Hayat"},"content":{"rendered":"<p>Sanat ve edebiyat filozofu Tzvetan Todorov, bir sanat eserinin iletti\u011fi mesaj ile yarat\u0131c\u0131s\u0131n\u0131n hayat tarz\u0131 ve g\u00fcndelik ya\u015fam\u0131 aras\u0131ndaki ili\u015fkiyi irdeleyerek, \u00e7o\u011fu zaman unutulan basit ve temel ger\u00e7e\u011fi, sanat\u00e7\u0131n\u0131n da hayatla kurdu\u011fu ba\u011f\u0131n s\u0131radanl\u0131\u011f\u0131n\u0131 son derece yal\u0131n ve berrak  bir dille hat\u0131rlat\u0131yor. Hepimiz gibi &#8220;ge\u00e7inmek i\u00e7in&#8221; eser \u00fcretmek zorunda olan sanat\u00e7\u0131n\u0131n g\u00fcndelik ya\u015famla ili\u015fkisini b\u00fcy\u00fck ressam Rembrandt \u00f6rne\u011fini ele alarak aktaran Todorov, gerek ressam\u0131n tablo ve grav\u00fcrlerinden bize uzanan insani de\u011ferleri gerekse s\u0131radan bir hayat s\u00fcren bu ki\u015finin e\u015fleri, \u00e7ocuklar\u0131, yak\u0131nlar\u0131 ve kom\u015fular\u0131yla ili\u015fkisini g\u00f6zler \u00f6n\u00fcne seriyor. Ya Sanat Ya Hayat, asl\u0131nda eserin de sanat\u00e7\u0131n\u0131n da ayn\u0131 hayat\u0131n i\u00e7inden beslenerek kar\u015f\u0131m\u0131za \u00e7\u0131kt\u0131\u011f\u0131n\u0131 g\u00f6sterirken ikilemi tersine \u00e7eviriyor: Hem sanat hem hayat!<\/p>\n","protected":false},"excerpt":{"rendered":"<p>Sanat ve edebiyat filozofu Tzvetan Todorov, bir sanat eserinin iletti\u011fi mesaj ile yarat\u0131c\u0131s\u0131n\u0131n hayat tarz\u0131 ve g\u00fcndelik ya\u015fam\u0131 aras\u0131ndaki ili\u015fkiyi irdeleyerek, \u00e7o\u011fu zaman unutulan basit ve<span class=\"excerpt-hellip\"> [\u2026]<\/span><\/p>\n","protected":false},"featured_media":0,"template":"","meta":{"_monsterinsights_skip_tracking":false,"_monsterinsights_sitenote_active":false,"_monsterinsights_sitenote_note":"","_monsterinsights_sitenote_category":0},"product_brand":[],"product_cat":[12408],"product_tag":[],"class_list":{"0":"post-707730","1":"product","2":"type-product","3":"status-publish","5":"product_cat-sanat","6":"pa_cilt-ciltsiz","7":"pa_tur-kitap","8":"pa_yayinevi-sel-yayincilik","9":"pa_yazar-tzvetan-todorov","11":"first","12":"instock","13":"sale","14":"shipping-taxable","15":"purchasable","16":"product-type-simple"},"_links":{"self":[{"href":"https:\/\/roveyayinevi.com.tr\/index.php\/wp-json\/wp\/v2\/product\/707730","targetHints":{"allow":["GET"]}}],"collection":[{"href":"https:\/\/roveyayinevi.com.tr\/index.php\/wp-json\/wp\/v2\/product"}],"about":[{"href":"https:\/\/roveyayinevi.com.tr\/index.php\/wp-json\/wp\/v2\/types\/product"}],"wp:attachment":[{"href":"https:\/\/roveyayinevi.com.tr\/index.php\/wp-json\/wp\/v2\/media?parent=707730"}],"wp:term":[{"taxonomy":"product_brand","embeddable":true,"href":"https:\/\/roveyayinevi.com.tr\/index.php\/wp-json\/wp\/v2\/product_brand?post=707730"},{"taxonomy":"product_cat","embeddable":true,"href":"https:\/\/roveyayinevi.com.tr\/index.php\/wp-json\/wp\/v2\/product_cat?post=707730"},{"taxonomy":"product_tag","embeddable":true,"href":"https:\/\/roveyayinevi.com.tr\/index.php\/wp-json\/wp\/v2\/product_tag?post=707730"}],"curies":[{"name":"wp","href":"https:\/\/api.w.org\/{rel}","templated":true}]}}