{"id":707729,"date":"2025-08-27T16:08:37","date_gmt":"2025-08-27T13:08:37","guid":{"rendered":"https:\/\/roveyayinevi.com.tr\/index.php\/urun\/ses-delisi\/"},"modified":"2026-04-16T02:16:23","modified_gmt":"2026-04-15T23:16:23","slug":"ses-delisi","status":"publish","type":"product","link":"https:\/\/roveyayinevi.com.tr\/index.php\/urun\/ses-delisi\/","title":{"rendered":"Ses Delisi"},"content":{"rendered":"<p>\u0130mmidaaat! Kurttar\u0131\u0131n!! Canavar pe\u015fimde\u2026Karanl\u0131k\u2026 bodrumSuda bo\u011facak\u2026 geliyooooo\u2026\u0130\u00e7 kapa\u011f\u0131na titrek bir el yaz\u0131s\u0131yla yukar\u0131daki sat\u0131rlar\u0131n karaland\u0131\u011f\u0131 esrarengiz kitab\u0131n s\u0131rr\u0131 ne? Son sat\u0131r\u0131n hemen yan\u0131nda yer alan k\u0131rm\u0131z\u0131 leke de neyin nesi? Mete\u2019nin sahafta buldu\u011fu bu kitap nereden gelmi\u015f olabilir? Kim, neden yard\u0131m istiyor? Bu bir oyun mu, yoksa birilerinin hayat\u0131 ger\u00e7ekten tehlikede mi?\u201cS\u00fcper \u00c7ocuklar\u201d yepyeni bir macera ile geri d\u00f6n\u00fcyor. \u00dcstelik bu kez kar\u015f\u0131lar\u0131nda mis kokulu bir bilmece var\u2026 Bu yeni ser\u00fcvene Tuna\u2019n\u0131n yetene\u011fi damga vuruyor. Kimselerin duyamad\u0131\u011f\u0131 sesleri i\u015fitti\u011fini fark eden Tuna, sahaf\u0131n gizledi\u011fi s\u0131rr\u0131 a\u00e7\u0131\u011fa \u00e7\u0131kar\u0131yor. Asya \u2018Renk Delisi\u2019 olarak an\u0131lmaya ba\u015flam\u0131\u015fken Tuna da bir anda \u2018Ses Delisi\u2019ne d\u00f6n\u00fc\u015f\u00fcyor. Peki, Mete kendi yetene\u011fini ne zaman ke\u015ffedecek acaba? Kim bilir, belki onda da ola\u011fan\u00fcst\u00fc bir dedektiflik yetene\u011fi vard\u0131r\u2026Hastane, postane, pastane\u2026 \u201cS\u00fcper \u00c7ocuklar\u201d\u0131n kafas\u0131 bir hayli kar\u0131\u015f\u0131k. Nefes nefese pedal \u00e7evirdikleri bu zorlu m\u00fccadelede hangi soka\u011fa y\u00f6neleceklerine bir t\u00fcrl\u00fc karar veremiyorlar. Ahh, ke\u015fke Tuna sesleri biraz daha iyi alg\u0131layabilseydi! Macera maceray\u0131 kovalarken kar\u015f\u0131lar\u0131na \u00e7\u0131kan kilitli bir kap\u0131n\u0131n ard\u0131ndan sesler duyuluyor, girdikleri binan\u0131n bodrum kat\u0131ndan sular y\u00fckseliyor ve kulland\u0131klar\u0131 bisikletler ortadan yok oluyor. Gizem doruk noktas\u0131na t\u0131rman\u0131rken kapana s\u0131k\u0131\u015fan kahramanlar\u0131m\u0131z\u0131n imdad\u0131na arkada\u015flar\u0131 Melis yeti\u015fiyor. Burunlar\u0131na gelen o muhte\u015fem koku da ne? Hem de kar\u0131nlar\u0131 zil \u00e7alarken\u2026 Sonuca bu kadar yakla\u015fm\u0131\u015fken olacak \u015fey de\u011fil\u2026 Durmak yok. \u201cS\u00fcper \u00c7ocuklar\u201d g\u00f6rev ba\u015f\u0131na!Ses Delisi, y\u00fcz binlerce \u00e7ocu\u011fa ula\u015fmay\u0131 ba\u015faran \u201cS\u00fcper Gazeteciler\u201d serisinin sevilen yazar\u0131 Ayt\u00fcl Akal\u2019dan duyular ve farkl\u0131.<\/p>\n","protected":false},"excerpt":{"rendered":"<p>\u0130mmidaaat! Kurttar\u0131\u0131n!! Canavar pe\u015fimde\u2026Karanl\u0131k\u2026 bodrumSuda bo\u011facak\u2026 geliyooooo\u2026\u0130\u00e7 kapa\u011f\u0131na titrek bir el yaz\u0131s\u0131yla yukar\u0131daki sat\u0131rlar\u0131n karaland\u0131\u011f\u0131 esrarengiz kitab\u0131n s\u0131rr\u0131 ne? Son sat\u0131r\u0131n hemen yan\u0131nda yer alan k\u0131rm\u0131z\u0131<span class=\"excerpt-hellip\"> [\u2026]<\/span><\/p>\n","protected":false},"featured_media":0,"template":"","meta":{"_monsterinsights_skip_tracking":false,"_monsterinsights_sitenote_active":false,"_monsterinsights_sitenote_note":"","_monsterinsights_sitenote_category":0},"product_brand":[],"product_cat":[12275,12274],"product_tag":[],"class_list":{"0":"post-707729","1":"product","2":"type-product","3":"status-publish","5":"product_cat-6-12-yas-kitaplari","6":"product_cat-cocuk-ve-genclik-kitaplari","7":"pa_cilt-ciltsiz","8":"pa_tur-kitap","9":"pa_yayinevi-tudem-yayinlari","10":"pa_yazar-aytul-akal","12":"first","13":"instock","14":"sale","15":"shipping-taxable","16":"purchasable","17":"product-type-simple"},"_links":{"self":[{"href":"https:\/\/roveyayinevi.com.tr\/index.php\/wp-json\/wp\/v2\/product\/707729","targetHints":{"allow":["GET"]}}],"collection":[{"href":"https:\/\/roveyayinevi.com.tr\/index.php\/wp-json\/wp\/v2\/product"}],"about":[{"href":"https:\/\/roveyayinevi.com.tr\/index.php\/wp-json\/wp\/v2\/types\/product"}],"wp:attachment":[{"href":"https:\/\/roveyayinevi.com.tr\/index.php\/wp-json\/wp\/v2\/media?parent=707729"}],"wp:term":[{"taxonomy":"product_brand","embeddable":true,"href":"https:\/\/roveyayinevi.com.tr\/index.php\/wp-json\/wp\/v2\/product_brand?post=707729"},{"taxonomy":"product_cat","embeddable":true,"href":"https:\/\/roveyayinevi.com.tr\/index.php\/wp-json\/wp\/v2\/product_cat?post=707729"},{"taxonomy":"product_tag","embeddable":true,"href":"https:\/\/roveyayinevi.com.tr\/index.php\/wp-json\/wp\/v2\/product_tag?post=707729"}],"curies":[{"name":"wp","href":"https:\/\/api.w.org\/{rel}","templated":true}]}}