{"id":707728,"date":"2025-08-27T16:08:37","date_gmt":"2025-08-27T13:08:37","guid":{"rendered":"https:\/\/roveyayinevi.com.tr\/index.php\/urun\/iran-kulturu\/"},"modified":"2026-04-16T02:16:23","modified_gmt":"2026-04-15T23:16:23","slug":"iran-kulturu","status":"publish","type":"product","link":"https:\/\/roveyayinevi.com.tr\/index.php\/urun\/iran-kulturu\/","title":{"rendered":"\u0130ran K\u00fclt\u00fcr\u00fc"},"content":{"rendered":"<p>\u0130ran peygamberi Zerd\u00fc\u015ft ve \u00f6\u011fretisi ve Onun kutsal kitab\u0131 Avesta; Fars mitolojisi, kutsallar\u0131, imgeleri ve t\u00f6renleri; eski \u0130ran\u2019da dinler ve dinsel inan\u0131\u015flar; \u0130ran dilleri ve Fars\u00e7an\u0131n gramerinin tarihi seyri; \u00f6\u011f\u00fct edebiyat\u0131; hapis \u015fiirleri; Fars edebiyat\u0131nda tasavvuf konulu kahramanl\u0131k anlat\u0131lar\u0131; \u0130sl\u00e2m sonras\u0131 d\u00f6nemde Fars dili ve edebiyat\u0131n\u0131n \u00f6nde gelen klasik \u00e7a\u011f \u015fairleri, yazarlar\u0131 ve edeb\u00ee \u00fcr\u00fcnleri; Fars edebiyat\u0131 tarihinde \u00e7ocuk edebiyat\u0131\u2026 Ara\u015ft\u0131rmalar\u0131yla ulusal ve uluslararas\u0131 tan\u0131n\u0131rl\u0131\u011fa sahip Prof. Dr. Nimet Y\u0131ld\u0131r\u0131m, bu eserinde \u0130ran K\u00fclt\u00fcr\u00fc\u2019n\u00fcn s\u00f6zl\u00fc ve yaz\u0131l\u0131 kaynaklar\u0131 \u00fczerine de\u011ferlendirmelerini bir arada sunuyor. Y\u0131ld\u0131r\u0131m, analizlerini sadece klasik tarihsel fig\u00fcrlerle s\u0131n\u0131rland\u0131rm\u0131yor, ayn\u0131 zamanda modern \u00e7a\u011f\u0131n \u00fcnl\u00fc s\u00f6z ustalar\u0131na ve yeni Fars \u015fiirinin kurucular\u0131na kadar geni\u015fletiyor.<\/p>\n","protected":false},"excerpt":{"rendered":"<p>\u0130ran peygamberi Zerd\u00fc\u015ft ve \u00f6\u011fretisi ve Onun kutsal kitab\u0131 Avesta; Fars mitolojisi, kutsallar\u0131, imgeleri ve t\u00f6renleri; eski \u0130ran\u2019da dinler ve dinsel inan\u0131\u015flar; \u0130ran dilleri ve Fars\u00e7an\u0131n<span class=\"excerpt-hellip\"> [\u2026]<\/span><\/p>\n","protected":false},"featured_media":0,"template":"","meta":{"_monsterinsights_skip_tracking":false,"_monsterinsights_sitenote_active":false,"_monsterinsights_sitenote_note":"","_monsterinsights_sitenote_category":0},"product_brand":[],"product_cat":[12370,12304],"product_tag":[],"class_list":{"0":"post-707728","1":"product","2":"type-product","3":"status-publish","5":"product_cat-arastirma-inceleme","6":"product_cat-tarih","7":"pa_cilt-ciltsiz","8":"pa_tur-kitap","9":"pa_yayinevi-pinhan-yayincilik","10":"pa_yazar-nimet-yildirim","12":"first","13":"instock","14":"sale","15":"shipping-taxable","16":"purchasable","17":"product-type-simple"},"_links":{"self":[{"href":"https:\/\/roveyayinevi.com.tr\/index.php\/wp-json\/wp\/v2\/product\/707728","targetHints":{"allow":["GET"]}}],"collection":[{"href":"https:\/\/roveyayinevi.com.tr\/index.php\/wp-json\/wp\/v2\/product"}],"about":[{"href":"https:\/\/roveyayinevi.com.tr\/index.php\/wp-json\/wp\/v2\/types\/product"}],"wp:attachment":[{"href":"https:\/\/roveyayinevi.com.tr\/index.php\/wp-json\/wp\/v2\/media?parent=707728"}],"wp:term":[{"taxonomy":"product_brand","embeddable":true,"href":"https:\/\/roveyayinevi.com.tr\/index.php\/wp-json\/wp\/v2\/product_brand?post=707728"},{"taxonomy":"product_cat","embeddable":true,"href":"https:\/\/roveyayinevi.com.tr\/index.php\/wp-json\/wp\/v2\/product_cat?post=707728"},{"taxonomy":"product_tag","embeddable":true,"href":"https:\/\/roveyayinevi.com.tr\/index.php\/wp-json\/wp\/v2\/product_tag?post=707728"}],"curies":[{"name":"wp","href":"https:\/\/api.w.org\/{rel}","templated":true}]}}