{"id":707724,"date":"2025-08-27T16:08:35","date_gmt":"2025-08-27T13:08:35","guid":{"rendered":"https:\/\/roveyayinevi.com.tr\/index.php\/urun\/cok-kotu-bir-sey-oldu\/"},"modified":"2026-04-16T02:16:23","modified_gmt":"2026-04-15T23:16:23","slug":"cok-kotu-bir-sey-oldu","status":"publish","type":"product","link":"https:\/\/roveyayinevi.com.tr\/index.php\/urun\/cok-kotu-bir-sey-oldu\/","title":{"rendered":"\u00c7ok K\u00f6t\u00fc Bir \u015eey Oldu"},"content":{"rendered":"<p>Sherman \u00e7ok k\u00f6t\u00fc bir \u015feye \u015fahit oldu. Bu kadar k\u00f6t\u00fc bir \u015fey ya\u015famak onu fazlas\u0131yla korkutmu\u015ftu. \u0130lk ba\u015flarda ya\u015fad\u0131\u011f\u0131 olay\u0131 unutmaya \u00e7al\u0131\u015ft\u0131 ama i\u00e7inde bir \u015fey onu s\u00fcrekli rahats\u0131z ediyordu. Kendini \u00fczg\u00fcn, bazen de \u00f6fkeli hissediyor ve v\u00fccudunda anlam veremedi\u011fi a\u011fr\u0131lar oluyordu. En k\u00f6t\u00fcs\u00fc de t\u00fcm bunlar\u0131n sebebini bilmemesiydi. Derken ya\u015fad\u0131\u011f\u0131 bu k\u00f6t\u00fc \u015feyi konu\u015fabilece\u011fi biriyle tan\u0131\u015ft\u0131. Sonras\u0131nda Sherman kendini \u00e7ok daha iyi hissetmeye ba\u015flad\u0131.Sherman\u2019\u0131n hikayesi \u00e7ocuklar\u0131n ya\u015fad\u0131\u011f\u0131 travmatik olaylar\u0131n, onlar\u0131n su\u00e7u olmad\u0131\u011f\u0131n\u0131 fark etmelerini sa\u011fl\u0131yor. Bu olumsuz deneyimleri, ebeveynleriyle veya yak\u0131n hissettikleri yeti\u015fkinlerle konu\u015fabilmeleri konusunda \u00e7ocuklar\u0131 cesaretlendiriyor. Duygular\u0131n\u0131n normal oldu\u011funu anlamalar\u0131na yard\u0131mc\u0131 oluyor.Ebeveynler i\u00e7in haz\u0131rlanm\u0131\u015f rehberde, travmatize olmu\u015f \u00e7ocuklara nas\u0131l yakla\u015f\u0131laca\u011f\u0131, nas\u0131l destek olunaca\u011f\u0131 ve onlarla nas\u0131l ileti\u015fim kurulaca\u011f\u0131 konusunda bilgiler yer al\u0131yor.<\/p>\n","protected":false},"excerpt":{"rendered":"<p>Sherman \u00e7ok k\u00f6t\u00fc bir \u015feye \u015fahit oldu. Bu kadar k\u00f6t\u00fc bir \u015fey ya\u015famak onu fazlas\u0131yla korkutmu\u015ftu. \u0130lk ba\u015flarda ya\u015fad\u0131\u011f\u0131 olay\u0131 unutmaya \u00e7al\u0131\u015ft\u0131 ama i\u00e7inde bir \u015fey<span class=\"excerpt-hellip\"> [\u2026]<\/span><\/p>\n","protected":false},"featured_media":0,"template":"","meta":{"_monsterinsights_skip_tracking":false,"_monsterinsights_sitenote_active":false,"_monsterinsights_sitenote_note":"","_monsterinsights_sitenote_category":0},"product_brand":[],"product_cat":[12274,12284],"product_tag":[],"class_list":{"0":"post-707724","1":"product","2":"type-product","3":"status-publish","5":"product_cat-cocuk-ve-genclik-kitaplari","6":"product_cat-hikayeler","7":"pa_cilt-ciltsiz","8":"pa_tur-kitap","9":"pa_yayinevi-okuyan-koala","10":"pa_yazar-margaret-m-holmes","12":"first","13":"instock","14":"sale","15":"shipping-taxable","16":"purchasable","17":"product-type-simple"},"_links":{"self":[{"href":"https:\/\/roveyayinevi.com.tr\/index.php\/wp-json\/wp\/v2\/product\/707724","targetHints":{"allow":["GET"]}}],"collection":[{"href":"https:\/\/roveyayinevi.com.tr\/index.php\/wp-json\/wp\/v2\/product"}],"about":[{"href":"https:\/\/roveyayinevi.com.tr\/index.php\/wp-json\/wp\/v2\/types\/product"}],"wp:attachment":[{"href":"https:\/\/roveyayinevi.com.tr\/index.php\/wp-json\/wp\/v2\/media?parent=707724"}],"wp:term":[{"taxonomy":"product_brand","embeddable":true,"href":"https:\/\/roveyayinevi.com.tr\/index.php\/wp-json\/wp\/v2\/product_brand?post=707724"},{"taxonomy":"product_cat","embeddable":true,"href":"https:\/\/roveyayinevi.com.tr\/index.php\/wp-json\/wp\/v2\/product_cat?post=707724"},{"taxonomy":"product_tag","embeddable":true,"href":"https:\/\/roveyayinevi.com.tr\/index.php\/wp-json\/wp\/v2\/product_tag?post=707724"}],"curies":[{"name":"wp","href":"https:\/\/api.w.org\/{rel}","templated":true}]}}