{"id":707723,"date":"2025-08-27T16:08:34","date_gmt":"2025-08-27T13:08:34","guid":{"rendered":"https:\/\/roveyayinevi.com.tr\/index.php\/urun\/ask-olsun\/"},"modified":"2026-04-16T02:16:23","modified_gmt":"2026-04-15T23:16:23","slug":"ask-olsun","status":"publish","type":"product","link":"https:\/\/roveyayinevi.com.tr\/index.php\/urun\/ask-olsun\/","title":{"rendered":"A\u015fk Olsun"},"content":{"rendered":"<p>Plazadaki parlak kariyerini b\u0131rak\u0131p \u00e7o\u011funluk kanaatine g\u00f6re &#8220;d\u00fc\u015fey&#8221; bir transferle kafede \u00e7al\u0131\u015fmaya ba\u015flayan ve bu hamlesiyle belki de pek \u00e7ok ki\u015finin akl\u0131ndan ge\u00e7irip, hayata ge\u00e7iremedi\u011fini ba\u015faran Fulsen T\u00fcrker, birinci kitab\u0131 Garson ve Mutlu&#8217;nun ard\u0131ndan \u015fimdi de A\u015fk Olsun&#8217;da hikayesini anlatmaya devam ediyor &#8230;Bir \u015fehri b\u0131rak\u0131p ba\u015fka bir \u015fehre g\u00f6\u00e7mek, a\u015f\u0131k olmak gibi bir \u015feydi. Sadece g\u00f6\u00e7mek de de\u011fil; yedi\u011fimiz, i\u00e7ti\u011fimiz, seyretti\u011fimiz her \u015feyin ama her \u015feyin \u00f6z\u00fc a\u015fkt\u0131. Do\u011fada pazartesi, per\u015fembe ve cuma yoktu; onlar\u0131 biz uydurduk. Ama k\u0131\u015f vard\u0131, bahar vard\u0131. Do\u011fam\u0131zda a\u015fk vard\u0131. Hayattaki her \u015fey a\u015fka benziyordu.Buras\u0131 Dat\u00e7a!Yol \u00fczerinde ge\u00e7erken u\u011franabilecek bir kasaba de\u011fil, son durak &#8230;Prototip insan hayat\u0131nda mutlu son &#8230; Ege sahilinde sakin bir hayat!<\/p>\n","protected":false},"excerpt":{"rendered":"<p>Plazadaki parlak kariyerini b\u0131rak\u0131p \u00e7o\u011funluk kanaatine g\u00f6re &#8220;d\u00fc\u015fey&#8221; bir transferle kafede \u00e7al\u0131\u015fmaya ba\u015flayan ve bu hamlesiyle belki de pek \u00e7ok ki\u015finin akl\u0131ndan ge\u00e7irip, hayata ge\u00e7iremedi\u011fini ba\u015faran<span class=\"excerpt-hellip\"> [\u2026]<\/span><\/p>\n","protected":false},"featured_media":0,"template":"","meta":{"_monsterinsights_skip_tracking":false,"_monsterinsights_sitenote_active":false,"_monsterinsights_sitenote_note":"","_monsterinsights_sitenote_category":0},"product_brand":[],"product_cat":[12291,12292],"product_tag":[],"class_list":{"0":"post-707723","1":"product","2":"type-product","3":"status-publish","5":"product_cat-edebiyat","6":"product_cat-turk-edebiyati","7":"pa_cilt-ciltsiz","8":"pa_tur-kitap","9":"pa_yayinevi-okuyan-us-yayin","10":"pa_yazar-fulsen-turker","12":"first","13":"instock","14":"sale","15":"shipping-taxable","16":"purchasable","17":"product-type-simple"},"_links":{"self":[{"href":"https:\/\/roveyayinevi.com.tr\/index.php\/wp-json\/wp\/v2\/product\/707723","targetHints":{"allow":["GET"]}}],"collection":[{"href":"https:\/\/roveyayinevi.com.tr\/index.php\/wp-json\/wp\/v2\/product"}],"about":[{"href":"https:\/\/roveyayinevi.com.tr\/index.php\/wp-json\/wp\/v2\/types\/product"}],"wp:attachment":[{"href":"https:\/\/roveyayinevi.com.tr\/index.php\/wp-json\/wp\/v2\/media?parent=707723"}],"wp:term":[{"taxonomy":"product_brand","embeddable":true,"href":"https:\/\/roveyayinevi.com.tr\/index.php\/wp-json\/wp\/v2\/product_brand?post=707723"},{"taxonomy":"product_cat","embeddable":true,"href":"https:\/\/roveyayinevi.com.tr\/index.php\/wp-json\/wp\/v2\/product_cat?post=707723"},{"taxonomy":"product_tag","embeddable":true,"href":"https:\/\/roveyayinevi.com.tr\/index.php\/wp-json\/wp\/v2\/product_tag?post=707723"}],"curies":[{"name":"wp","href":"https:\/\/api.w.org\/{rel}","templated":true}]}}