{"id":707721,"date":"2025-08-27T16:08:33","date_gmt":"2025-08-27T13:08:33","guid":{"rendered":"https:\/\/roveyayinevi.com.tr\/index.php\/urun\/gizli-isler-tayfasi-3-golgeyi-kurtarma-operasyonu\/"},"modified":"2026-04-16T02:16:23","modified_gmt":"2026-04-15T23:16:23","slug":"gizli-isler-tayfasi-3-golgeyi-kurtarma-operasyonu","status":"publish","type":"product","link":"https:\/\/roveyayinevi.com.tr\/index.php\/urun\/gizli-isler-tayfasi-3-golgeyi-kurtarma-operasyonu\/","title":{"rendered":"Gizli \u0130\u015fler Tayfas\u0131-3: G\u00f6lge&#8217;yi Kurtarma Operasyonu"},"content":{"rendered":"<p>Tayfay\u0131 hat\u0131rlad\u0131n m\u0131? Hani ortal\u0131kta f\u0131rt\u0131na gibi esen, kitaplar\u0131n kurdu olan, susam canavar\u0131 gibi davranan, devaml\u0131 numaralar \u00e7eviren \u00e7ocuklar\u0131n kurdu\u011fu gizemli grup&#8230; Sak\u0131n bizim sevimsiz ve haylaz \u00e7ocuklar oldu\u011fumuzu d\u00fc\u015f\u00fcnmeyin. Biz sadece maceray\u0131 ve gizemli olaylar\u0131 \u00e7ok seviyorum o kadar !Ve yine \u00e7ook gizli i\u015fler pe\u015findeyiz&#8230; \u015eimdi ki g\u00f6revimiz &#8216;G\u00f6lge&#8217;yi bulmak.&#8217; Akl\u0131nda deli sorular dola\u015fmaya ba\u015flad\u0131ysa hii\u00e7 bo\u015funa yorulma ! Sende kat\u0131l tayfaya, ortak ol bu heyecanl\u0131 maceraya !Hadi yumruklar\u0131m\u0131z\u0131 \u00fcst \u00fcste koyal\u0131m ve gizli s\u00f6zleri f\u0131s\u0131ldayal\u0131m:Kaplumba\u011falar Brokoli Sevmez.Gizli \u0130\u015fler Tayfas\u0131n\u0131 Kimse Ye-ne-mez !<\/p>\n","protected":false},"excerpt":{"rendered":"<p>Tayfay\u0131 hat\u0131rlad\u0131n m\u0131? Hani ortal\u0131kta f\u0131rt\u0131na gibi esen, kitaplar\u0131n kurdu olan, susam canavar\u0131 gibi davranan, devaml\u0131 numaralar \u00e7eviren \u00e7ocuklar\u0131n kurdu\u011fu gizemli grup&#8230; Sak\u0131n bizim sevimsiz ve<span class=\"excerpt-hellip\"> [\u2026]<\/span><\/p>\n","protected":false},"featured_media":0,"template":"","meta":{"_monsterinsights_skip_tracking":false,"_monsterinsights_sitenote_active":false,"_monsterinsights_sitenote_note":"","_monsterinsights_sitenote_category":0},"product_brand":[],"product_cat":[12275,12274],"product_tag":[],"class_list":{"0":"post-707721","1":"product","2":"type-product","3":"status-publish","5":"product_cat-6-12-yas-kitaplari","6":"product_cat-cocuk-ve-genclik-kitaplari","7":"pa_cilt-ciltsiz","8":"pa_tur-kitap","9":"pa_yayinevi-nesil-cocuk-yayinlari","10":"pa_yazar-fatma-cagdas-borekci","12":"first","13":"instock","14":"sale","15":"shipping-taxable","16":"purchasable","17":"product-type-simple"},"_links":{"self":[{"href":"https:\/\/roveyayinevi.com.tr\/index.php\/wp-json\/wp\/v2\/product\/707721","targetHints":{"allow":["GET"]}}],"collection":[{"href":"https:\/\/roveyayinevi.com.tr\/index.php\/wp-json\/wp\/v2\/product"}],"about":[{"href":"https:\/\/roveyayinevi.com.tr\/index.php\/wp-json\/wp\/v2\/types\/product"}],"wp:attachment":[{"href":"https:\/\/roveyayinevi.com.tr\/index.php\/wp-json\/wp\/v2\/media?parent=707721"}],"wp:term":[{"taxonomy":"product_brand","embeddable":true,"href":"https:\/\/roveyayinevi.com.tr\/index.php\/wp-json\/wp\/v2\/product_brand?post=707721"},{"taxonomy":"product_cat","embeddable":true,"href":"https:\/\/roveyayinevi.com.tr\/index.php\/wp-json\/wp\/v2\/product_cat?post=707721"},{"taxonomy":"product_tag","embeddable":true,"href":"https:\/\/roveyayinevi.com.tr\/index.php\/wp-json\/wp\/v2\/product_tag?post=707721"}],"curies":[{"name":"wp","href":"https:\/\/api.w.org\/{rel}","templated":true}]}}