{"id":707720,"date":"2025-08-27T16:08:33","date_gmt":"2025-08-27T13:08:33","guid":{"rendered":"https:\/\/roveyayinevi.com.tr\/index.php\/urun\/tus-beyinli-3-her-sey-umurumda-ciltli\/"},"modified":"2026-04-16T02:16:23","modified_gmt":"2026-04-15T23:16:23","slug":"tus-beyinli-3-her-sey-umurumda-ciltli","status":"publish","type":"product","link":"https:\/\/roveyayinevi.com.tr\/index.php\/urun\/tus-beyinli-3-her-sey-umurumda-ciltli\/","title":{"rendered":"Tu\u015f Beyinli-3: Her \u015eey Umurumda ! (Ciltli)"},"content":{"rendered":"<p>E\u011fer ger\u00e7ektenbir tu\u015f beyinliyseniz hayat\u0131n\u0131z \u00e7ok zor demektir.\u00c7\u00fcnk\u00fc tu\u015f beyinli olmak dahi, s\u00fcper zeka, a\u015f\u0131r\u0131 ak\u0131ll\u0131 olmay\u0131 da gerektiriyor. Ve birde kimse sizi anlam\u0131yor. Kafan\u0131za g\u00f6re bir arkada\u015f bile bulam\u0131yorsunuzMesela alt kat\u0131m\u0131za ta\u015f\u0131nan ailenin \u00e7ocu\u011fuyla tan\u0131\u015fmak i\u00e7in neler yapmad\u0131m ki&#8230; Ama bazen ke\u015fke o kadar \u00e7aba g\u00f6stermeseydim diyorum. B\u00fct\u00fcn tuhaf insanlar beni mi buluyor ya hu!Ben b\u00f6yleyim i\u015fte, her \u015feryi kafama tak\u0131yorum. Galiba her \u015fey benim \u00e7ok umrumda.<\/p>\n","protected":false},"excerpt":{"rendered":"<p>E\u011fer ger\u00e7ektenbir tu\u015f beyinliyseniz hayat\u0131n\u0131z \u00e7ok zor demektir.\u00c7\u00fcnk\u00fc tu\u015f beyinli olmak dahi, s\u00fcper zeka, a\u015f\u0131r\u0131 ak\u0131ll\u0131 olmay\u0131 da gerektiriyor. Ve birde kimse sizi anlam\u0131yor. Kafan\u0131za g\u00f6re<span class=\"excerpt-hellip\"> [\u2026]<\/span><\/p>\n","protected":false},"featured_media":0,"template":"","meta":{"_monsterinsights_skip_tracking":false,"_monsterinsights_sitenote_active":false,"_monsterinsights_sitenote_note":"","_monsterinsights_sitenote_category":0},"product_brand":[],"product_cat":[12275,12274],"product_tag":[],"class_list":{"0":"post-707720","1":"product","2":"type-product","3":"status-publish","5":"product_cat-6-12-yas-kitaplari","6":"product_cat-cocuk-ve-genclik-kitaplari","7":"pa_cilt-ciltli","8":"pa_tur-kitap","9":"pa_yayinevi-nesil-genc","10":"pa_yazar-yusuf-asal","12":"first","13":"instock","14":"sale","15":"shipping-taxable","16":"purchasable","17":"product-type-simple"},"_links":{"self":[{"href":"https:\/\/roveyayinevi.com.tr\/index.php\/wp-json\/wp\/v2\/product\/707720","targetHints":{"allow":["GET"]}}],"collection":[{"href":"https:\/\/roveyayinevi.com.tr\/index.php\/wp-json\/wp\/v2\/product"}],"about":[{"href":"https:\/\/roveyayinevi.com.tr\/index.php\/wp-json\/wp\/v2\/types\/product"}],"wp:attachment":[{"href":"https:\/\/roveyayinevi.com.tr\/index.php\/wp-json\/wp\/v2\/media?parent=707720"}],"wp:term":[{"taxonomy":"product_brand","embeddable":true,"href":"https:\/\/roveyayinevi.com.tr\/index.php\/wp-json\/wp\/v2\/product_brand?post=707720"},{"taxonomy":"product_cat","embeddable":true,"href":"https:\/\/roveyayinevi.com.tr\/index.php\/wp-json\/wp\/v2\/product_cat?post=707720"},{"taxonomy":"product_tag","embeddable":true,"href":"https:\/\/roveyayinevi.com.tr\/index.php\/wp-json\/wp\/v2\/product_tag?post=707720"}],"curies":[{"name":"wp","href":"https:\/\/api.w.org\/{rel}","templated":true}]}}