{"id":707710,"date":"2025-08-27T16:08:28","date_gmt":"2025-08-27T13:08:28","guid":{"rendered":"https:\/\/roveyayinevi.com.tr\/index.php\/urun\/islem-tamam\/"},"modified":"2026-04-16T02:16:23","modified_gmt":"2026-04-15T23:16:23","slug":"islem-tamam","status":"publish","type":"product","link":"https:\/\/roveyayinevi.com.tr\/index.php\/urun\/islem-tamam\/","title":{"rendered":"\u0130\u015flem Tamam"},"content":{"rendered":"<p>\u201cMatematik \u00f6\u011frenmek yeni bir dil \u00f6\u011frenmek gibidir. O dilin g\u00fczel hikayelerine ula\u015fmak i\u00e7in az\u0131c\u0131k ustala\u015fmak gerekir. Yolun ba\u015f\u0131ndaki zahmete katlan\u0131rsan matematik sana i\u00e7indeki g\u00fczellikleri c\u00f6mert\u00e7e sunar.\u201dMatemati\u011fi sever misin? Say\u0131larla dans etmeyi, \u015fekillerle oynamay\u0131? Ya da \u015f\u00f6yle yar\u0131m sayfa uzunlu\u011fundaki bir problemi \u00e7\u00f6zebilmek i\u00e7in ayn\u0131 soruyu tekrar tekrar okumay\u0131?.. Yan\u0131t\u0131n koca bir \u201cHay\u0131r!\u201d ya da \u00fcrkek bir \u201cEvet!\u201dse bile emin ol \u015fu anda tan\u0131t\u0131m\u0131n\u0131 okudu\u011fun kitap hayat\u0131n boyunca \u00e7ok i\u015fine yarayacak. Bu durumda elde var bir\u2026Uzun y\u0131llard\u0131r pek \u00e7ok okulun okuma listesinde yer alan \u201cFen Bilimleri\u201d serisinin sevilen yazar\u0131 Toprak I\u015f\u0131k, seni say\u0131lar\u0131n karma\u015f\u0131k gibi g\u00f6r\u00fcnen ama ger\u00e7ekte hi\u00e7 de \u00f6yle olmayan d\u00fcnyas\u0131yla tan\u0131\u015ft\u0131rmak i\u00e7in \u00e7ok \u00e7al\u0131\u015ft\u0131, ara\u015ft\u0131rd\u0131 ve en sonunda her sayfas\u0131nda sana matemati\u011fin b\u00fcy\u00fcs\u00fcn\u00fc hissettirebilecek kadar iddial\u0131 (ger\u00e7ekten!) bir kitap kaleme ald\u0131: \u0130\u015flem Tamam.I\u015f\u0131k, matemati\u011fin s\u0131k\u0131c\u0131 oldu\u011funu savunanlar\u0131 \u00f6nyarg\u0131lar\u0131ndan kurtarmak ad\u0131na \u00f6zenle haz\u0131rlad\u0131\u011f\u0131 bu renkli ba\u015fvuru kitab\u0131nda, do\u011fru dille ve y\u00f6ntemle anlat\u0131lan matemati\u011fin tad\u0131ndan yenmeyece\u011fini belirtiyor. Matemati\u011fin say\u0131lardan, i\u015flemlerden ve \u015fekillerden olu\u015fan dilini ke\u015ffeden yazar, bunu \u00e7ocuklarla payla\u015fabilmek i\u00e7in mizah\u0131 kullanarak benzersiz bir anlat\u0131m sergiliyor.Temel matematik konular\u0131n\u0131 belirli bir d\u00fczen i\u00e7erisinde, sohbet tad\u0131nda sunan \u0130\u015flem Tamam, Do\u011fan Gen\u00e7soy\u2019un karikat\u00fcr esintili desenleri e\u015fli\u011finde, her sat\u0131r\u0131yla e\u011flenerek \u00f6\u011frenmenin \u00f6nemini vurguluyor. \u00d6yle ki; geometrik cisimler, say\u0131lar, a\u00e7\u0131lar ve \u015fekiller gibi matemati\u011fin omurgas\u0131n\u0131 olu\u015fturan unsurlarla ilgili b\u00f6l\u00fcmleri okurken y\u00fcz\u00fcn\u00fczden g\u00fcl\u00fcc\u00fck hi\u00e7 eksik olmuyor.O zaman ne duruyorsunuz, matematik ser\u00fcveni bir an \u00f6nce ba\u015flas\u0131n!\u00dcstelik g\u00fclmek serbest!..Elde var biir, ikii, \u00fc\u00fc\u00e7, d\u00f6rtt!<\/p>\n","protected":false},"excerpt":{"rendered":"<p>\u201cMatematik \u00f6\u011frenmek yeni bir dil \u00f6\u011frenmek gibidir. O dilin g\u00fczel hikayelerine ula\u015fmak i\u00e7in az\u0131c\u0131k ustala\u015fmak gerekir. Yolun ba\u015f\u0131ndaki zahmete katlan\u0131rsan matematik sana i\u00e7indeki g\u00fczellikleri c\u00f6mert\u00e7e sunar.\u201dMatemati\u011fi<span class=\"excerpt-hellip\"> [\u2026]<\/span><\/p>\n","protected":false},"featured_media":0,"template":"","meta":{"_monsterinsights_skip_tracking":false,"_monsterinsights_sitenote_active":false,"_monsterinsights_sitenote_note":"","_monsterinsights_sitenote_category":0},"product_brand":[],"product_cat":[12275,12274],"product_tag":[],"class_list":{"0":"post-707710","1":"product","2":"type-product","3":"status-publish","5":"product_cat-6-12-yas-kitaplari","6":"product_cat-cocuk-ve-genclik-kitaplari","7":"pa_cilt-ciltsiz","8":"pa_tur-kitap","9":"pa_yayinevi-tudem-yayinlari","10":"pa_yazar-toprak-isik","12":"first","13":"instock","14":"sale","15":"shipping-taxable","16":"purchasable","17":"product-type-simple"},"_links":{"self":[{"href":"https:\/\/roveyayinevi.com.tr\/index.php\/wp-json\/wp\/v2\/product\/707710","targetHints":{"allow":["GET"]}}],"collection":[{"href":"https:\/\/roveyayinevi.com.tr\/index.php\/wp-json\/wp\/v2\/product"}],"about":[{"href":"https:\/\/roveyayinevi.com.tr\/index.php\/wp-json\/wp\/v2\/types\/product"}],"wp:attachment":[{"href":"https:\/\/roveyayinevi.com.tr\/index.php\/wp-json\/wp\/v2\/media?parent=707710"}],"wp:term":[{"taxonomy":"product_brand","embeddable":true,"href":"https:\/\/roveyayinevi.com.tr\/index.php\/wp-json\/wp\/v2\/product_brand?post=707710"},{"taxonomy":"product_cat","embeddable":true,"href":"https:\/\/roveyayinevi.com.tr\/index.php\/wp-json\/wp\/v2\/product_cat?post=707710"},{"taxonomy":"product_tag","embeddable":true,"href":"https:\/\/roveyayinevi.com.tr\/index.php\/wp-json\/wp\/v2\/product_tag?post=707710"}],"curies":[{"name":"wp","href":"https:\/\/api.w.org\/{rel}","templated":true}]}}