{"id":707708,"date":"2025-08-27T16:08:27","date_gmt":"2025-08-27T13:08:27","guid":{"rendered":"https:\/\/roveyayinevi.com.tr\/index.php\/urun\/hastane-yonetimi-ve-organizasyon\/"},"modified":"2026-04-16T02:16:23","modified_gmt":"2026-04-15T23:16:23","slug":"hastane-yonetimi-ve-organizasyon","status":"publish","type":"product","link":"https:\/\/roveyayinevi.com.tr\/index.php\/urun\/hastane-yonetimi-ve-organizasyon\/","title":{"rendered":"Hastane Y\u00f6netimi ve Organizasyon"},"content":{"rendered":"<p>T\u00fcrkiye&#8217;de hastane y\u00f6netimi alan\u0131nda s\u0131n\u0131rl\u0131 say\u0131da yaz\u0131l\u0131 kaynak bulunmaktad\u0131r. Bu kitap ile hastane y\u00f6netiminin uygulama b\u00f6l\u00fcm\u00fcn\u00fcn anlat\u0131lmas\u0131 ama\u00e7lanm\u0131\u015ft\u0131r. Bu ama\u00e7 do\u011frultusunda, kitab\u0131n ak\u0131c\u0131 ve anla\u015f\u0131l\u0131r olmas\u0131na gayret edilmi\u015f, teorik bilgiye s\u0131n\u0131rl\u0131 olarak verilmi\u015f daha \u00e7ok fiili uygulaman\u0131n nas\u0131l oldu\u011funa yer verilmeye \u00e7al\u0131\u015f\u0131lm\u0131\u015f, hem kamu hem de \u00f6zel hastaneler hakk\u0131nda bilgi verilmi\u015ftir. Bu y\u00f6nleri ile kitap alanda ilk olma \u00f6zelli\u011fini ta\u015f\u0131maktad\u0131r. Ayr\u0131ca konu ak\u0131\u015f\u0131n\u0131n gere\u011fi olarak baz\u0131 alt ba\u015fl\u0131klara birden fazla b\u00f6l\u00fcmde yer verilmi\u015ftir.<\/p>\n","protected":false},"excerpt":{"rendered":"<p>T\u00fcrkiye&#8217;de hastane y\u00f6netimi alan\u0131nda s\u0131n\u0131rl\u0131 say\u0131da yaz\u0131l\u0131 kaynak bulunmaktad\u0131r. Bu kitap ile hastane y\u00f6netiminin uygulama b\u00f6l\u00fcm\u00fcn\u00fcn anlat\u0131lmas\u0131 ama\u00e7lanm\u0131\u015ft\u0131r. Bu ama\u00e7 do\u011frultusunda, kitab\u0131n ak\u0131c\u0131 ve anla\u015f\u0131l\u0131r olmas\u0131na<span class=\"excerpt-hellip\"> [\u2026]<\/span><\/p>\n","protected":false},"featured_media":0,"template":"","meta":{"_monsterinsights_skip_tracking":false,"_monsterinsights_sitenote_active":false,"_monsterinsights_sitenote_note":"","_monsterinsights_sitenote_category":0},"product_brand":[],"product_cat":[13043,14381],"product_tag":[],"class_list":{"0":"post-707708","1":"product","2":"type-product","3":"status-publish","5":"product_cat-ekonomi","6":"product_cat-isletme-muhasebe-maliye","7":"pa_cilt-ciltsiz","8":"pa_tur-kitap","9":"pa_yayinevi-siyasal-kitabevi-akademik-kitaplar","10":"pa_yazar-ismail-agirbas","12":"first","13":"instock","14":"sale","15":"shipping-taxable","16":"purchasable","17":"product-type-simple"},"_links":{"self":[{"href":"https:\/\/roveyayinevi.com.tr\/index.php\/wp-json\/wp\/v2\/product\/707708","targetHints":{"allow":["GET"]}}],"collection":[{"href":"https:\/\/roveyayinevi.com.tr\/index.php\/wp-json\/wp\/v2\/product"}],"about":[{"href":"https:\/\/roveyayinevi.com.tr\/index.php\/wp-json\/wp\/v2\/types\/product"}],"wp:attachment":[{"href":"https:\/\/roveyayinevi.com.tr\/index.php\/wp-json\/wp\/v2\/media?parent=707708"}],"wp:term":[{"taxonomy":"product_brand","embeddable":true,"href":"https:\/\/roveyayinevi.com.tr\/index.php\/wp-json\/wp\/v2\/product_brand?post=707708"},{"taxonomy":"product_cat","embeddable":true,"href":"https:\/\/roveyayinevi.com.tr\/index.php\/wp-json\/wp\/v2\/product_cat?post=707708"},{"taxonomy":"product_tag","embeddable":true,"href":"https:\/\/roveyayinevi.com.tr\/index.php\/wp-json\/wp\/v2\/product_tag?post=707708"}],"curies":[{"name":"wp","href":"https:\/\/api.w.org\/{rel}","templated":true}]}}