{"id":707706,"date":"2025-08-27T16:08:26","date_gmt":"2025-08-27T13:08:26","guid":{"rendered":"https:\/\/roveyayinevi.com.tr\/index.php\/urun\/psikanalizin-gelisimi\/"},"modified":"2026-04-16T02:16:23","modified_gmt":"2026-04-15T23:16:23","slug":"psikanalizin-gelisimi","status":"publish","type":"product","link":"https:\/\/roveyayinevi.com.tr\/index.php\/urun\/psikanalizin-gelisimi\/","title":{"rendered":"Psikanalizin Geli\u015fimi"},"content":{"rendered":"<p>Bu k\u0131sa metin 1922 y\u0131l\u0131nda tasarlan\u0131p 1924 y\u0131l\u0131nda yay\u0131mland\u0131. Psikanaliz, k\u0131\u015fk\u0131rt\u0131c\u0131 fikir ve eylemleriyle entelekt\u00fcel \u00e7evreleri sarsmaya devam ediyordu. Do\u011fal\u0131 50 y\u0131l bile olmam\u0131\u015ft\u0131 ancak disiplin \u00fczerine tart\u0131\u015fmalar dinmek bilmiyordu. \u0130\u015fte bu y\u00fczden Ferenczi ve Rank, hen\u00fcz ba\u015flang\u0131\u00e7 a\u015famas\u0131nda olmas\u0131na ra\u011fmen psikanalizin tarihine, kuram ve uygulama aras\u0131ndaki etkiye, terapist hasta ili\u015fkisine ve gelece\u011fe y\u00f6nelik beklentilere \u0131\u015f\u0131k tutma ihtiyac\u0131 hissetmi\u015fti.<\/p>\n","protected":false},"excerpt":{"rendered":"<p>Bu k\u0131sa metin 1922 y\u0131l\u0131nda tasarlan\u0131p 1924 y\u0131l\u0131nda yay\u0131mland\u0131. Psikanaliz, k\u0131\u015fk\u0131rt\u0131c\u0131 fikir ve eylemleriyle entelekt\u00fcel \u00e7evreleri sarsmaya devam ediyordu. Do\u011fal\u0131 50 y\u0131l bile olmam\u0131\u015ft\u0131 ancak disiplin<span class=\"excerpt-hellip\"> [\u2026]<\/span><\/p>\n","protected":false},"featured_media":0,"template":"","meta":{"_monsterinsights_skip_tracking":false,"_monsterinsights_sitenote_active":false,"_monsterinsights_sitenote_note":"","_monsterinsights_sitenote_category":0},"product_brand":[],"product_cat":[12358,12357],"product_tag":[],"class_list":{"0":"post-707706","1":"product","2":"type-product","3":"status-publish","5":"product_cat-genel-psikoloji","6":"product_cat-psikoloji","7":"pa_cilt-ciltsiz","8":"pa_tur-kitap","9":"pa_yayinevi-pinhan-yayincilik","10":"pa_yazar-sandor-ferenczi","12":"first","13":"instock","14":"sale","15":"shipping-taxable","16":"purchasable","17":"product-type-simple"},"_links":{"self":[{"href":"https:\/\/roveyayinevi.com.tr\/index.php\/wp-json\/wp\/v2\/product\/707706","targetHints":{"allow":["GET"]}}],"collection":[{"href":"https:\/\/roveyayinevi.com.tr\/index.php\/wp-json\/wp\/v2\/product"}],"about":[{"href":"https:\/\/roveyayinevi.com.tr\/index.php\/wp-json\/wp\/v2\/types\/product"}],"wp:attachment":[{"href":"https:\/\/roveyayinevi.com.tr\/index.php\/wp-json\/wp\/v2\/media?parent=707706"}],"wp:term":[{"taxonomy":"product_brand","embeddable":true,"href":"https:\/\/roveyayinevi.com.tr\/index.php\/wp-json\/wp\/v2\/product_brand?post=707706"},{"taxonomy":"product_cat","embeddable":true,"href":"https:\/\/roveyayinevi.com.tr\/index.php\/wp-json\/wp\/v2\/product_cat?post=707706"},{"taxonomy":"product_tag","embeddable":true,"href":"https:\/\/roveyayinevi.com.tr\/index.php\/wp-json\/wp\/v2\/product_tag?post=707706"}],"curies":[{"name":"wp","href":"https:\/\/api.w.org\/{rel}","templated":true}]}}