{"id":707705,"date":"2025-08-27T16:08:26","date_gmt":"2025-08-27T13:08:26","guid":{"rendered":"https:\/\/roveyayinevi.com.tr\/index.php\/urun\/kadinlar-cinsellik-ve-sevgi\/"},"modified":"2026-04-16T02:16:23","modified_gmt":"2026-04-15T23:16:23","slug":"kadinlar-cinsellik-ve-sevgi","status":"publish","type":"product","link":"https:\/\/roveyayinevi.com.tr\/index.php\/urun\/kadinlar-cinsellik-ve-sevgi\/","title":{"rendered":"Kad\u0131nlar Cinsellik ve Sevgi"},"content":{"rendered":"<p>Georg Simmel, \u00e7al\u0131\u015fmalar\u0131na konu etti\u011fi ba\u015fl\u0131ca sosyolojik kavramlar ve toplumsal ili\u015fkilerin k\u00f6kenine dair i\u015faret etti\u011fi sorunsallar ile g\u00fcn\u00fcm\u00fcz sosyolojisi ve k\u00fclt\u00fcrel ara\u015ft\u0131rmalar\u0131na katk\u0131 yapmaya devam ediyor.20. y\u00fczy\u0131l\u0131n ilk y\u0131llar\u0131nda yay\u0131mlanan Di\u015fil K\u00fclt\u00fcr, Cinsiyetler Sorununda G\u00f6reli ve Mutlak, Kur Yapma ve Sevgi ba\u015fl\u0131kl\u0131 d\u00f6rt ayr\u0131 denemesinin bir araya getirildi\u011fi bu kitapta Simmel, k\u00fclt\u00fcr\u00fc yaratan bireyler aras\u0131 etkile\u015fim bi\u00e7imlerinin metafizik temellerini Kant, Schopenhauer ve Nietzsche gibi filozoflar\u0131n d\u00fc\u015f\u00fcncelerine yapt\u0131\u011f\u0131 isabetli g\u00f6ndermelerle di\u015fil ve eril kategoriler ekseninde sorguluyor.<\/p>\n","protected":false},"excerpt":{"rendered":"<p>Georg Simmel, \u00e7al\u0131\u015fmalar\u0131na konu etti\u011fi ba\u015fl\u0131ca sosyolojik kavramlar ve toplumsal ili\u015fkilerin k\u00f6kenine dair i\u015faret etti\u011fi sorunsallar ile g\u00fcn\u00fcm\u00fcz sosyolojisi ve k\u00fclt\u00fcrel ara\u015ft\u0131rmalar\u0131na katk\u0131 yapmaya devam ediyor.20.<span class=\"excerpt-hellip\"> [\u2026]<\/span><\/p>\n","protected":false},"featured_media":0,"template":"","meta":{"_monsterinsights_skip_tracking":false,"_monsterinsights_sitenote_active":false,"_monsterinsights_sitenote_note":"","_monsterinsights_sitenote_category":0},"product_brand":[],"product_cat":[35288,13365],"product_tag":[],"class_list":{"0":"post-707705","1":"product","2":"type-product","3":"status-publish","5":"product_cat-cinsellik-saglik","6":"product_cat-saglik","7":"pa_cilt-ciltsiz","8":"pa_tur-kitap","9":"pa_yayinevi-pinhan-yayincilik","10":"pa_yazar-georg-simmel","12":"first","13":"instock","14":"sale","15":"shipping-taxable","16":"purchasable","17":"product-type-simple"},"_links":{"self":[{"href":"https:\/\/roveyayinevi.com.tr\/index.php\/wp-json\/wp\/v2\/product\/707705","targetHints":{"allow":["GET"]}}],"collection":[{"href":"https:\/\/roveyayinevi.com.tr\/index.php\/wp-json\/wp\/v2\/product"}],"about":[{"href":"https:\/\/roveyayinevi.com.tr\/index.php\/wp-json\/wp\/v2\/types\/product"}],"wp:attachment":[{"href":"https:\/\/roveyayinevi.com.tr\/index.php\/wp-json\/wp\/v2\/media?parent=707705"}],"wp:term":[{"taxonomy":"product_brand","embeddable":true,"href":"https:\/\/roveyayinevi.com.tr\/index.php\/wp-json\/wp\/v2\/product_brand?post=707705"},{"taxonomy":"product_cat","embeddable":true,"href":"https:\/\/roveyayinevi.com.tr\/index.php\/wp-json\/wp\/v2\/product_cat?post=707705"},{"taxonomy":"product_tag","embeddable":true,"href":"https:\/\/roveyayinevi.com.tr\/index.php\/wp-json\/wp\/v2\/product_tag?post=707705"}],"curies":[{"name":"wp","href":"https:\/\/api.w.org\/{rel}","templated":true}]}}