{"id":707702,"date":"2025-08-27T16:08:24","date_gmt":"2025-08-27T13:08:24","guid":{"rendered":"https:\/\/roveyayinevi.com.tr\/index.php\/urun\/ekonomide-analiz\/"},"modified":"2026-04-16T02:16:22","modified_gmt":"2026-04-15T23:16:22","slug":"ekonomide-analiz","status":"publish","type":"product","link":"https:\/\/roveyayinevi.com.tr\/index.php\/urun\/ekonomide-analiz\/","title":{"rendered":"Ekonomide Analiz"},"content":{"rendered":"<p>Dr. Mahfi E\u011filmez, ekonomiyi anlad\u0131\u011f\u0131 halde ekonomik analiz yapamamaktan \u015fik\u00e2yet edenler i\u00e7in rehber niteli\u011finde bir kitap haz\u0131rlad\u0131.Bu kitab\u0131n bir benzeri yok. Okuduk\u00e7a bir\u00e7ok \u00e7\u00f6z\u00fcm\u00fc ni\u00e7in kendi ba\u015f\u0131n\u0131za d\u00fc\u015f\u00fcnemedi\u011finize \u015fa\u015f\u0131racaks\u0131n\u0131z.\u201cEn gizlenmi\u015f \u015fey g\u00f6z\u00fcm\u00fcz\u00fcn \u00f6n\u00fcnde duran \u015feydir. Genellikle gizli yerlere bakar\u0131z ama g\u00f6z\u00fcm\u00fcz\u00fcn \u00f6n\u00fcnde durana bakmay\u0131z.\u201d Arsene Lupin\u201c\u00c7\u00f6z\u00fcm\u00fc g\u00f6sterildi\u011finde b\u00fct\u00fcn problemler \u00e7ocuk\u00e7a g\u00f6r\u00fcn\u00fcr.\u201d Sherlock Holmes <\/p>\n","protected":false},"excerpt":{"rendered":"<p>Dr. Mahfi E\u011filmez, ekonomiyi anlad\u0131\u011f\u0131 halde ekonomik analiz yapamamaktan \u015fik\u00e2yet edenler i\u00e7in rehber niteli\u011finde bir kitap haz\u0131rlad\u0131.Bu kitab\u0131n bir benzeri yok. Okuduk\u00e7a bir\u00e7ok \u00e7\u00f6z\u00fcm\u00fc ni\u00e7in kendi<span class=\"excerpt-hellip\"> [\u2026]<\/span><\/p>\n","protected":false},"featured_media":0,"template":"","meta":{"_monsterinsights_skip_tracking":false,"_monsterinsights_sitenote_active":false,"_monsterinsights_sitenote_note":"","_monsterinsights_sitenote_category":0},"product_brand":[],"product_cat":[14841,13043],"product_tag":[],"class_list":{"0":"post-707702","1":"product","2":"type-product","3":"status-publish","5":"product_cat-arastirma-inceleme-kuram","6":"product_cat-ekonomi","7":"pa_cilt-ciltsiz","8":"pa_tur-kitap","9":"pa_yayinevi-remzi-kitabevi","10":"pa_yazar-mahfi-egilmez","12":"first","13":"instock","14":"sale","15":"shipping-taxable","16":"purchasable","17":"product-type-simple"},"_links":{"self":[{"href":"https:\/\/roveyayinevi.com.tr\/index.php\/wp-json\/wp\/v2\/product\/707702","targetHints":{"allow":["GET"]}}],"collection":[{"href":"https:\/\/roveyayinevi.com.tr\/index.php\/wp-json\/wp\/v2\/product"}],"about":[{"href":"https:\/\/roveyayinevi.com.tr\/index.php\/wp-json\/wp\/v2\/types\/product"}],"wp:attachment":[{"href":"https:\/\/roveyayinevi.com.tr\/index.php\/wp-json\/wp\/v2\/media?parent=707702"}],"wp:term":[{"taxonomy":"product_brand","embeddable":true,"href":"https:\/\/roveyayinevi.com.tr\/index.php\/wp-json\/wp\/v2\/product_brand?post=707702"},{"taxonomy":"product_cat","embeddable":true,"href":"https:\/\/roveyayinevi.com.tr\/index.php\/wp-json\/wp\/v2\/product_cat?post=707702"},{"taxonomy":"product_tag","embeddable":true,"href":"https:\/\/roveyayinevi.com.tr\/index.php\/wp-json\/wp\/v2\/product_tag?post=707702"}],"curies":[{"name":"wp","href":"https:\/\/api.w.org\/{rel}","templated":true}]}}