{"id":707700,"date":"2025-08-27T16:08:24","date_gmt":"2025-08-27T13:08:24","guid":{"rendered":"https:\/\/roveyayinevi.com.tr\/index.php\/urun\/insanin-aldanisi\/"},"modified":"2026-04-16T02:16:22","modified_gmt":"2026-04-15T23:16:22","slug":"insanin-aldanisi","status":"publish","type":"product","link":"https:\/\/roveyayinevi.com.tr\/index.php\/urun\/insanin-aldanisi\/","title":{"rendered":"\u0130nsan\u0131n Aldan\u0131\u015f\u0131"},"content":{"rendered":"<p>\u015eeytana insanlar\u0131 yoldan \u00e7\u0131karma izni verilmi\u015fken d\u00fcnyan\u0131n bir aldan\u0131\u015f yurdu olmamas\u0131 m\u00fcmk\u00fcn m\u00fc? Onun i\u015fi; M\u00fcsl\u00fcman\u0131, alimi, kafiri, itaatkar\u0131, asiyi, cahili aldatmak de\u011fil mi? Bu y\u00fczden aldanma da aldananlar da t\u00fcrl\u00fc t\u00fcrl\u00fcd\u00fcr.\u0130mam Gazzali\u2019nin kaleme ald\u0131\u011f\u0131 \u0130nsan\u0131n Aldan\u0131\u015f\u0131 isimli bu eser ise aldan\u0131\u015fa d\u00fc\u015fm\u00fc\u015f kimseler i\u00e7in yaz\u0131lm\u0131\u015f bir manifesto gibidir. Gazzali, aldanan ki\u015filerden bahsederek aldanma sebeplerine de\u011finir, hangi toplumlar\u0131n aldanmakta oldu\u011funu a\u00e7\u0131klar ve aldanma tehlikesinden korunmam\u0131z i\u00e7in hastal\u0131\u011f\u0131 te\u015fhis edip tedavisinden bahseder.Do\u00e7. Dr. Osman Nuri K\u00fc\u00e7\u00fck\u2019\u00fcn takriz ve takdimi; eserin \u0130slam d\u00fc\u015f\u00fcnce gelene\u011findeki yerini, aldan\u0131\u015f\u0131n de\u011fi\u015fmeyen ve ibret al\u0131nmayan tarih ve \u00f6rneklerini g\u00f6zler \u00f6n\u00fcne serer. K\u0131sa ve anla\u015f\u0131l\u0131r a\u00e7\u0131klamalardan olu\u015fan eser ise aldan\u0131\u015fa d\u00fc\u015fmeyelim diye adeta elimizden tutup bizi aldan\u0131\u015ftan uzakla\u015ft\u0131r\u0131r.<\/p>\n","protected":false},"excerpt":{"rendered":"<p>\u015eeytana insanlar\u0131 yoldan \u00e7\u0131karma izni verilmi\u015fken d\u00fcnyan\u0131n bir aldan\u0131\u015f yurdu olmamas\u0131 m\u00fcmk\u00fcn m\u00fc? Onun i\u015fi; M\u00fcsl\u00fcman\u0131, alimi, kafiri, itaatkar\u0131, asiyi, cahili aldatmak de\u011fil mi? Bu y\u00fczden<span class=\"excerpt-hellip\"> [\u2026]<\/span><\/p>\n","protected":false},"featured_media":0,"template":"","meta":{"_monsterinsights_skip_tracking":false,"_monsterinsights_sitenote_active":false,"_monsterinsights_sitenote_note":"","_monsterinsights_sitenote_category":0},"product_brand":[],"product_cat":[12718,12719,15238],"product_tag":[],"class_list":{"0":"post-707700","1":"product","2":"type-product","3":"status-publish","5":"product_cat-din","6":"product_cat-islam","7":"product_cat-tasavvuf","8":"pa_cilt-ciltsiz","9":"pa_tur-kitap","10":"pa_yayinevi-nefes-yayincilik","11":"pa_yazar-imam-i-gazali","13":"first","14":"instock","15":"sale","16":"shipping-taxable","17":"purchasable","18":"product-type-simple"},"_links":{"self":[{"href":"https:\/\/roveyayinevi.com.tr\/index.php\/wp-json\/wp\/v2\/product\/707700","targetHints":{"allow":["GET"]}}],"collection":[{"href":"https:\/\/roveyayinevi.com.tr\/index.php\/wp-json\/wp\/v2\/product"}],"about":[{"href":"https:\/\/roveyayinevi.com.tr\/index.php\/wp-json\/wp\/v2\/types\/product"}],"wp:attachment":[{"href":"https:\/\/roveyayinevi.com.tr\/index.php\/wp-json\/wp\/v2\/media?parent=707700"}],"wp:term":[{"taxonomy":"product_brand","embeddable":true,"href":"https:\/\/roveyayinevi.com.tr\/index.php\/wp-json\/wp\/v2\/product_brand?post=707700"},{"taxonomy":"product_cat","embeddable":true,"href":"https:\/\/roveyayinevi.com.tr\/index.php\/wp-json\/wp\/v2\/product_cat?post=707700"},{"taxonomy":"product_tag","embeddable":true,"href":"https:\/\/roveyayinevi.com.tr\/index.php\/wp-json\/wp\/v2\/product_tag?post=707700"}],"curies":[{"name":"wp","href":"https:\/\/api.w.org\/{rel}","templated":true}]}}