{"id":707698,"date":"2025-08-27T16:08:23","date_gmt":"2025-08-27T13:08:23","guid":{"rendered":"https:\/\/roveyayinevi.com.tr\/index.php\/urun\/cocuk-egitimi-2\/"},"modified":"2026-04-13T02:20:46","modified_gmt":"2026-04-12T23:20:46","slug":"cocuk-egitimi-2","status":"publish","type":"product","link":"https:\/\/roveyayinevi.com.tr\/index.php\/urun\/cocuk-egitimi-2\/","title":{"rendered":"\u00c7ocuk E\u011fitimi"},"content":{"rendered":"<p>\u201cEri\u015fkin insan i\u00e7in kendini tan\u0131mak, kendi duygular\u0131n\u0131n kendi sempati ve antipatilerinin nedenlerini anlamak, k\u0131saca kendi psikolojisini kavramak hayli g\u00fc\u00e7t\u00fcr. \u00c7ocuklar\u0131 anlamak, yeterli bilgilere dayanarak onlara yol g\u00f6stermek, onlara rehberlik etmek ise bir kat daha g\u00fc\u00e7l\u00fck do\u011furur.\u201d \u00c7ocuk e\u011fitimi ile ilgilenen bir\u00e7ok uzman Alfred Adler\u2019in literat\u00fcre kazand\u0131rm\u0131\u015f oldu\u011fu \u201ca\u015fa\u011f\u0131l\u0131k kompleksi\u201d, \u201c\u00fcst\u00fcnl\u00fck e\u011filimi\u201d, \u201cdengeleme\u201d gibi kavramlardan haberdar olmakla beraber bir\u00e7ok \u00f6\u011fretmen ve anne-baba Adler\u2019in \u00e7ocuk e\u011fitimi alan\u0131ndaki ola\u011fan\u00fcst\u00fc tespit ve tavsiyeleri hakk\u0131nda yeterli bilgi sahibi de\u011fildir. Adler\u2019in kolay anla\u015f\u0131l\u0131r bir \u00fcslupla haz\u0131rlam\u0131\u015f oldu\u011fu bu e\u015fsiz yap\u0131t\u0131, \u00e7ocuk e\u011fitimine dair en yetkin g\u00f6r\u00fc\u015flerini bir arada sunuyor. \u00c7ocukta ki\u015fili\u011fin geli\u015fimi, toplumsall\u0131k duygusu ve geli\u015fiminde kar\u015f\u0131la\u015f\u0131lan engeller, a\u015fa\u011f\u0131l\u0131k kompleksinin \u00f6nlenmesi, \u00e7ocuk ve aile ili\u015fkisi, \u00e7ocu\u011fun okuldaki durumu, cinsellik e\u011fitimi ve \u00e7ocuk e\u011fitiminde yap\u0131lan temel hatalar gibi \u00f6nemli konular\u0131 a\u00e7\u0131klayan ve \u00f6rneklerle peki\u015ftiren Adler; anne ve babalardan, \u00f6\u011fretmenlere \u00e7ocuklarla ilgilenen herkes i\u00e7in uygun bir e\u011fitimin nas\u0131l olmas\u0131 gerekti\u011fini etkili bir dille anlat\u0131yor. <\/p>\n","protected":false},"excerpt":{"rendered":"<p>\u201cEri\u015fkin insan i\u00e7in kendini tan\u0131mak, kendi duygular\u0131n\u0131n kendi sempati ve antipatilerinin nedenlerini anlamak, k\u0131saca kendi psikolojisini kavramak hayli g\u00fc\u00e7t\u00fcr. \u00c7ocuklar\u0131 anlamak, yeterli bilgilere dayanarak onlara yol<span class=\"excerpt-hellip\"> [\u2026]<\/span><\/p>\n","protected":false},"featured_media":0,"template":"","meta":{"_monsterinsights_skip_tracking":false,"_monsterinsights_sitenote_active":false,"_monsterinsights_sitenote_note":"","_monsterinsights_sitenote_category":0},"product_brand":[],"product_cat":[12755,12357],"product_tag":[],"class_list":{"0":"post-707698","1":"product","2":"type-product","3":"status-publish","5":"product_cat-gelisim-psikolojisi","6":"product_cat-psikoloji","7":"pa_cilt-ciltsiz","8":"pa_tur-kitap","9":"pa_yayinevi-say-yayinlari","10":"pa_yazar-alfred-adler","12":"first","13":"instock","14":"sale","15":"shipping-taxable","16":"purchasable","17":"product-type-simple"},"_links":{"self":[{"href":"https:\/\/roveyayinevi.com.tr\/index.php\/wp-json\/wp\/v2\/product\/707698","targetHints":{"allow":["GET"]}}],"collection":[{"href":"https:\/\/roveyayinevi.com.tr\/index.php\/wp-json\/wp\/v2\/product"}],"about":[{"href":"https:\/\/roveyayinevi.com.tr\/index.php\/wp-json\/wp\/v2\/types\/product"}],"wp:attachment":[{"href":"https:\/\/roveyayinevi.com.tr\/index.php\/wp-json\/wp\/v2\/media?parent=707698"}],"wp:term":[{"taxonomy":"product_brand","embeddable":true,"href":"https:\/\/roveyayinevi.com.tr\/index.php\/wp-json\/wp\/v2\/product_brand?post=707698"},{"taxonomy":"product_cat","embeddable":true,"href":"https:\/\/roveyayinevi.com.tr\/index.php\/wp-json\/wp\/v2\/product_cat?post=707698"},{"taxonomy":"product_tag","embeddable":true,"href":"https:\/\/roveyayinevi.com.tr\/index.php\/wp-json\/wp\/v2\/product_tag?post=707698"}],"curies":[{"name":"wp","href":"https:\/\/api.w.org\/{rel}","templated":true}]}}