{"id":707697,"date":"2025-08-27T16:08:22","date_gmt":"2025-08-27T13:08:22","guid":{"rendered":"https:\/\/roveyayinevi.com.tr\/index.php\/urun\/tanrilar-gibi-olacaksiniz\/"},"modified":"2026-04-16T02:16:22","modified_gmt":"2026-04-15T23:16:22","slug":"tanrilar-gibi-olacaksiniz","status":"publish","type":"product","link":"https:\/\/roveyayinevi.com.tr\/index.php\/urun\/tanrilar-gibi-olacaksiniz\/","title":{"rendered":"Tanr\u0131lar Gibi Olacaks\u0131n\u0131z"},"content":{"rendered":"<p>Bu kitapta verilen Eski Ahit yorumu, bir radikal h\u00fcmanizm yorumudur, benim radikal h\u00fcmanizm anlay\u0131\u015f\u0131m global bir felsefeye dayanmaktad\u0131r. Bu felsefe insano\u011flunun birli\u011fini, insanlar\u0131n yeteneklerini geli\u015ftirme kapasitesini, i\u00e7sel bir uyuma ula\u015fmay\u0131 ve bar\u0131\u015f dolu bir d\u00fcnyan\u0131n kurulmas\u0131n\u0131 vurgulamaktad\u0131r. Radikal h\u00fcmanizme g\u00f6re insano\u011flunun amac\u0131 tam ba\u011f\u0131ms\u0131zl\u0131kt\u0131r. Bunun i\u00e7in kurgu ve yan\u0131lsamalardan s\u0131yr\u0131larak ger\u00e7ekli\u011fin tam olarak alg\u0131lanmas\u0131, ayr\u0131ca \u015fiddet uygulanmas\u0131na kar\u015f\u0131 da \u015f\u00fcpheci bir tav\u0131r tak\u0131n\u0131lmas\u0131 gerekmektedir. \u0130nsanl\u0131k tarihi boyunca korku yaratan \u015fiddet, insanlar\u0131n kurguyla ger\u00e7ekli\u011fi, yan\u0131lsamayla hakikati birbirine kar\u0131\u015ft\u0131rmas\u0131na neden olmu\u015ftur. Bu durum g\u00fcn\u00fcm\u00fczde de devam etmektedir; \u015fiddet, insan\u0131 \u00f6zg\u00fcrl\u00fckten uzakla\u015ft\u0131rmakta, onun mant\u0131k ve duygular\u0131n\u0131 sakatlamaktad\u0131r. \ufffc<\/p>\n","protected":false},"excerpt":{"rendered":"<p>Bu kitapta verilen Eski Ahit yorumu, bir radikal h\u00fcmanizm yorumudur, benim radikal h\u00fcmanizm anlay\u0131\u015f\u0131m global bir felsefeye dayanmaktad\u0131r. Bu felsefe insano\u011flunun birli\u011fini, insanlar\u0131n yeteneklerini geli\u015ftirme kapasitesini,<span class=\"excerpt-hellip\"> [\u2026]<\/span><\/p>\n","protected":false},"featured_media":0,"template":"","meta":{"_monsterinsights_skip_tracking":false,"_monsterinsights_sitenote_active":false,"_monsterinsights_sitenote_note":"","_monsterinsights_sitenote_category":0},"product_brand":[],"product_cat":[13772,12364],"product_tag":[],"class_list":{"0":"post-707697","1":"product","2":"type-product","3":"status-publish","5":"product_cat-basvuru-kitaplari","6":"product_cat-genel-konular","7":"pa_cilt-ciltsiz","8":"pa_tur-kitap","9":"pa_yayinevi-say-yayinlari","10":"pa_yazar-erich-fromm","12":"first","13":"instock","14":"sale","15":"shipping-taxable","16":"purchasable","17":"product-type-simple"},"_links":{"self":[{"href":"https:\/\/roveyayinevi.com.tr\/index.php\/wp-json\/wp\/v2\/product\/707697","targetHints":{"allow":["GET"]}}],"collection":[{"href":"https:\/\/roveyayinevi.com.tr\/index.php\/wp-json\/wp\/v2\/product"}],"about":[{"href":"https:\/\/roveyayinevi.com.tr\/index.php\/wp-json\/wp\/v2\/types\/product"}],"wp:attachment":[{"href":"https:\/\/roveyayinevi.com.tr\/index.php\/wp-json\/wp\/v2\/media?parent=707697"}],"wp:term":[{"taxonomy":"product_brand","embeddable":true,"href":"https:\/\/roveyayinevi.com.tr\/index.php\/wp-json\/wp\/v2\/product_brand?post=707697"},{"taxonomy":"product_cat","embeddable":true,"href":"https:\/\/roveyayinevi.com.tr\/index.php\/wp-json\/wp\/v2\/product_cat?post=707697"},{"taxonomy":"product_tag","embeddable":true,"href":"https:\/\/roveyayinevi.com.tr\/index.php\/wp-json\/wp\/v2\/product_tag?post=707697"}],"curies":[{"name":"wp","href":"https:\/\/api.w.org\/{rel}","templated":true}]}}