{"id":707694,"date":"2025-08-27T16:08:21","date_gmt":"2025-08-27T13:08:21","guid":{"rendered":"https:\/\/roveyayinevi.com.tr\/index.php\/urun\/ahlak-ve-toplum\/"},"modified":"2026-04-16T02:16:22","modified_gmt":"2026-04-15T23:16:22","slug":"ahlak-ve-toplum","status":"publish","type":"product","link":"https:\/\/roveyayinevi.com.tr\/index.php\/urun\/ahlak-ve-toplum\/","title":{"rendered":"Ahlak ve Toplum"},"content":{"rendered":"<p>\u2018\u2019Ne kadar g\u00fc\u00e7l\u00fc olursa olsun, tek ba\u015f\u0131na bir ki\u015finin toplum kar\u015f\u0131s\u0131nda hi\u00e7bir anlam\u0131 yoktur; toplum ona ra\u011fmen varl\u0131\u011f\u0131n\u0131 s\u00fcrd\u00fcrebilir. Dolay\u0131s\u0131yla otoritenin g\u00fcc\u00fc, otoriteyi uygulayan ki\u015finin kendisinden de\u011fil, toplumun kendi olu\u015fumundan ileri gelir.\u2019\u2019Bug\u00fcn Emile Durkheim, bilimsel sosyolojinin kurucusu olarak an\u0131lmakla birlikte, ayn\u0131 zamanda Machiavelli, Montesquieu ve Rousseau gibi toplumsal d\u00fc\u015f\u00fcncenin \u00f6nde gelen isimlerinden biridir. Onun yarat\u0131c\u0131 toplum vizyonu, toplumu yaln\u0131zca analiz etmekle kalmay\u0131p, ayn\u0131 zamanda da toplumun yenilenmesi i\u00e7in izlenmesi gereken yollar\u0131 incelikle ortaya koyar. Durkheim\u2019\u0131n bu \u00e7al\u0131\u015fmas\u0131, bireyleri etkisi alt\u0131na alan toplumsal d\u00fc\u015f\u00fcncenin temelindeki kolektif temsillere ve bu temsillerin mahiyetine dikkat \u00e7ekiyor. Bireylerin ak\u0131l ve inan\u00e7 eksenindeki ikili varolu\u015flar\u0131n\u0131n, toplumsal yap\u0131y\u0131 t\u00fcm\u00fcyle etkileyen din ve ahlak kavramlar\u0131n\u0131 nas\u0131l olu\u015fturdu\u011funu ortaya koyuyor.<\/p>\n","protected":false},"excerpt":{"rendered":"<p>\u2018\u2019Ne kadar g\u00fc\u00e7l\u00fc olursa olsun, tek ba\u015f\u0131na bir ki\u015finin toplum kar\u015f\u0131s\u0131nda hi\u00e7bir anlam\u0131 yoktur; toplum ona ra\u011fmen varl\u0131\u011f\u0131n\u0131 s\u00fcrd\u00fcrebilir. Dolay\u0131s\u0131yla otoritenin g\u00fcc\u00fc, otoriteyi uygulayan ki\u015finin kendisinden<span class=\"excerpt-hellip\"> [\u2026]<\/span><\/p>\n","protected":false},"featured_media":0,"template":"","meta":{"_monsterinsights_skip_tracking":false,"_monsterinsights_sitenote_active":false,"_monsterinsights_sitenote_note":"","_monsterinsights_sitenote_category":0},"product_brand":[],"product_cat":[12835,12324],"product_tag":[],"class_list":{"0":"post-707694","1":"product","2":"type-product","3":"status-publish","5":"product_cat-genel-sosyoloji","6":"product_cat-sosyoloji","7":"pa_cilt-ciltsiz","8":"pa_tur-kitap","9":"pa_yayinevi-pinhan-yayincilik","10":"pa_yazar-emile-durkheim","12":"first","13":"instock","14":"sale","15":"shipping-taxable","16":"purchasable","17":"product-type-simple"},"_links":{"self":[{"href":"https:\/\/roveyayinevi.com.tr\/index.php\/wp-json\/wp\/v2\/product\/707694","targetHints":{"allow":["GET"]}}],"collection":[{"href":"https:\/\/roveyayinevi.com.tr\/index.php\/wp-json\/wp\/v2\/product"}],"about":[{"href":"https:\/\/roveyayinevi.com.tr\/index.php\/wp-json\/wp\/v2\/types\/product"}],"wp:attachment":[{"href":"https:\/\/roveyayinevi.com.tr\/index.php\/wp-json\/wp\/v2\/media?parent=707694"}],"wp:term":[{"taxonomy":"product_brand","embeddable":true,"href":"https:\/\/roveyayinevi.com.tr\/index.php\/wp-json\/wp\/v2\/product_brand?post=707694"},{"taxonomy":"product_cat","embeddable":true,"href":"https:\/\/roveyayinevi.com.tr\/index.php\/wp-json\/wp\/v2\/product_cat?post=707694"},{"taxonomy":"product_tag","embeddable":true,"href":"https:\/\/roveyayinevi.com.tr\/index.php\/wp-json\/wp\/v2\/product_tag?post=707694"}],"curies":[{"name":"wp","href":"https:\/\/api.w.org\/{rel}","templated":true}]}}