{"id":707692,"date":"2025-08-27T16:08:20","date_gmt":"2025-08-27T13:08:20","guid":{"rendered":"https:\/\/roveyayinevi.com.tr\/index.php\/urun\/keyfi-tavir\/"},"modified":"2026-04-16T02:16:22","modified_gmt":"2026-04-15T23:16:22","slug":"keyfi-tavir","status":"publish","type":"product","link":"https:\/\/roveyayinevi.com.tr\/index.php\/urun\/keyfi-tavir\/","title":{"rendered":"Keyfi Tav\u0131r"},"content":{"rendered":"<p>Ester Nilsson \u015fair ve yazar, ili\u015fkisi yolunda giden, akl\u0131 ba\u015f\u0131nda bir kad\u0131nd\u0131r. Ta ki, bir g\u00fcn \u00fcnl\u00fc sanat\u00e7\u0131 Hugo Rask hakk\u0131nda bir konu\u015fma yapmas\u0131 istenene kadar. Sanat\u00e7\u0131n\u0131n kendisi de dinleyiciler aras\u0131ndad\u0131r ve Ester&#8217;in hayranl\u0131\u011f\u0131ndan son derece memnundur.Ester&#8217;in hayat\u0131, bundan sonra, bu g\u00f6r\u00fc\u015fme ve onu takip eden olaylar zinciriyle ba\u011flant\u0131l\u0131 hale gelir. \u00d6nce erkek arkada\u015f\u0131n\u0131 terk eder ve ard\u0131ndan Hugo ile hayali bir ili\u015fkiye s\u00fcr\u00fcklenir. Ester adama s\u0131r\u0131ls\u0131klam \u00e2\u015f\u0131k olur; Hugo, onun d\u00fc\u015f\u00fcncelerini t\u00fcketir. Ger\u00e7ekten de Ester zihninde, Hugo ve kendisinin bir \u00e7ift oldu\u011fundan emindir.Yava\u015f yava\u015f ve ac\u0131yla, Ester, kendi ili\u015fki alg\u0131s\u0131yla Hugo&#8217;nunkinin tamamen farkl\u0131 oldu\u011funu anlamaya ba\u015flar.\u0130sve\u00e7&#8217;in en prestijli edebiyat \u00f6d\u00fcllerinden August \u00d6d\u00fcl\u00fc&#8217;ne de\u011fer g\u00f6r\u00fclen ve yirmiden fazla dile \u00e7evrilen Keyfi Tav\u0131r, a\u015fk aray\u0131\u015f\u0131nda kendimizi nas\u0131l seve seve kand\u0131rd\u0131\u011f\u0131m\u0131z hakk\u0131nda bir roman.&#8221;Kitap y\u00fckte hafif, fakat her kelime \u00fczerinizde yumruk yemi\u015f gibi bir etki b\u0131rak\u0131yor; her c\u00fcmle o kadar bilgece ve komik ki, al\u0131nt\u0131 yapmamak i\u00e7in kendinize zor engel oluyorsunuz. Andersson&#8217;un k\u00fc\u00e7\u00fck g\u00fcndelik talihsizlikler \u00fczerinden duygular\u0131 ve ortam\u0131 anlatma konusundaki yetene\u011fi ola\u011fan\u00fcst\u00fc.&#8221; -The Guardian&#8221;Kayg\u0131l\u0131 \u0130sve\u00e7li entelekt\u00fcellerin felsefi at\u0131\u015fmalar\u0131n\u0131n beni bu kadar etkileyece\u011fini d\u00fc\u015f\u00fcnmezdim, ama i\u015fte! Jenni bu kitab\u0131 &#8216;Harika, mutlaka okumal\u0131s\u0131n,&#8217; diyerek \u00f6nerdi ve kesinlikle hakl\u0131yd\u0131.&#8221; -Lena Dunham , Bildi\u011fin K\u0131zlardan De\u011fil&#8217;in yazar\u0131 ve Girls dizisinin yarat\u0131c\u0131s\u0131.&#8221;Ne yaz\u0131k ki \u00e7o\u011fu kad\u0131n bu hik\u00e2yeyi ya\u015fam\u0131\u015ft\u0131r. Ger\u00e7i pek az\u0131 ya\u015fad\u0131klar\u0131n\u0131 bu denli iyi anlatabilecektir. Etkileyici.&#8221; -Lionel Shriver, Kevin Hakk\u0131nda Konu\u015fmal\u0131y\u0131z&#8217;\u0131n yazar\u0131.<\/p>\n","protected":false},"excerpt":{"rendered":"<p>Ester Nilsson \u015fair ve yazar, ili\u015fkisi yolunda giden, akl\u0131 ba\u015f\u0131nda bir kad\u0131nd\u0131r. Ta ki, bir g\u00fcn \u00fcnl\u00fc sanat\u00e7\u0131 Hugo Rask hakk\u0131nda bir konu\u015fma yapmas\u0131 istenene kadar.<span class=\"excerpt-hellip\"> [\u2026]<\/span><\/p>\n","protected":false},"featured_media":0,"template":"","meta":{"_monsterinsights_skip_tracking":false,"_monsterinsights_sitenote_active":false,"_monsterinsights_sitenote_note":"","_monsterinsights_sitenote_category":0},"product_brand":[],"product_cat":[12291,12711],"product_tag":[],"class_list":{"0":"post-707692","1":"product","2":"type-product","3":"status-publish","5":"product_cat-edebiyat","6":"product_cat-roman-oyku","7":"pa_cilt-ciltsiz","8":"pa_tur-kitap","9":"pa_yayinevi-pinhan-yayincilik","10":"pa_yazar-lena-andersson","12":"first","13":"instock","14":"sale","15":"shipping-taxable","16":"purchasable","17":"product-type-simple"},"_links":{"self":[{"href":"https:\/\/roveyayinevi.com.tr\/index.php\/wp-json\/wp\/v2\/product\/707692","targetHints":{"allow":["GET"]}}],"collection":[{"href":"https:\/\/roveyayinevi.com.tr\/index.php\/wp-json\/wp\/v2\/product"}],"about":[{"href":"https:\/\/roveyayinevi.com.tr\/index.php\/wp-json\/wp\/v2\/types\/product"}],"wp:attachment":[{"href":"https:\/\/roveyayinevi.com.tr\/index.php\/wp-json\/wp\/v2\/media?parent=707692"}],"wp:term":[{"taxonomy":"product_brand","embeddable":true,"href":"https:\/\/roveyayinevi.com.tr\/index.php\/wp-json\/wp\/v2\/product_brand?post=707692"},{"taxonomy":"product_cat","embeddable":true,"href":"https:\/\/roveyayinevi.com.tr\/index.php\/wp-json\/wp\/v2\/product_cat?post=707692"},{"taxonomy":"product_tag","embeddable":true,"href":"https:\/\/roveyayinevi.com.tr\/index.php\/wp-json\/wp\/v2\/product_tag?post=707692"}],"curies":[{"name":"wp","href":"https:\/\/api.w.org\/{rel}","templated":true}]}}