{"id":707688,"date":"2025-08-27T16:08:19","date_gmt":"2025-08-27T13:08:19","guid":{"rendered":"https:\/\/roveyayinevi.com.tr\/index.php\/urun\/tanri-cocugu-korusun\/"},"modified":"2026-04-16T02:16:22","modified_gmt":"2026-04-15T23:16:22","slug":"tanri-cocugu-korusun","status":"publish","type":"product","link":"https:\/\/roveyayinevi.com.tr\/index.php\/urun\/tanri-cocugu-korusun\/","title":{"rendered":"Tanr\u0131 \u00c7ocu\u011fu Korusun"},"content":{"rendered":"<p>Afro-Amerikan edebiyat\u0131na yapt\u0131\u011f\u0131 katk\u0131lar nedeniyle defalarca \u00f6d\u00fcllendirilmi\u015f Toni Morrison, son kitab\u0131 Tanr\u0131 \u00c7ocu\u011fu Korusun&#8217;da eritme potas\u0131 ve \u00e7ok k\u00fclt\u00fcrl\u00fcl\u00fck gibi asimilasyon politikalar\u0131yla Amerikanla\u015ft\u0131r\u0131lm\u0131\u015f yeni siyahi ku\u015fa\u011f\u0131n psikolojisini irdeliyor. \u0130nsan\u0131n hik\u00e2yesine \u00e7ocuklu\u011fun ne \u015fekilde y\u00f6n verdi\u011fini ve travmalar\u0131n bazen onulmaz yaralara d\u00f6n\u00fc\u015f\u00fcrken, bazen de ki\u015fi i\u00e7in nas\u0131l s\u0131\u00e7rama tahtas\u0131 olabildi\u011fini mercek alt\u0131na al\u0131yor.Ba\u015far\u0131l\u0131, \u00f6zg\u00fcvenli ve yaln\u0131zca beyaz giyinerek teninin rengini \u00f6zellikle \u00f6ne \u00e7\u0131karan siyahi gen\u00e7 bir kad\u0131n\u0131n ya\u015fad\u0131\u011f\u0131 ayr\u0131l\u0131k, ge\u00e7mi\u015findeki sevgiden yoksunluk ve kalp k\u0131r\u0131kl\u0131\u011f\u0131yla y\u00fczle\u015fmesine neden olurken, bir varolu\u015f buhran\u0131na kap\u0131larak a\u015fk\u0131n pe\u015finde ger\u00e7ek benli\u011finin izini s\u00fcrmesine yol a\u00e7\u0131yor.Sevilen, En Mavi G\u00f6z ve Merhamet gibi etkileyici romanlar\u0131n yazar\u0131 Toni Morrison&#8217;dan, \u00e7ocukluktan yeti\u015fkinli\u011fe giden yolda sevgi, aile, ba\u015far\u0131, arkada\u015fl\u0131k ve g\u00fcven gibi hat\u0131r\u0131 say\u0131l\u0131r konular\u0131 ele alan incelikli bir anlat\u0131&#8230;&#8221;Bir \u00e7ocu\u011fa ne yapt\u0131\u011f\u0131n\u0131z \u00f6nemlidir.&#8221;<\/p>\n","protected":false},"excerpt":{"rendered":"<p>Afro-Amerikan edebiyat\u0131na yapt\u0131\u011f\u0131 katk\u0131lar nedeniyle defalarca \u00f6d\u00fcllendirilmi\u015f Toni Morrison, son kitab\u0131 Tanr\u0131 \u00c7ocu\u011fu Korusun&#8217;da eritme potas\u0131 ve \u00e7ok k\u00fclt\u00fcrl\u00fcl\u00fck gibi asimilasyon politikalar\u0131yla Amerikanla\u015ft\u0131r\u0131lm\u0131\u015f yeni siyahi ku\u015fa\u011f\u0131n<span class=\"excerpt-hellip\"> [\u2026]<\/span><\/p>\n","protected":false},"featured_media":0,"template":"","meta":{"_monsterinsights_skip_tracking":false,"_monsterinsights_sitenote_active":false,"_monsterinsights_sitenote_note":"","_monsterinsights_sitenote_category":0},"product_brand":[],"product_cat":[12891,12291],"product_tag":[],"class_list":{"0":"post-707688","1":"product","2":"type-product","3":"status-publish","5":"product_cat-amerikan-edebiyati","6":"product_cat-edebiyat","7":"pa_cilt-ciltsiz","8":"pa_tur-kitap","9":"pa_yayinevi-sel-yayincilik","10":"pa_yazar-toni-morrison","12":"first","13":"instock","14":"sale","15":"shipping-taxable","16":"purchasable","17":"product-type-simple"},"_links":{"self":[{"href":"https:\/\/roveyayinevi.com.tr\/index.php\/wp-json\/wp\/v2\/product\/707688","targetHints":{"allow":["GET"]}}],"collection":[{"href":"https:\/\/roveyayinevi.com.tr\/index.php\/wp-json\/wp\/v2\/product"}],"about":[{"href":"https:\/\/roveyayinevi.com.tr\/index.php\/wp-json\/wp\/v2\/types\/product"}],"wp:attachment":[{"href":"https:\/\/roveyayinevi.com.tr\/index.php\/wp-json\/wp\/v2\/media?parent=707688"}],"wp:term":[{"taxonomy":"product_brand","embeddable":true,"href":"https:\/\/roveyayinevi.com.tr\/index.php\/wp-json\/wp\/v2\/product_brand?post=707688"},{"taxonomy":"product_cat","embeddable":true,"href":"https:\/\/roveyayinevi.com.tr\/index.php\/wp-json\/wp\/v2\/product_cat?post=707688"},{"taxonomy":"product_tag","embeddable":true,"href":"https:\/\/roveyayinevi.com.tr\/index.php\/wp-json\/wp\/v2\/product_tag?post=707688"}],"curies":[{"name":"wp","href":"https:\/\/api.w.org\/{rel}","templated":true}]}}