{"id":707684,"date":"2025-08-27T16:08:17","date_gmt":"2025-08-27T13:08:17","guid":{"rendered":"https:\/\/roveyayinevi.com.tr\/index.php\/urun\/san-icin-piyano-eslikli-cagdas-donem-sarkilari\/"},"modified":"2026-04-16T02:16:22","modified_gmt":"2026-04-15T23:16:22","slug":"san-icin-piyano-eslikli-cagdas-donem-sarkilari","status":"publish","type":"product","link":"https:\/\/roveyayinevi.com.tr\/index.php\/urun\/san-icin-piyano-eslikli-cagdas-donem-sarkilari\/","title":{"rendered":"\u015ean \u0130\u00e7in Piyano E\u015flikli \u00c7a\u011fda\u015f D\u00f6nem \u015eark\u0131lar\u0131"},"content":{"rendered":"<p>Bu kitap, \u00c7a\u011fda\u015f D\u00f6nem\u2019e ait pop\u00fcler eserlerden olu\u015fmaktad\u0131r. T\u00fcrkiye\u2019deki, konservatuvarlar\u0131n, m\u00fczik e\u011fitimi anabilim dallar\u0131n\u0131n ve g\u00fczel sanatlar liselerinin \u00f6\u011frenci ve \u00f6\u011fretmenleri i\u00e7in kaynak bir kitap olarak haz\u0131rlanm\u0131\u015ft\u0131r.Alb\u00fcmde sopranolar\u0131n, tenorlar\u0131n, bariton ve mezzosopranolar\u0131n s\u0131navlarda, konserlerde, yar\u0131\u015fmalarda ve bunun gibi bir\u00e7ok etkinlikte seslendirebilece\u011fi birbirinden g\u00fczel ve tan\u0131nm\u0131\u015f 24 se\u00e7me eser yer almaktad\u0131r. Eserlerin tamam\u0131 orijinal tonlar\u0131nda ve dillerinde d\u00fczenlenmi\u015ftir. Ayr\u0131ca kullan\u0131c\u0131lara fikir vermesi ve eser se\u00e7imini kolayla\u015ft\u0131rmak bak\u0131m\u0131ndan \u015fark\u0131lar\u0131n MP3 format\u0131ndaki piyano e\u015flik ses kay\u0131tlar\u0131 yay\u0131nevi web sayfas\u0131nda \u00fccretsiz olarak kullan\u0131ma sunulmu\u015ftur.<\/p>\n","protected":false},"excerpt":{"rendered":"<p>Bu kitap, \u00c7a\u011fda\u015f D\u00f6nem\u2019e ait pop\u00fcler eserlerden olu\u015fmaktad\u0131r. T\u00fcrkiye\u2019deki, konservatuvarlar\u0131n, m\u00fczik e\u011fitimi anabilim dallar\u0131n\u0131n ve g\u00fczel sanatlar liselerinin \u00f6\u011frenci ve \u00f6\u011fretmenleri i\u00e7in kaynak bir kitap olarak<span class=\"excerpt-hellip\"> [\u2026]<\/span><\/p>\n","protected":false},"featured_media":0,"template":"","meta":{"_monsterinsights_skip_tracking":false,"_monsterinsights_sitenote_active":false,"_monsterinsights_sitenote_note":"","_monsterinsights_sitenote_category":0},"product_brand":[],"product_cat":[14591,14556],"product_tag":[],"class_list":{"0":"post-707684","1":"product","2":"type-product","3":"status-publish","5":"product_cat-genel-kavramlar-kuram-ve-tarihce","6":"product_cat-muzik","7":"pa_cilt-ciltsiz","8":"pa_tur-kitap","9":"pa_yayinevi-muzik-egitimi-yayinlari","10":"pa_yazar-kollektif","12":"first","13":"instock","14":"sale","15":"shipping-taxable","16":"purchasable","17":"product-type-simple"},"_links":{"self":[{"href":"https:\/\/roveyayinevi.com.tr\/index.php\/wp-json\/wp\/v2\/product\/707684","targetHints":{"allow":["GET"]}}],"collection":[{"href":"https:\/\/roveyayinevi.com.tr\/index.php\/wp-json\/wp\/v2\/product"}],"about":[{"href":"https:\/\/roveyayinevi.com.tr\/index.php\/wp-json\/wp\/v2\/types\/product"}],"wp:attachment":[{"href":"https:\/\/roveyayinevi.com.tr\/index.php\/wp-json\/wp\/v2\/media?parent=707684"}],"wp:term":[{"taxonomy":"product_brand","embeddable":true,"href":"https:\/\/roveyayinevi.com.tr\/index.php\/wp-json\/wp\/v2\/product_brand?post=707684"},{"taxonomy":"product_cat","embeddable":true,"href":"https:\/\/roveyayinevi.com.tr\/index.php\/wp-json\/wp\/v2\/product_cat?post=707684"},{"taxonomy":"product_tag","embeddable":true,"href":"https:\/\/roveyayinevi.com.tr\/index.php\/wp-json\/wp\/v2\/product_tag?post=707684"}],"curies":[{"name":"wp","href":"https:\/\/api.w.org\/{rel}","templated":true}]}}