{"id":707683,"date":"2025-08-27T16:08:17","date_gmt":"2025-08-27T13:08:17","guid":{"rendered":"https:\/\/roveyayinevi.com.tr\/index.php\/urun\/tek-derste-iktisat\/"},"modified":"2025-11-05T04:07:46","modified_gmt":"2025-11-05T01:07:46","slug":"tek-derste-iktisat","status":"publish","type":"product","link":"https:\/\/roveyayinevi.com.tr\/index.php\/urun\/tek-derste-iktisat\/","title":{"rendered":"Tek Derste \u0130ktisat"},"content":{"rendered":"<p>Henry Hazlitt\u2019in bir fiyat sisteminin nas\u0131l i\u015fledi\u011fine dair a\u00e7\u0131klamalar\u0131 ger\u00e7ek bir klasik niteli\u011finde. \u00d6l\u00fcms\u00fcz, isabetli ve anla\u015f\u0131lmas\u0131 \u00e7ok kolay.\u201d- Milton Friedman\u201c\u00c7ok parlak bir performans. En \u00e7ok \u00fczerinde durulmas\u0131 gereken \u015feylerden s\u00f6z ediyor ve bunu e\u015fine ender rastlanan bir cesaret ve d\u00fcr\u00fcstl\u00fckle yap\u0131yor. Meslekten iktisat\u00e7\u0131 olmayan ki\u015filere iktisad\u0131n temel do\u011frular\u0131 hakk\u0131nda bu kadar k\u0131sa zamanda bu kadar \u00e7ok \u015fey \u00f6\u011fretecek ba\u015fka bir kitap bilmiyorum.\u201d- F. A. Hayek, Nobel \u00d6d\u00fcll\u00fc iktisat\u00e7\u0131\u201cMuhte\u015fem bir teorik anlat\u0131m.\u201d- Ayn RandHazlitt\u2019in k\u0131sa ve \u00f6zl\u00fc bir anlat\u0131mla kaleme ald\u0131\u011f\u0131 e\u011fitici metni g\u00fcn\u00fcm\u00fczde neredeyse herkesin do\u011fru sayd\u0131\u011f\u0131 baz\u0131 iktisat fikirlerinin birer yan\u0131lg\u0131dan ibaret oldu\u011funu ustaca g\u00f6zler \u00f6n\u00fcne seriyor. Bug\u00fcn serbest piyasa ekonomisini savunan iktisat\u00e7\u0131lar\u0131 en \u00e7ok etkileyen yazarlardan biri olarak bilinen Hazlitt Tek Derste \u0130ktisat\u2019ta devlet m\u00fcdahalesinin tehlikelerine ve bireylerin ekonomik \u00f6zg\u00fcrl\u00fcklerinin \u00f6nemine odaklan\u0131yor. <\/p>\n","protected":false},"excerpt":{"rendered":"<p>Henry Hazlitt\u2019in bir fiyat sisteminin nas\u0131l i\u015fledi\u011fine dair a\u00e7\u0131klamalar\u0131 ger\u00e7ek bir klasik niteli\u011finde. \u00d6l\u00fcms\u00fcz, isabetli ve anla\u015f\u0131lmas\u0131 \u00e7ok kolay.\u201d- Milton Friedman\u201c\u00c7ok parlak bir performans. En \u00e7ok<span class=\"excerpt-hellip\"> [\u2026]<\/span><\/p>\n","protected":false},"featured_media":0,"template":"","meta":{"_monsterinsights_skip_tracking":false,"_monsterinsights_sitenote_active":false,"_monsterinsights_sitenote_note":"","_monsterinsights_sitenote_category":0},"product_brand":[],"product_cat":[12312,12304],"product_tag":[],"class_list":{"0":"post-707683","1":"product","2":"type-product","3":"status-publish","5":"product_cat-diger","6":"product_cat-tarih","7":"pa_cilt-ciltsiz","8":"pa_tur-kitap","9":"pa_yayinevi-say-yayinlari","10":"pa_yazar-henry-hazlitt","12":"first","13":"instock","14":"sale","15":"shipping-taxable","16":"purchasable","17":"product-type-simple"},"_links":{"self":[{"href":"https:\/\/roveyayinevi.com.tr\/index.php\/wp-json\/wp\/v2\/product\/707683","targetHints":{"allow":["GET"]}}],"collection":[{"href":"https:\/\/roveyayinevi.com.tr\/index.php\/wp-json\/wp\/v2\/product"}],"about":[{"href":"https:\/\/roveyayinevi.com.tr\/index.php\/wp-json\/wp\/v2\/types\/product"}],"wp:attachment":[{"href":"https:\/\/roveyayinevi.com.tr\/index.php\/wp-json\/wp\/v2\/media?parent=707683"}],"wp:term":[{"taxonomy":"product_brand","embeddable":true,"href":"https:\/\/roveyayinevi.com.tr\/index.php\/wp-json\/wp\/v2\/product_brand?post=707683"},{"taxonomy":"product_cat","embeddable":true,"href":"https:\/\/roveyayinevi.com.tr\/index.php\/wp-json\/wp\/v2\/product_cat?post=707683"},{"taxonomy":"product_tag","embeddable":true,"href":"https:\/\/roveyayinevi.com.tr\/index.php\/wp-json\/wp\/v2\/product_tag?post=707683"}],"curies":[{"name":"wp","href":"https:\/\/api.w.org\/{rel}","templated":true}]}}