{"id":707680,"date":"2025-08-27T16:08:16","date_gmt":"2025-08-27T13:08:16","guid":{"rendered":"https:\/\/roveyayinevi.com.tr\/index.php\/urun\/yeni-kusak-anne-babalar-ve-cocuklari\/"},"modified":"2026-04-16T02:16:22","modified_gmt":"2026-04-15T23:16:22","slug":"yeni-kusak-anne-babalar-ve-cocuklari","status":"publish","type":"product","link":"https:\/\/roveyayinevi.com.tr\/index.php\/urun\/yeni-kusak-anne-babalar-ve-cocuklari\/","title":{"rendered":"Yeni Ku\u015fak Anne-Babalar ve \u00c7ocuklar\u0131"},"content":{"rendered":"<p>G\u00fcn\u00fcm\u00fczde de\u011fi\u015fen de\u011ferler ve normlar\u0131n yan\u0131 s\u0131ra, giderek etkisini art\u0131ran dijital teknolojinin varl\u0131\u011f\u0131 da ebeveyn-\u00e7ocuk ili\u015fkilerinde etkili olmaktad\u0131r.Bu kitap, de\u011fi\u015fen ko\u015fullar i\u00e7inde yeni ku\u015fak anne ve babalar\u0131n yeti\u015ftirmek istedikleri \u00e7ocuk modeli ile, yeti\u015fmekte olan \u00e7ocu\u011fun anne ve babadan de\u011fi\u015fen beklentilerini irdeliyor. <\/p>\n","protected":false},"excerpt":{"rendered":"<p>G\u00fcn\u00fcm\u00fczde de\u011fi\u015fen de\u011ferler ve normlar\u0131n yan\u0131 s\u0131ra, giderek etkisini art\u0131ran dijital teknolojinin varl\u0131\u011f\u0131 da ebeveyn-\u00e7ocuk ili\u015fkilerinde etkili olmaktad\u0131r.Bu kitap, de\u011fi\u015fen ko\u015fullar i\u00e7inde yeni ku\u015fak anne ve<span class=\"excerpt-hellip\"> [\u2026]<\/span><\/p>\n","protected":false},"featured_media":0,"template":"","meta":{"_monsterinsights_skip_tracking":false,"_monsterinsights_sitenote_active":false,"_monsterinsights_sitenote_note":"","_monsterinsights_sitenote_category":0},"product_brand":[],"product_cat":[12831,12324],"product_tag":[],"class_list":{"0":"post-707680","1":"product","2":"type-product","3":"status-publish","5":"product_cat-aile-ve-cocuk","6":"product_cat-sosyoloji","7":"pa_cilt-ciltsiz","8":"pa_tur-kitap","9":"pa_yayinevi-remzi-kitabevi","10":"pa_yazar-haluk-yavuzer","12":"first","13":"instock","14":"sale","15":"shipping-taxable","16":"purchasable","17":"product-type-simple"},"_links":{"self":[{"href":"https:\/\/roveyayinevi.com.tr\/index.php\/wp-json\/wp\/v2\/product\/707680","targetHints":{"allow":["GET"]}}],"collection":[{"href":"https:\/\/roveyayinevi.com.tr\/index.php\/wp-json\/wp\/v2\/product"}],"about":[{"href":"https:\/\/roveyayinevi.com.tr\/index.php\/wp-json\/wp\/v2\/types\/product"}],"wp:attachment":[{"href":"https:\/\/roveyayinevi.com.tr\/index.php\/wp-json\/wp\/v2\/media?parent=707680"}],"wp:term":[{"taxonomy":"product_brand","embeddable":true,"href":"https:\/\/roveyayinevi.com.tr\/index.php\/wp-json\/wp\/v2\/product_brand?post=707680"},{"taxonomy":"product_cat","embeddable":true,"href":"https:\/\/roveyayinevi.com.tr\/index.php\/wp-json\/wp\/v2\/product_cat?post=707680"},{"taxonomy":"product_tag","embeddable":true,"href":"https:\/\/roveyayinevi.com.tr\/index.php\/wp-json\/wp\/v2\/product_tag?post=707680"}],"curies":[{"name":"wp","href":"https:\/\/api.w.org\/{rel}","templated":true}]}}