{"id":707678,"date":"2025-08-27T16:08:15","date_gmt":"2025-08-27T13:08:15","guid":{"rendered":"https:\/\/roveyayinevi.com.tr\/index.php\/urun\/egitim-ve-sosyoloji\/"},"modified":"2026-04-16T02:16:22","modified_gmt":"2026-04-15T23:16:22","slug":"egitim-ve-sosyoloji","status":"publish","type":"product","link":"https:\/\/roveyayinevi.com.tr\/index.php\/urun\/egitim-ve-sosyoloji\/","title":{"rendered":"E\u011fitim ve Sosyoloji"},"content":{"rendered":"<p>E\u011fitim nedir? Hizmet etti\u011fi ama\u00e7 ve bu amac\u0131 belirleyen etkenler nelerdir? Pedagoji \u00fczerine verdi\u011fi derslerin ve seminer notlar\u0131n\u0131n bir derlemesini i\u00e7eren bu kitapta Emile Durkheim, sosyolojik bir bak\u0131\u015f a\u00e7\u0131s\u0131yla e\u011fitime dair bu temel sorular\u0131n cevaplar\u0131n\u0131 ar\u0131yor.Durkheim\u2019\u0131n bu eseri, e\u011fitmenler i\u00e7in, temel pedagojik meselelere ili\u015fkin \u00f6zg\u00fcn ve g\u00fc\u00e7l\u00fc bir kuram kazand\u0131rmay\u0131 hedefler. Sosyologlar i\u00e7inse birey ve toplum aras\u0131ndaki ili\u015fkiler, bilim ve uygulama aras\u0131ndaki ili\u015fkiler, ahlak\u0131n ve kavraman\u0131n do\u011fas\u0131 gibi genel kavramlar\u0131n e\u011fitim kavram\u0131yla olan yads\u0131namaz ili\u015fkilerini a\u00e7\u0131kl\u0131\u011fa kavu\u015fturmay\u0131 hedefliyor.<\/p>\n","protected":false},"excerpt":{"rendered":"<p>E\u011fitim nedir? Hizmet etti\u011fi ama\u00e7 ve bu amac\u0131 belirleyen etkenler nelerdir? Pedagoji \u00fczerine verdi\u011fi derslerin ve seminer notlar\u0131n\u0131n bir derlemesini i\u00e7eren bu kitapta Emile Durkheim, sosyolojik<span class=\"excerpt-hellip\"> [\u2026]<\/span><\/p>\n","protected":false},"featured_media":0,"template":"","meta":{"_monsterinsights_skip_tracking":false,"_monsterinsights_sitenote_active":false,"_monsterinsights_sitenote_note":"","_monsterinsights_sitenote_category":0},"product_brand":[],"product_cat":[12835,12324],"product_tag":[],"class_list":{"0":"post-707678","1":"product","2":"type-product","3":"status-publish","5":"product_cat-genel-sosyoloji","6":"product_cat-sosyoloji","7":"pa_cilt-ciltsiz","8":"pa_tur-kitap","9":"pa_yayinevi-pinhan-yayincilik","10":"pa_yazar-emile-durkheim","12":"first","13":"instock","14":"sale","15":"shipping-taxable","16":"purchasable","17":"product-type-simple"},"_links":{"self":[{"href":"https:\/\/roveyayinevi.com.tr\/index.php\/wp-json\/wp\/v2\/product\/707678","targetHints":{"allow":["GET"]}}],"collection":[{"href":"https:\/\/roveyayinevi.com.tr\/index.php\/wp-json\/wp\/v2\/product"}],"about":[{"href":"https:\/\/roveyayinevi.com.tr\/index.php\/wp-json\/wp\/v2\/types\/product"}],"wp:attachment":[{"href":"https:\/\/roveyayinevi.com.tr\/index.php\/wp-json\/wp\/v2\/media?parent=707678"}],"wp:term":[{"taxonomy":"product_brand","embeddable":true,"href":"https:\/\/roveyayinevi.com.tr\/index.php\/wp-json\/wp\/v2\/product_brand?post=707678"},{"taxonomy":"product_cat","embeddable":true,"href":"https:\/\/roveyayinevi.com.tr\/index.php\/wp-json\/wp\/v2\/product_cat?post=707678"},{"taxonomy":"product_tag","embeddable":true,"href":"https:\/\/roveyayinevi.com.tr\/index.php\/wp-json\/wp\/v2\/product_tag?post=707678"}],"curies":[{"name":"wp","href":"https:\/\/api.w.org\/{rel}","templated":true}]}}