{"id":707677,"date":"2025-08-27T16:08:14","date_gmt":"2025-08-27T13:08:14","guid":{"rendered":"https:\/\/roveyayinevi.com.tr\/index.php\/urun\/homunkulus\/"},"modified":"2026-04-16T02:16:22","modified_gmt":"2026-04-15T23:16:22","slug":"homunkulus","status":"publish","type":"product","link":"https:\/\/roveyayinevi.com.tr\/index.php\/urun\/homunkulus\/","title":{"rendered":"Homunkulus"},"content":{"rendered":"<p>Homunkulus, &#8220;yeti\u015fkinler i\u00e7in&#8221; on alt\u0131 peri masal\u0131ndan olu\u015fuyor. Yazar, masallar\u0131n ger\u00e7ekle ger\u00e7ek\u00fcst\u00fcn\u00fcn i\u00e7 i\u00e7e ge\u00e7ti\u011fi klasik yap\u0131s\u0131n\u0131 b\u00fcy\u00fck \u00f6l\u00e7\u00fcde korumakla birlikte, hepimizin a\u015fina oldu\u011fu o pembe, mutlu sonlar\u0131 bozuyor, onlar\u0131 yeniden \u015fekillendiriyor.Prokopiev, erotik ve ac\u0131kl\u0131 yabanc\u0131la\u015fma duygular\u0131 gibi daha &#8220;olgun&#8221; temalara da de\u011finiyor. Bir \u00f6yk\u00fcde ucube bir &#8220;Parmak \u00c7ocuk&#8221;un annesiyle \u00d6dipal ba\u011f\u0131ndan kurtulmaya \u00e7al\u0131\u015fmas\u0131na tan\u0131k olurken, di\u011ferinde postmodern bir Pamuk Prenses masal\u0131n\u0131 avc\u0131n\u0131n perspektifinden okuyoruz. Baz\u0131 \u00f6yk\u00fcler Balkan halk masallar\u0131ndan ilham al\u0131rken, baz\u0131lar\u0131 Prokopiev&#8217;in tekinsiz hayal g\u00fcc\u00fcnden do\u011fuyor.&#8221;\u00c7o\u011funlukla ger\u00e7ek\u00fcst\u00fc, zaman zaman a\u00e7\u0131klamas\u0131 g\u00fc\u00e7 olan Homunkulus, mutlaka okunmas\u0131 gereken bir kitap. \u015eekil de\u011fi\u015ftiren bu \u00f6yk\u00fcler yoruma tamam\u0131yla a\u00e7\u0131k. Kendi kafa kar\u0131\u015f\u0131kl\u0131\u011f\u0131m\u0131z\u0131 kabul etmeye, hatta onu kucaklamaya \u00e7a\u011f\u0131r\u0131yor bizi: Belki de hayat\u0131n kendisi de bir masal gibi kafa kar\u0131\u015ft\u0131r\u0131c\u0131. Ve bu masallar\u0131 okumak, Avrupa&#8217;n\u0131n kalbine g\u00f6z atmaya benziyor.&#8221; -Fiona Sampson<\/p>\n","protected":false},"excerpt":{"rendered":"<p>Homunkulus, &#8220;yeti\u015fkinler i\u00e7in&#8221; on alt\u0131 peri masal\u0131ndan olu\u015fuyor. Yazar, masallar\u0131n ger\u00e7ekle ger\u00e7ek\u00fcst\u00fcn\u00fcn i\u00e7 i\u00e7e ge\u00e7ti\u011fi klasik yap\u0131s\u0131n\u0131 b\u00fcy\u00fck \u00f6l\u00e7\u00fcde korumakla birlikte, hepimizin a\u015fina oldu\u011fu o pembe,<span class=\"excerpt-hellip\"> [\u2026]<\/span><\/p>\n","protected":false},"featured_media":0,"template":"","meta":{"_monsterinsights_skip_tracking":false,"_monsterinsights_sitenote_active":false,"_monsterinsights_sitenote_note":"","_monsterinsights_sitenote_category":0},"product_brand":[],"product_cat":[13661,12291],"product_tag":[],"class_list":{"0":"post-707677","1":"product","2":"type-product","3":"status-publish","5":"product_cat-diger-ulke-edebiyatlari","6":"product_cat-edebiyat","7":"pa_cilt-ciltsiz","8":"pa_tur-kitap","9":"pa_yayinevi-pinhan-yayincilik","10":"pa_yazar-aleksandar-prokopiev","12":"first","13":"instock","14":"sale","15":"shipping-taxable","16":"purchasable","17":"product-type-simple"},"_links":{"self":[{"href":"https:\/\/roveyayinevi.com.tr\/index.php\/wp-json\/wp\/v2\/product\/707677","targetHints":{"allow":["GET"]}}],"collection":[{"href":"https:\/\/roveyayinevi.com.tr\/index.php\/wp-json\/wp\/v2\/product"}],"about":[{"href":"https:\/\/roveyayinevi.com.tr\/index.php\/wp-json\/wp\/v2\/types\/product"}],"wp:attachment":[{"href":"https:\/\/roveyayinevi.com.tr\/index.php\/wp-json\/wp\/v2\/media?parent=707677"}],"wp:term":[{"taxonomy":"product_brand","embeddable":true,"href":"https:\/\/roveyayinevi.com.tr\/index.php\/wp-json\/wp\/v2\/product_brand?post=707677"},{"taxonomy":"product_cat","embeddable":true,"href":"https:\/\/roveyayinevi.com.tr\/index.php\/wp-json\/wp\/v2\/product_cat?post=707677"},{"taxonomy":"product_tag","embeddable":true,"href":"https:\/\/roveyayinevi.com.tr\/index.php\/wp-json\/wp\/v2\/product_tag?post=707677"}],"curies":[{"name":"wp","href":"https:\/\/api.w.org\/{rel}","templated":true}]}}