{"id":707676,"date":"2025-08-27T16:08:14","date_gmt":"2025-08-27T13:08:14","guid":{"rendered":"https:\/\/roveyayinevi.com.tr\/index.php\/urun\/z-yalnizligi\/"},"modified":"2026-04-07T02:22:56","modified_gmt":"2026-04-06T23:22:56","slug":"z-yalnizligi","status":"publish","type":"product","link":"https:\/\/roveyayinevi.com.tr\/index.php\/urun\/z-yalnizligi\/","title":{"rendered":"Z Yaln\u0131zl\u0131\u011f\u0131"},"content":{"rendered":"<p>Hayat yaln\u0131zl\u0131klardan olu\u015fur\u2026\u00c7a\u011fda\u015f edebiyat\u0131n dikkati \u00e7eken isimlerinden Neslihan Acu, son roman\u0131nda gen\u00e7lerin dilinden konu\u015fuyor. Sistemin hoyrat\u00e7a kenara itti\u011fi gen\u00e7leri \u00f6zenli dokunu\u015flar, etkileyici ifadelerle sarmalayan yazar, ba\u015frol\u00fc hak edene veriyor. \u0130lkgen\u00e7li\u011fin do\u011fal h\u00fcz\u00fcnlerini, d\u0131\u015f etkenleri ve gelecek kayg\u0131s\u0131n\u0131 anlat\u0131yor. Ya\u015fam\u0131n sert k\u00f6\u015felerini t\u00f6rp\u00fcleme gereksinimi duymadan, t\u00fcm ger\u00e7ekli\u011fiyle g\u00f6zler \u00f6n\u00fcne seren roman, k\u00f6rpe hayallerle umudu b\u00fcy\u00fct\u00fcyor.Normal \u015fartlarda kap\u0131s\u0131ndan bile ge\u00e7emeyece\u011fi bir kolejde tam burslu okuyordu Serap. Babas\u0131, az \u00f6tedeki al\u0131\u015fveri\u015f merkezinin kap\u0131 g\u00f6revlisiydi. S\u0131n\u0131f arkada\u015flar\u0131n\u0131n ya\u015fam tarz\u0131na \u00f6zenerek, i\u015fsiz abisine \u00fcz\u00fclerek, kaybetti\u011fi arkada\u015f\u0131n\u0131n hayaliyle s\u00fcr\u00fckleniyordu\u2026 16 ya\u015f\u0131ndayd\u0131 ve mavi perilere inan\u0131yordu. Bir g\u00fcn kar\u015f\u0131s\u0131na \u00e7\u0131k\u0131p dile\u011fini sorsa, \u201cger\u00e7ek arkada\u015f\u201d diyecekti. Candan, tam da o g\u00fcnlerde, ge\u00e7mi\u015finden ta\u015f\u0131d\u0131\u011f\u0131 izlerle \u00e7\u0131kageldi\u2026 Kesi\u015fen hayatlar, yeni yollar\u0131n, yol ayr\u0131mlar\u0131n\u0131n ve sorular\u0131n ba\u015flang\u0131c\u0131 olacakt\u0131\u2026\ufffc<\/p>\n","protected":false},"excerpt":{"rendered":"<p>Hayat yaln\u0131zl\u0131klardan olu\u015fur\u2026\u00c7a\u011fda\u015f edebiyat\u0131n dikkati \u00e7eken isimlerinden Neslihan Acu, son roman\u0131nda gen\u00e7lerin dilinden konu\u015fuyor. Sistemin hoyrat\u00e7a kenara itti\u011fi gen\u00e7leri \u00f6zenli dokunu\u015flar, etkileyici ifadelerle sarmalayan yazar, ba\u015frol\u00fc<span class=\"excerpt-hellip\"> [\u2026]<\/span><\/p>\n","protected":false},"featured_media":0,"template":"","meta":{"_monsterinsights_skip_tracking":false,"_monsterinsights_sitenote_active":false,"_monsterinsights_sitenote_note":"","_monsterinsights_sitenote_category":0},"product_brand":[],"product_cat":[12567,12566],"product_tag":[],"class_list":{"0":"post-707676","1":"product","2":"type-product","3":"status-publish","5":"product_cat-diger-egitim","6":"product_cat-egitim","7":"pa_cilt-ciltsiz","8":"pa_tur-kitap","9":"pa_yayinevi-on8-kitap","10":"pa_yazar-neslihan-acu","12":"first","13":"instock","14":"sale","15":"shipping-taxable","16":"purchasable","17":"product-type-simple"},"_links":{"self":[{"href":"https:\/\/roveyayinevi.com.tr\/index.php\/wp-json\/wp\/v2\/product\/707676","targetHints":{"allow":["GET"]}}],"collection":[{"href":"https:\/\/roveyayinevi.com.tr\/index.php\/wp-json\/wp\/v2\/product"}],"about":[{"href":"https:\/\/roveyayinevi.com.tr\/index.php\/wp-json\/wp\/v2\/types\/product"}],"wp:attachment":[{"href":"https:\/\/roveyayinevi.com.tr\/index.php\/wp-json\/wp\/v2\/media?parent=707676"}],"wp:term":[{"taxonomy":"product_brand","embeddable":true,"href":"https:\/\/roveyayinevi.com.tr\/index.php\/wp-json\/wp\/v2\/product_brand?post=707676"},{"taxonomy":"product_cat","embeddable":true,"href":"https:\/\/roveyayinevi.com.tr\/index.php\/wp-json\/wp\/v2\/product_cat?post=707676"},{"taxonomy":"product_tag","embeddable":true,"href":"https:\/\/roveyayinevi.com.tr\/index.php\/wp-json\/wp\/v2\/product_tag?post=707676"}],"curies":[{"name":"wp","href":"https:\/\/api.w.org\/{rel}","templated":true}]}}