{"id":707675,"date":"2025-08-27T16:08:14","date_gmt":"2025-08-27T13:08:14","guid":{"rendered":"https:\/\/roveyayinevi.com.tr\/index.php\/urun\/turkum-ozur-dilerim\/"},"modified":"2026-04-16T02:16:22","modified_gmt":"2026-04-15T23:16:22","slug":"turkum-ozur-dilerim","status":"publish","type":"product","link":"https:\/\/roveyayinevi.com.tr\/index.php\/urun\/turkum-ozur-dilerim\/","title":{"rendered":"T\u00fcrk&#8217;\u00fcm \u00d6z\u00fcr Dilerim"},"content":{"rendered":"<p>Biz kendimizi nas\u0131l g\u00f6r\u00fcyoruz? Do\u011fru mu g\u00f6r\u00fcyoruz?Onlar bizi nas\u0131l g\u00f6r\u00fcyor. D\u00fcnyan\u0131n b\u00fcy\u00fck ve k\u00fc\u00e7\u00fck devletleri, kendilerine ve d\u00fcnyaya nas\u0131l bak\u0131yor?Bizim d\u00fcnyaya ve kendimize bak\u0131\u015f\u0131m\u0131zda bir yanl\u0131\u015fl\u0131k m\u0131 var?\u201c\u0130skender \u00d6ks\u00fcz, gen\u00e7lik y\u0131llar\u0131m\u0131zdan beri Ziya G\u00f6kalp, M\u00fcmtaz Turhan ve Erol G\u00fcng\u00f6r\u2019\u00fcn sosyoloji \u00e7izgisine ba\u011fl\u0131, kaliteli bir milliyet\u00e7idir&#8230; \u00d6nemli bir kitap. Tavsiye ederim.\u201d Taha Akyol, Milliyet Kitap\u201cT\u00fcrk milliyet\u00e7ilerinin okumas\u0131 gereken iki temel kitap: T\u00fcrk\u2019\u00fcm \u00d6z\u00fcr Dilerim ve Ni\u00e7in? Her iki kitab\u0131 da 21. Y\u00fczy\u0131l T\u00fcrkiye Enstit\u00fcs\u00fc \u00e7al\u0131\u015fanlar\u0131 i\u00e7in zorunlu okuma kitab\u0131 yapt\u0131m. Sizler i\u00e7in zorunlu hale getirememancak bu kitaplar\u0131 \u015fiddetle tavsiye ediyorum.\u201d Prof. Dr. \u00dcmit \u00d6zda\u011f\u201cKendisini T\u00fcrk milliyet\u00e7isi olarak tan\u0131ml\u0131yor \u0130skender \u00d6ks\u00fcz. Bu kimli\u011fiyle de T\u00fcrkiye&#8217;nin lehine olanlar\u0131 bulup \u00e7\u0131karmak ve aleyhine olanlar\u0131 te\u015fhir etmek gayretinde oldu\u011funu s\u00f6yl\u00fcyor. Kat\u0131l\u0131r ya da kat\u0131lmay\u0131z, o ba\u015fka ama bir fikri-ideolojiyi-felsefeyi m\u00fcsveddelerinden dinleyece\u011finize-okuyaca\u011f\u0131n\u0131za kayna\u011f\u0131ndan okumak en do\u011frusu. \u0130skender \u00d6ks\u00fcz, milliyet\u00e7i d\u00fc\u015f\u00fcncenin itirazlar\u0131n\u0131 anlamak i\u00e7in bak\u0131labilecek en ehil kaynaklardan biri.\u201d Halime K\u00f6k\u00e7e, Star\u201cBa\u015fl\u0131k ironik. Bizi \u00f6yle h\u00e2le getirdiler ki, adeta T\u00fcrk oldu\u011fumuzdan utand\u0131r\u0131r oldular. T\u00fcrk\u2019\u00fcm \u00d6z\u00fcr Dilerim&#8230; \u2018T\u00fcrk\u2019 mefhumu tart\u0131\u015fmalar\u0131nda son noktay\u0131 koyan bir eserdir.\u201d Arslan Tekin, Yeni\u00e7a\u011f<\/p>\n","protected":false},"excerpt":{"rendered":"<p>Biz kendimizi nas\u0131l g\u00f6r\u00fcyoruz? Do\u011fru mu g\u00f6r\u00fcyoruz?Onlar bizi nas\u0131l g\u00f6r\u00fcyor. D\u00fcnyan\u0131n b\u00fcy\u00fck ve k\u00fc\u00e7\u00fck devletleri, kendilerine ve d\u00fcnyaya nas\u0131l bak\u0131yor?Bizim d\u00fcnyaya ve kendimize bak\u0131\u015f\u0131m\u0131zda bir yanl\u0131\u015fl\u0131k<span class=\"excerpt-hellip\"> [\u2026]<\/span><\/p>\n","protected":false},"featured_media":0,"template":"","meta":{"_monsterinsights_skip_tracking":false,"_monsterinsights_sitenote_active":false,"_monsterinsights_sitenote_note":"","_monsterinsights_sitenote_category":0},"product_brand":[],"product_cat":[12777,12291],"product_tag":[],"class_list":{"0":"post-707675","1":"product","2":"type-product","3":"status-publish","5":"product_cat-deneme","6":"product_cat-edebiyat","7":"pa_cilt-ciltsiz","8":"pa_tur-kitap","9":"pa_yayinevi-panama-yayincilik","10":"pa_yazar-iskender-oksuz","12":"first","13":"instock","14":"sale","15":"shipping-taxable","16":"purchasable","17":"product-type-simple"},"_links":{"self":[{"href":"https:\/\/roveyayinevi.com.tr\/index.php\/wp-json\/wp\/v2\/product\/707675","targetHints":{"allow":["GET"]}}],"collection":[{"href":"https:\/\/roveyayinevi.com.tr\/index.php\/wp-json\/wp\/v2\/product"}],"about":[{"href":"https:\/\/roveyayinevi.com.tr\/index.php\/wp-json\/wp\/v2\/types\/product"}],"wp:attachment":[{"href":"https:\/\/roveyayinevi.com.tr\/index.php\/wp-json\/wp\/v2\/media?parent=707675"}],"wp:term":[{"taxonomy":"product_brand","embeddable":true,"href":"https:\/\/roveyayinevi.com.tr\/index.php\/wp-json\/wp\/v2\/product_brand?post=707675"},{"taxonomy":"product_cat","embeddable":true,"href":"https:\/\/roveyayinevi.com.tr\/index.php\/wp-json\/wp\/v2\/product_cat?post=707675"},{"taxonomy":"product_tag","embeddable":true,"href":"https:\/\/roveyayinevi.com.tr\/index.php\/wp-json\/wp\/v2\/product_tag?post=707675"}],"curies":[{"name":"wp","href":"https:\/\/api.w.org\/{rel}","templated":true}]}}