{"id":707674,"date":"2025-08-27T16:08:13","date_gmt":"2025-08-27T13:08:13","guid":{"rendered":"https:\/\/roveyayinevi.com.tr\/index.php\/urun\/turk-milliyetciligi-fikir-sistemi\/"},"modified":"2026-04-16T02:16:22","modified_gmt":"2026-04-15T23:16:22","slug":"turk-milliyetciligi-fikir-sistemi","status":"publish","type":"product","link":"https:\/\/roveyayinevi.com.tr\/index.php\/urun\/turk-milliyetciligi-fikir-sistemi\/","title":{"rendered":"T\u00fcrk Milliyet\u00e7ili\u011fi Fikir Sistemi"},"content":{"rendered":"<p>Milliyet\u00e7ilik ne demektir? Hepimiz milliyet\u00e7i miyiz? Olmal\u0131 m\u0131y\u0131z? Milliyet\u00e7ilikle s\u0131n\u0131f\u00e7\u0131l\u0131k-bilimsel sosyalizm, \u00fcmmet\u00e7ilik aras\u0131ndaki ili\u015fki nedir? T\u00fcrk Milliyet\u00e7ili\u011fi ile Atat\u00fcrk\u00e7\u00fcl\u00fck aras\u0131nda ili\u015fki var m\u0131d\u0131r?Yazar bu sorular\u0131 1970\u2019li y\u0131llar\u0131n, \u201cKavga Y\u0131llar\u0131\u201dn\u0131n ortas\u0131nda sormu\u015f ve bu kitapla cevaplam\u0131\u015ft\u0131r.\u2022 Kitap 1978\u2019de \u00e7\u0131kt\u0131\u011f\u0131nda, ilk ay\u0131n sat\u0131\u015f\u0131 7.500 olmu\u015ftu.\u2022 Art arda 5.000 ve 10.000\u2019lik bask\u0131larla zaman\u0131n kesin \u201cen \u00e7ok satan\u201d\u0131yd\u0131.\u2022 Eser y\u0131llarca \u00fclk\u00fcc\u00fc gen\u00e7li\u011fin e\u011fitim kitab\u0131 olarak kullan\u0131ld\u0131. Bug\u00fcn de b\u00f6yle kullan\u0131lmaya devam ediyor.Kitapla devletimizin ili\u015fkisi bir a\u015fk-nefret ili\u015fkisidir. TMFS \u00f6nce Mill\u00ee E\u011fitim Bakanl\u0131\u011f\u0131 taraf\u0131ndan okullara tavsiye edildi. 12 Eyl\u00fcl 1980 darbesinden sonra MHP ve \u00dclk\u00fcc\u00fc Kurulu\u015flar davas\u0131n\u0131n iddianamesinde yedi sayfa ile savc\u0131n\u0131n en \u00e7ok al\u0131nt\u0131 yapt\u0131\u011f\u0131 eser unvan\u0131n\u0131 kazand\u0131.O y\u0131llarda ODT\u00dc\u2019de do\u00e7ent, rekt\u00f6r yard\u0131mc\u0131s\u0131 ve rekt\u00f6r vekili olarak g\u00f6rev yapan \u0130skender \u00d6ks\u00fcz, Ayhan Tu\u011fcugil m\u00fcstear\u0131 ile yaz\u0131yordu.<\/p>\n","protected":false},"excerpt":{"rendered":"<p>Milliyet\u00e7ilik ne demektir? Hepimiz milliyet\u00e7i miyiz? Olmal\u0131 m\u0131y\u0131z? Milliyet\u00e7ilikle s\u0131n\u0131f\u00e7\u0131l\u0131k-bilimsel sosyalizm, \u00fcmmet\u00e7ilik aras\u0131ndaki ili\u015fki nedir? T\u00fcrk Milliyet\u00e7ili\u011fi ile Atat\u00fcrk\u00e7\u00fcl\u00fck aras\u0131nda ili\u015fki var m\u0131d\u0131r?Yazar bu sorular\u0131 1970\u2019li<span class=\"excerpt-hellip\"> [\u2026]<\/span><\/p>\n","protected":false},"featured_media":0,"template":"","meta":{"_monsterinsights_skip_tracking":false,"_monsterinsights_sitenote_active":false,"_monsterinsights_sitenote_note":"","_monsterinsights_sitenote_category":0},"product_brand":[],"product_cat":[13059,12337],"product_tag":[],"class_list":{"0":"post-707674","1":"product","2":"type-product","3":"status-publish","5":"product_cat-diger-politika-siyaset","6":"product_cat-politika-siyaset","7":"pa_cilt-ciltsiz","8":"pa_tur-kitap","9":"pa_yayinevi-panama-yayincilik","10":"pa_yazar-iskender-oksuz","12":"first","13":"instock","14":"sale","15":"shipping-taxable","16":"purchasable","17":"product-type-simple"},"_links":{"self":[{"href":"https:\/\/roveyayinevi.com.tr\/index.php\/wp-json\/wp\/v2\/product\/707674","targetHints":{"allow":["GET"]}}],"collection":[{"href":"https:\/\/roveyayinevi.com.tr\/index.php\/wp-json\/wp\/v2\/product"}],"about":[{"href":"https:\/\/roveyayinevi.com.tr\/index.php\/wp-json\/wp\/v2\/types\/product"}],"wp:attachment":[{"href":"https:\/\/roveyayinevi.com.tr\/index.php\/wp-json\/wp\/v2\/media?parent=707674"}],"wp:term":[{"taxonomy":"product_brand","embeddable":true,"href":"https:\/\/roveyayinevi.com.tr\/index.php\/wp-json\/wp\/v2\/product_brand?post=707674"},{"taxonomy":"product_cat","embeddable":true,"href":"https:\/\/roveyayinevi.com.tr\/index.php\/wp-json\/wp\/v2\/product_cat?post=707674"},{"taxonomy":"product_tag","embeddable":true,"href":"https:\/\/roveyayinevi.com.tr\/index.php\/wp-json\/wp\/v2\/product_tag?post=707674"}],"curies":[{"name":"wp","href":"https:\/\/api.w.org\/{rel}","templated":true}]}}