{"id":707667,"date":"2025-08-27T16:08:10","date_gmt":"2025-08-27T13:08:10","guid":{"rendered":"https:\/\/roveyayinevi.com.tr\/index.php\/urun\/cemre-once-kalbe-duser\/"},"modified":"2026-04-16T02:16:22","modified_gmt":"2026-04-15T23:16:22","slug":"cemre-once-kalbe-duser","status":"publish","type":"product","link":"https:\/\/roveyayinevi.com.tr\/index.php\/urun\/cemre-once-kalbe-duser\/","title":{"rendered":"Cemre \u00d6nce Kalbe D\u00fc\u015fer"},"content":{"rendered":"<p>Kendine yalan s\u00f6ylemeyen biri ya\u015f\u0131yorsa yery\u00fcz\u00fcnde, h\u00e2l\u00e2 a\u015fk vard\u0131r&#8230;Sevenlerin tek arzusudur araya ayr\u0131l\u0131klar\u0131n girmemesi&#8230;Ve seviliyorsan, kar\u015f\u0131l\u0131k vermi\u015fsen, sevdi\u011fini kalbinde saklamal\u0131s\u0131n.\u00c7\u00fcnk\u00fc sevenlerin y\u00fcre\u011fi bir ba\u015fka sevdan\u0131n varl\u0131\u011f\u0131n\u0131 bir an bile kald\u0131ramaz&#8230;Sahi, b\u00f6ylesine g\u00fcven veren, ince, saf ve duru bir g\u00f6n\u00fcl var m\u0131d\u0131r d\u00fcnyada?A\u015fk dolu, ufuk a\u00e7\u0131c\u0131 denemelerle bezeli Cemre \u00d6nce Kalbe D\u00fc\u015fer, hayatta eksikli\u011fini duydu\u011fumuz erdemlerin ve soylu duygular\u0131n pe\u015fine d\u00fc\u015fmeye \u00e7a\u011f\u0131r\u0131yor okuru.G\u00fclce bir yol tutturabilmek, hayatta onurlu bir duru\u015f sahibi olabilmek, kalbin kap\u0131lar\u0131n\u0131 ger\u00e7ek a\u015fka a\u00e7abilmek i\u00e7in bir davet Cemre \u00d6nce Kalbe D\u00fc\u015fer&#8230;<\/p>\n","protected":false},"excerpt":{"rendered":"<p>Kendine yalan s\u00f6ylemeyen biri ya\u015f\u0131yorsa yery\u00fcz\u00fcnde, h\u00e2l\u00e2 a\u015fk vard\u0131r&#8230;Sevenlerin tek arzusudur araya ayr\u0131l\u0131klar\u0131n girmemesi&#8230;Ve seviliyorsan, kar\u015f\u0131l\u0131k vermi\u015fsen, sevdi\u011fini kalbinde saklamal\u0131s\u0131n.\u00c7\u00fcnk\u00fc sevenlerin y\u00fcre\u011fi bir ba\u015fka sevdan\u0131n varl\u0131\u011f\u0131n\u0131<span class=\"excerpt-hellip\"> [\u2026]<\/span><\/p>\n","protected":false},"featured_media":0,"template":"","meta":{"_monsterinsights_skip_tracking":false,"_monsterinsights_sitenote_active":false,"_monsterinsights_sitenote_note":"","_monsterinsights_sitenote_category":0},"product_brand":[],"product_cat":[12291,12509],"product_tag":[],"class_list":{"0":"post-707667","1":"product","2":"type-product","3":"status-publish","5":"product_cat-edebiyat","6":"product_cat-siir","7":"pa_cilt-ciltsiz","8":"pa_tur-kitap","9":"pa_yayinevi-timas-yayinlari","10":"pa_yazar-ahmed-gunbay-yildiz","12":"first","13":"instock","14":"sale","15":"shipping-taxable","16":"purchasable","17":"product-type-simple"},"_links":{"self":[{"href":"https:\/\/roveyayinevi.com.tr\/index.php\/wp-json\/wp\/v2\/product\/707667","targetHints":{"allow":["GET"]}}],"collection":[{"href":"https:\/\/roveyayinevi.com.tr\/index.php\/wp-json\/wp\/v2\/product"}],"about":[{"href":"https:\/\/roveyayinevi.com.tr\/index.php\/wp-json\/wp\/v2\/types\/product"}],"wp:attachment":[{"href":"https:\/\/roveyayinevi.com.tr\/index.php\/wp-json\/wp\/v2\/media?parent=707667"}],"wp:term":[{"taxonomy":"product_brand","embeddable":true,"href":"https:\/\/roveyayinevi.com.tr\/index.php\/wp-json\/wp\/v2\/product_brand?post=707667"},{"taxonomy":"product_cat","embeddable":true,"href":"https:\/\/roveyayinevi.com.tr\/index.php\/wp-json\/wp\/v2\/product_cat?post=707667"},{"taxonomy":"product_tag","embeddable":true,"href":"https:\/\/roveyayinevi.com.tr\/index.php\/wp-json\/wp\/v2\/product_tag?post=707667"}],"curies":[{"name":"wp","href":"https:\/\/api.w.org\/{rel}","templated":true}]}}