{"id":707666,"date":"2025-08-27T16:08:10","date_gmt":"2025-08-27T13:08:10","guid":{"rendered":"https:\/\/roveyayinevi.com.tr\/index.php\/urun\/anadolu-tasavvuf-tarihine-notlar-ii\/"},"modified":"2026-04-16T02:16:22","modified_gmt":"2026-04-15T23:16:22","slug":"anadolu-tasavvuf-tarihine-notlar-ii","status":"publish","type":"product","link":"https:\/\/roveyayinevi.com.tr\/index.php\/urun\/anadolu-tasavvuf-tarihine-notlar-ii\/","title":{"rendered":"Anadolu Tasavvuf Tarihine Notlar II"},"content":{"rendered":"<p>Dinler, d\u0131\u015f d\u00fcnyaya y\u00f6nelik \u00f6\u011fretilerinden belki de \u00e7ok daha fazlas\u0131n\u0131 insan\u0131n i\u00e7 d\u00fcnyas\u0131 i\u00e7in s\u00f6ylerler. \u0130slam dini s\u00f6z konusu olunca, bu i\u00e7te yatan\u0131, deruni taraf\u0131n\u0131 anlama \u00fczerinde yo\u011funla\u015fan bilim dal\u0131na \u201ctasavvuf\u201d ad\u0131 verilmi\u015f ve bu y\u00f6nde uzmanla\u015fanlar da \u201cs\u00fbf\u00ee\u201d, \u201cmutasavv\u0131f\u201d, \u201cmuhakkik\u201d gibi isimler alm\u0131\u015flard\u0131r. Bu \u00f6zel ilim dal\u0131, zaman i\u00e7erisinde kendi m\u00fcesseselerini kurarak \u0130slam toplumlar\u0131n\u0131 k\u00fclt\u00fcr, sanat, edebiyat ve bilim alan\u0131nda etkileyen en \u00f6nemli d\u00fc\u015f\u00fcnce hareketi haline gelmi\u015ftir. T\u00fcrkler de \u0130slam\u2019a giri\u015flerinden itibaren b\u00fcy\u00fck oranda \u0130slam dininin bu yorumunu benimsemi\u015fler ve bu sahada b\u00fcy\u00fck arifler yeti\u015ftirmi\u015flerdir. Muhyiddin \u0130bn\u00fc\u2019l-Arabi, Mevlana gibi bu yolun b\u00fcy\u00fck ustalar\u0131n\u0131n Sel\u00e7uklular ve akabinde Osmanl\u0131lar\u0131n d\u00fcnya g\u00f6r\u00fc\u015f\u00fcn\u00fc etkilemede oynad\u0131klar\u0131 fevkalade rol\u00fcn yank\u0131lar\u0131, Anadolu\u2019nun her taraf\u0131ndan irfan meclislerinin y\u00fckselmesi \u015feklinde olmu\u015f ve bunun neticesinde Yunus Emre, Niyazi M\u0131sri, E\u015frofo\u011flu R\u00fbm\u00ee, \u015eeyh G\u00e2lib gibi y\u00fczlerce m\u00fctefekkir s\u00fbf\u00ee yeti\u015fmi\u015ftir. Osmanl\u0131 insan\u0131n\u0131n zihniyet d\u00fcnyas\u0131 \u00fczerinde d\u00fc\u015f\u00fcnce arkeolojisi yapan b\u00fct\u00fcn ara\u015ft\u0131rmac\u0131lar derine indiklerinde hep tasavvuf denen bu din felsefesi ile kar\u015f\u0131 kar\u015f\u0131ya kalm\u0131\u015flard\u0131r.Elinizdeki eser, Prof. Dr. Mahmut Erol K\u0131l\u0131\u00e7\u2019\u0131n kaleminden Anadolu ve Rumeli irfan\u0131n\u0131 besleyen tasavvuf ocaklar\u0131ndan Halveti- U\u015f\u015fak\u00eeli\u011fin tarihine \u0131\u015f\u0131k tutuyor, g\u00f6n\u00fclde a\u015fk derdine talip olanlar\u0131n eserleri ve hayatlar\u0131na g\u00fcn\u00fcm\u00fcz insan\u0131n\u0131 a\u015fina k\u0131lmaya \u00e7al\u0131\u015f\u0131yor.<\/p>\n","protected":false},"excerpt":{"rendered":"<p>Dinler, d\u0131\u015f d\u00fcnyaya y\u00f6nelik \u00f6\u011fretilerinden belki de \u00e7ok daha fazlas\u0131n\u0131 insan\u0131n i\u00e7 d\u00fcnyas\u0131 i\u00e7in s\u00f6ylerler. \u0130slam dini s\u00f6z konusu olunca, bu i\u00e7te yatan\u0131, deruni taraf\u0131n\u0131 anlama<span class=\"excerpt-hellip\"> [\u2026]<\/span><\/p>\n","protected":false},"featured_media":0,"template":"","meta":{"_monsterinsights_skip_tracking":false,"_monsterinsights_sitenote_active":false,"_monsterinsights_sitenote_note":"","_monsterinsights_sitenote_category":0},"product_brand":[],"product_cat":[12718,12719,12720],"product_tag":[],"class_list":{"0":"post-707666","1":"product","2":"type-product","3":"status-publish","5":"product_cat-din","6":"product_cat-islam","7":"product_cat-tasavvuf-mezhepler-tarikatlar","8":"pa_cilt-ciltsiz","9":"pa_tur-kitap","10":"pa_yayinevi-sufi-kitap","11":"pa_yazar-mahmud-erol-kilic","13":"first","14":"instock","15":"sale","16":"shipping-taxable","17":"purchasable","18":"product-type-simple"},"_links":{"self":[{"href":"https:\/\/roveyayinevi.com.tr\/index.php\/wp-json\/wp\/v2\/product\/707666","targetHints":{"allow":["GET"]}}],"collection":[{"href":"https:\/\/roveyayinevi.com.tr\/index.php\/wp-json\/wp\/v2\/product"}],"about":[{"href":"https:\/\/roveyayinevi.com.tr\/index.php\/wp-json\/wp\/v2\/types\/product"}],"wp:attachment":[{"href":"https:\/\/roveyayinevi.com.tr\/index.php\/wp-json\/wp\/v2\/media?parent=707666"}],"wp:term":[{"taxonomy":"product_brand","embeddable":true,"href":"https:\/\/roveyayinevi.com.tr\/index.php\/wp-json\/wp\/v2\/product_brand?post=707666"},{"taxonomy":"product_cat","embeddable":true,"href":"https:\/\/roveyayinevi.com.tr\/index.php\/wp-json\/wp\/v2\/product_cat?post=707666"},{"taxonomy":"product_tag","embeddable":true,"href":"https:\/\/roveyayinevi.com.tr\/index.php\/wp-json\/wp\/v2\/product_tag?post=707666"}],"curies":[{"name":"wp","href":"https:\/\/api.w.org\/{rel}","templated":true}]}}