{"id":707662,"date":"2025-08-27T16:08:08","date_gmt":"2025-08-27T13:08:08","guid":{"rendered":"https:\/\/roveyayinevi.com.tr\/index.php\/urun\/freud-dusuncesinin-buyuklugu-ve-sinirlari\/"},"modified":"2026-04-16T02:16:22","modified_gmt":"2026-04-15T23:16:22","slug":"freud-dusuncesinin-buyuklugu-ve-sinirlari","status":"publish","type":"product","link":"https:\/\/roveyayinevi.com.tr\/index.php\/urun\/freud-dusuncesinin-buyuklugu-ve-sinirlari\/","title":{"rendered":"Freud D\u00fc\u015f\u00fcncesinin B\u00fcy\u00fckl\u00fc\u011f\u00fc ve S\u0131n\u0131rlar\u0131"},"content":{"rendered":"<p>\u201cKendini yan\u0131lg\u0131lara y\u00f6nelten ko\u015fullar\u0131 de\u011fi\u015ftirebilmesi i\u00e7in insan\u0131n \u00f6nce bu ko\u015fullar\u0131 do\u011furan yanl\u0131\u015fl\u0131klar\u0131 yok etmesi gerekir.\u201dFreud da b\u00f6yle bir tan\u0131mlama yapabilirdi. Marx\u2019\u0131nkine benzer bir c\u00fcmle, psikanaliz teorisini kullanarak tedavi uygulayan bir bilim dal\u0131 i\u00e7in \u00e7ok uygun bir slogan olurdu. Ger\u00e7ek kavram\u0131n\u0131 epeyce geni\u015fleten Freud\u2019un en \u00f6zg\u00fcn yan\u0131, ger\u00e7e\u011fin bilin\u00e7li zihinle d\u00fc\u015f\u00fcn\u00fclen ya da inan\u0131lan \u015fey de\u011fil de, as\u0131l d\u00fc\u015f\u00fcnmek istenilmedi\u011fi i\u00e7in bast\u0131r\u0131lan olgular oldu\u011funu ortaya koymas\u0131d\u0131r.Onun bulu\u015flar\u0131n\u0131n b\u00fcy\u00fckl\u00fc\u011f\u00fc, ger\u00e7ek san\u0131lanlar\u0131n \u00f6tesindeki gizli ve \u00fczeri \u00f6rt\u00fcl\u00fc olarak duran as\u0131l ger\u00e7e\u011fe nas\u0131l var\u0131laca\u011f\u0131n\u0131n y\u00f6ntemini g\u00f6stermesinden kaynaklan\u0131r. Bir insan\u0131 iyi etmenin yolu, onun ruhsal yap\u0131s\u0131n\u0131 anlay\u0131p bast\u0131rma olay\u0131n\u0131 yok etmekten ge\u00e7er. Bunu deneysel \u00e7al\u0131\u015fmalar\u0131yla kan\u0131tlayan Freud, ger\u00e7e\u011fin iyile\u015ftirip kurtaracak tek yol oldu\u011fu ilkesini \u00e7al\u0131\u015fmalar\u0131nda (yani pratikte) uygulam\u0131\u015ft\u0131r. Her ne kadar uygulamada baz\u0131 bozulmalara u\u011fram\u0131\u015f ve yeni yan\u0131lg\u0131lara yol a\u00e7m\u0131\u015fsa da bu ilke, onun insanl\u0131k tarihine yapt\u0131\u011f\u0131 en \u00f6nemli katk\u0131d\u0131r. <\/p>\n","protected":false},"excerpt":{"rendered":"<p>\u201cKendini yan\u0131lg\u0131lara y\u00f6nelten ko\u015fullar\u0131 de\u011fi\u015ftirebilmesi i\u00e7in insan\u0131n \u00f6nce bu ko\u015fullar\u0131 do\u011furan yanl\u0131\u015fl\u0131klar\u0131 yok etmesi gerekir.\u201dFreud da b\u00f6yle bir tan\u0131mlama yapabilirdi. Marx\u2019\u0131nkine benzer bir c\u00fcmle, psikanaliz teorisini<span class=\"excerpt-hellip\"> [\u2026]<\/span><\/p>\n","protected":false},"featured_media":0,"template":"","meta":{"_monsterinsights_skip_tracking":false,"_monsterinsights_sitenote_active":false,"_monsterinsights_sitenote_note":"","_monsterinsights_sitenote_category":0},"product_brand":[],"product_cat":[38801,12357],"product_tag":[],"class_list":{"0":"post-707662","1":"product","2":"type-product","3":"status-publish","5":"product_cat-ekoller-ve-yaklasimlar","6":"product_cat-psikoloji","7":"pa_cilt-ciltsiz","8":"pa_tur-kitap","9":"pa_yayinevi-say-yayinlari","10":"pa_yazar-erich-fromm","12":"first","13":"instock","14":"sale","15":"shipping-taxable","16":"purchasable","17":"product-type-simple"},"_links":{"self":[{"href":"https:\/\/roveyayinevi.com.tr\/index.php\/wp-json\/wp\/v2\/product\/707662","targetHints":{"allow":["GET"]}}],"collection":[{"href":"https:\/\/roveyayinevi.com.tr\/index.php\/wp-json\/wp\/v2\/product"}],"about":[{"href":"https:\/\/roveyayinevi.com.tr\/index.php\/wp-json\/wp\/v2\/types\/product"}],"wp:attachment":[{"href":"https:\/\/roveyayinevi.com.tr\/index.php\/wp-json\/wp\/v2\/media?parent=707662"}],"wp:term":[{"taxonomy":"product_brand","embeddable":true,"href":"https:\/\/roveyayinevi.com.tr\/index.php\/wp-json\/wp\/v2\/product_brand?post=707662"},{"taxonomy":"product_cat","embeddable":true,"href":"https:\/\/roveyayinevi.com.tr\/index.php\/wp-json\/wp\/v2\/product_cat?post=707662"},{"taxonomy":"product_tag","embeddable":true,"href":"https:\/\/roveyayinevi.com.tr\/index.php\/wp-json\/wp\/v2\/product_tag?post=707662"}],"curies":[{"name":"wp","href":"https:\/\/api.w.org\/{rel}","templated":true}]}}