{"id":707661,"date":"2025-08-27T16:08:08","date_gmt":"2025-08-27T13:08:08","guid":{"rendered":"https:\/\/roveyayinevi.com.tr\/index.php\/urun\/feto\/"},"modified":"2026-04-12T02:19:24","modified_gmt":"2026-04-11T23:19:24","slug":"feto","status":"publish","type":"product","link":"https:\/\/roveyayinevi.com.tr\/index.php\/urun\/feto\/","title":{"rendered":"Fe*t\u00f6"},"content":{"rendered":"<p>15 Temmuz 2016 ak\u015fam\u0131 eve geldi\u011fimde; sosyal ve ulusal medyada h\u0131zla yay\u0131lan, \u201cAnkara ve \u0130stanbul merkezli anormal bir durum ve hareketlilik oldu\u011fu\u201d, \u2018son dakika\u2019 haberleriyle verilmeye ba\u015flanm\u0131\u015ft\u0131. K\u0131sa s\u00fcre i\u00e7erisinde, Amerika\/Washington adresli D\u00fcnya Siyonizm Merkezi\u2019nin T\u00fcrkiye aya\u011f\u0131 olan \u201cZ\u0131nd\u0131ka Komitesi = \u00dcst Ak\u0131l = \u00dcst Yap\u0131\u201dn\u0131n emir ve komutas\u0131nda, Fetullah\u00e7\u0131 Ter\u00f6r \u00d6rg\u00fct\u00fc\u2019n\u00fcn \u2018alt\u0131n vuru\u015f\u2019u yapt\u0131\u011f\u0131 ortaya \u00e7\u0131km\u0131\u015ft\u0131. \u015ea\u015f\u0131rmam\u0131\u015ft\u0131m son yedi y\u0131lda sokaktaki insandan milletvekiline, i\u015f\u00e7isinden genel m\u00fcd\u00fcr\u00fcne, polisinden yetkili savc\u0131s\u0131na kadar her kesimden insana anlatmaya \u00e7al\u0131\u015ft\u0131\u011f\u0131m FE*T\u00d6, \u2018yeni\u2019 bir darbe giri\u015fimi ba\u015flatm\u0131\u015ft\u0131. Bu sefer soka\u011fa \u00e7\u0131kmay\u0131 ba\u015farm\u0131\u015flard\u0131! \u0130stanbul\u2019da Bo\u011fazi\u00e7i K\u00f6pr\u00fcs\u00fc tanklarla kapat\u0131lm\u0131\u015f, Ankara\u2019da TRT\u2019ye yap\u0131lan bask\u0131nla Pensilvanya\u2019da kaleme al\u0131nan \u2018darbe bildirisi\u2019ni okutmu\u015flard\u0131! Fetullah\u00e7\u0131 Ter\u00f6r \u00d6rg\u00fct\u00fc, baronlar\u0131n izin ve yard\u0131mlar\u0131yla t\u00fcm devlet kurumlar\u0131nda oldu\u011fu gibi \u201cEmniyet, Yarg\u0131, \u00f6zelliklede TSK\u2019da\u201d kurum sorular\u0131 verilerek 30 y\u0131l\u0131 a\u015fk\u0131n s\u00fcrede kadrola\u015fm\u0131\u015ft\u0131. T\u00fcrkiye\u2019nin 81 ilini a\u015facak boyutta t\u00fcm garnizonlarda komutan, komutan olunamayan yerlerde ikinci ve di\u011fer alt kadrolarda art\u0131k varlard\u0131! Ancak Allah\u2019\u0131 (c.c.), O\u2019nu seven kullar\u0131n\u0131, \u201cFE*T\u00d6\u2019n\u00fcn inlerine girece\u011fiz\u201d diyen Cumhurba\u015fkan\u0131m\u0131z Say\u0131n Recep Tayyip Erdo\u011fan\u2019\u0131, \u00fc\u00e7 as\u0131rl\u0131k -\u015fer- derin devlet olu\u015fumu \u201c\u00dcST YAPI\u201dy\u0131 2006 tarihinde T\u00fcrkiye\u2019den defeden \u2018Yeni T\u00fcrkiye\u2019nin mimarlar\u0131n\u0131 hesaba katmay\u0131 unutmu\u015flard\u0131. 30 y\u0131l\u0131 a\u015fk\u0131n derin ve ihanet soslu kadrola\u015fmalar\u0131 30 saat s\u00fcrmemi\u015f, generalleri etkisiz hale getirilirken i\u015fgal edilen garnizonlar, T\u00fcrk insan\u0131n\u0131n vergileriyle al\u0131nan u\u00e7ak, tank, z\u0131hl\u0131 ara\u00e7 ve gere\u00e7ler, bunlar\u0131 kullanan kirli ellerden al\u0131nmaya ba\u015flanm\u0131\u015ft\u0131. Bu darbe giri\u015fimi FE*T\u00d6\u2019n\u00fcn ayn\u0131 zamanda \u2018silahl\u0131 \u00f6rg\u00fct\u2019 oldu\u011funu ispatlam\u0131\u015ft\u0131r. 15 Temmuz FE*T\u00d6\u2019c\u00fc Cunta Kalk\u0131\u015fmas\u0131, ku\u015fkusuz T\u00fcrk Tarihi\u2019ndeki d\u00f6n\u00fcm noktas\u0131 olaylardan birisi olarak kayda ge\u00e7mi\u015ftir. 27 May\u0131s 1960 ve 12 Eyl\u00fcl 1980 darbelerinde yap\u0131lamayanlar yap\u0131lm\u0131\u015ft\u0131. T\u00fcm T\u00fcrkiye, Ba\u015fkomutan\u0131n\u0131n liderli\u011finde sokaklara \u00e7\u0131km\u0131\u015f, tanklara ve kur\u015funlara kalkan olmu\u015ftur. Medya elinden geleni yapm\u0131\u015f ihaneti halk\u0131m\u0131za duyurmay\u0131 ba\u015farm\u0131\u015ft\u0131r. FE*T\u00d6, 17\/25 Aral\u0131k 2013 tarihinde Polis ve Yarg\u0131 darbesi yapmak istemi\u015f, \u00f6ncekilerde oldu\u011fu gibi bunda da ba\u015far\u0131l\u0131 olamam\u0131\u015ft\u0131. O d\u00f6nem Fetullah\u00e7\u0131 Ter\u00f6r \u00d6rg\u00fct\u00fcn\u00fcn arka bah\u00e7esi konumunda olan Emniyet Te\u015fkilat\u0131, -bu darbe giri\u015fiminde- T\u00fcrk Silahl\u0131 Kuvvetleri\u2019ndeki vatan evlatlar\u0131yla ele ele, omuz omuza vermi\u015f, T\u00fcrkiye\u2019yi bir maceradan kurtarm\u0131\u015ft\u0131r. FE*T\u00d6 ve uzant\u0131lar\u0131n\u0131n t\u00fcm devlet kurumlar\u0131ndan temizlenmesi \u015fart\u0131yla; milletimizin ayaklar\u0131 \u00fczerinde duraca\u011f\u0131, b\u00f6lgesinin ve \u0130slam \u00e2leminin dertlerine derman olaca\u011f\u0131, \u201cD\u00fcnya be\u015ften b\u00fcy\u00fckt\u00fcr\u201d \u00e7\u0131k\u0131\u015f\u0131n\u0131n hayata ge\u00e7ece\u011fi, okyanuslar\u0131n a\u015f\u0131l\u0131p \u015fimdilik Kaf Da\u011f\u0131\u2019n\u0131n \u00f6tesi olarak g\u00f6r\u00fclen hayallerdeki bur\u00e7 ve kalelere T\u00fcrk Bayra\u011f\u0131\u2019n\u0131n dikilece\u011fi g\u00fcnlerin ba\u015flad\u0131\u011f\u0131n\u0131 m\u00fcjdelemek isterim. 15 Temmuz 2016\u2019dan sonra hi\u00e7bir \u015fey eskisi gibi olmayacakt\u0131r. \u0130nsan\u0131m\u0131z\u0131n hasreti olan Ba\u015fkanl\u0131k sistemine ge\u00e7ilecek, T\u00fcrk d\u00fcnyas\u0131 ba\u015fta olmak \u00fczere \u0130slam \u00fclkeleriyle bir ve beraber olunacak, de\u011fil b\u00f6lgemizin d\u00fcnyan\u0131n d\u00f6rt bir taraf\u0131ndaki mazlum ve mahk\u00fbm halklar\u0131n seslerine cevap verilecektir. \u201cAllah&#8217;\u0131n nurunu a\u011f\u0131zlar\u0131yla s\u00f6nd\u00fcrmek isterler. K\u00e2firler istemese de Allah nurunu mutlaka tamamlayacakt\u0131r.\u201d Tevbe Suresi, 32. <\/p>\n","protected":false},"excerpt":{"rendered":"<p>15 Temmuz 2016 ak\u015fam\u0131 eve geldi\u011fimde; sosyal ve ulusal medyada h\u0131zla yay\u0131lan, \u201cAnkara ve \u0130stanbul merkezli anormal bir durum ve hareketlilik oldu\u011fu\u201d, \u2018son dakika\u2019 haberleriyle verilmeye<span class=\"excerpt-hellip\"> [\u2026]<\/span><\/p>\n","protected":false},"featured_media":0,"template":"","meta":{"_monsterinsights_skip_tracking":false,"_monsterinsights_sitenote_active":false,"_monsterinsights_sitenote_note":"","_monsterinsights_sitenote_category":0},"product_brand":[],"product_cat":[16058,12337],"product_tag":[],"class_list":{"0":"post-707661","1":"product","2":"type-product","3":"status-publish","5":"product_cat-kurumlar-orgutler","6":"product_cat-politika-siyaset","7":"pa_cilt-ciltsiz","8":"pa_tur-kitap","9":"pa_yayinevi-profil-kitap","10":"pa_yazar-cetin-acar","12":"first","13":"instock","14":"sale","15":"shipping-taxable","16":"purchasable","17":"product-type-simple"},"_links":{"self":[{"href":"https:\/\/roveyayinevi.com.tr\/index.php\/wp-json\/wp\/v2\/product\/707661","targetHints":{"allow":["GET"]}}],"collection":[{"href":"https:\/\/roveyayinevi.com.tr\/index.php\/wp-json\/wp\/v2\/product"}],"about":[{"href":"https:\/\/roveyayinevi.com.tr\/index.php\/wp-json\/wp\/v2\/types\/product"}],"wp:attachment":[{"href":"https:\/\/roveyayinevi.com.tr\/index.php\/wp-json\/wp\/v2\/media?parent=707661"}],"wp:term":[{"taxonomy":"product_brand","embeddable":true,"href":"https:\/\/roveyayinevi.com.tr\/index.php\/wp-json\/wp\/v2\/product_brand?post=707661"},{"taxonomy":"product_cat","embeddable":true,"href":"https:\/\/roveyayinevi.com.tr\/index.php\/wp-json\/wp\/v2\/product_cat?post=707661"},{"taxonomy":"product_tag","embeddable":true,"href":"https:\/\/roveyayinevi.com.tr\/index.php\/wp-json\/wp\/v2\/product_tag?post=707661"}],"curies":[{"name":"wp","href":"https:\/\/api.w.org\/{rel}","templated":true}]}}