{"id":707657,"date":"2025-08-27T16:08:06","date_gmt":"2025-08-27T13:08:06","guid":{"rendered":"https:\/\/roveyayinevi.com.tr\/index.php\/urun\/calgilari-boyayalim-1\/"},"modified":"2026-04-16T02:16:22","modified_gmt":"2026-04-15T23:16:22","slug":"calgilari-boyayalim-1","status":"publish","type":"product","link":"https:\/\/roveyayinevi.com.tr\/index.php\/urun\/calgilari-boyayalim-1\/","title":{"rendered":"\u00c7alg\u0131lar\u0131 Boyayal\u0131m 1"},"content":{"rendered":"<p>\u0130\u00e7indekiler k\u0131s\u0131mlar\u0131nda farkl\u0131l\u0131klar highlight efekti ile g\u00f6sterilecek ve ilgili sayfalar montajda boyanacak. 2-sayfa sol sa\u011f olarak ayn\u0131 ekranda belirecek ve kaybolacak. Arka plan m\u00fczi\u011fi konacak. Anonim Beethoven, Mozart olabilir. 1. b\u00f6l\u00fcmde telli, tahta \u00fcflemeli ve orff \u00e7alg\u0131 gruplar\u0131na ait enstr\u00fcmanlar\u0131n foto\u011fraflar\u0131 yan sayfas\u0131nda bu foto\u011fraflar\u0131n i\u00e7i bo\u015falt\u0131larak \u00e7izilmi\u015f resimleri ve bu enstr\u00fcmanlara ait k\u0131sa bilgiler bulunmaktad\u0131r. B\u00f6ylelikle \u00e7ocuklar boyama yaparken enstr\u00fcmanlar\u0131n b\u00fct\u00fcn detaylar\u0131n\u0131 iyice \u00f6\u011frenirler Burada ama\u00e7 \u00f6\u011frencilerin \u00e7alg\u0131 gruplar\u0131 aras\u0131ndaki farkl\u0131l\u0131klar\u0131, benzer ve farkl\u0131 gruplara ait \u00e7alg\u0131 aletleri aras\u0131ndaki g\u00f6rsel detaylar\u0131 alg\u0131lamalar\u0131 ve bu enstr\u00fcmanlar\u0131 tarif edebilecek birka\u00e7 kelimelik genel k\u00fclt\u00fcre sahip olmalar\u0131d\u0131r.<\/p>\n","protected":false},"excerpt":{"rendered":"<p>\u0130\u00e7indekiler k\u0131s\u0131mlar\u0131nda farkl\u0131l\u0131klar highlight efekti ile g\u00f6sterilecek ve ilgili sayfalar montajda boyanacak. 2-sayfa sol sa\u011f olarak ayn\u0131 ekranda belirecek ve kaybolacak. Arka plan m\u00fczi\u011fi konacak. Anonim<span class=\"excerpt-hellip\"> [\u2026]<\/span><\/p>\n","protected":false},"featured_media":0,"template":"","meta":{"_monsterinsights_skip_tracking":false,"_monsterinsights_sitenote_active":false,"_monsterinsights_sitenote_note":"","_monsterinsights_sitenote_category":0},"product_brand":[],"product_cat":[14556,20810],"product_tag":[],"class_list":{"0":"post-707657","1":"product","2":"type-product","3":"status-publish","5":"product_cat-muzik","6":"product_cat-ogrenim-kitaplari","7":"pa_cilt-ciltsiz","8":"pa_tur-kitap","9":"pa_yayinevi-porte-muzik-egitim-merkezi","10":"pa_yazar-kollektif","12":"first","13":"instock","14":"sale","15":"shipping-taxable","16":"purchasable","17":"product-type-simple"},"_links":{"self":[{"href":"https:\/\/roveyayinevi.com.tr\/index.php\/wp-json\/wp\/v2\/product\/707657","targetHints":{"allow":["GET"]}}],"collection":[{"href":"https:\/\/roveyayinevi.com.tr\/index.php\/wp-json\/wp\/v2\/product"}],"about":[{"href":"https:\/\/roveyayinevi.com.tr\/index.php\/wp-json\/wp\/v2\/types\/product"}],"wp:attachment":[{"href":"https:\/\/roveyayinevi.com.tr\/index.php\/wp-json\/wp\/v2\/media?parent=707657"}],"wp:term":[{"taxonomy":"product_brand","embeddable":true,"href":"https:\/\/roveyayinevi.com.tr\/index.php\/wp-json\/wp\/v2\/product_brand?post=707657"},{"taxonomy":"product_cat","embeddable":true,"href":"https:\/\/roveyayinevi.com.tr\/index.php\/wp-json\/wp\/v2\/product_cat?post=707657"},{"taxonomy":"product_tag","embeddable":true,"href":"https:\/\/roveyayinevi.com.tr\/index.php\/wp-json\/wp\/v2\/product_tag?post=707657"}],"curies":[{"name":"wp","href":"https:\/\/api.w.org\/{rel}","templated":true}]}}