{"id":707656,"date":"2025-08-27T16:08:06","date_gmt":"2025-08-27T13:08:06","guid":{"rendered":"https:\/\/roveyayinevi.com.tr\/index.php\/urun\/klasik-metodlar-arenas\/"},"modified":"2026-04-16T02:16:22","modified_gmt":"2026-04-15T23:16:22","slug":"klasik-metodlar-arenas","status":"publish","type":"product","link":"https:\/\/roveyayinevi.com.tr\/index.php\/urun\/klasik-metodlar-arenas\/","title":{"rendered":"Klasik Metodlar &#8211; Arenas"},"content":{"rendered":"<p>Arenas Gitar Metodu serisi, uzun senelerdir Avrupa ve T\u00fcrkiye&#8217;de klasik gitar e\u011fitimi veren kurumlarda e\u011fitmenlerin be\u011fenisini kazanm\u0131\u015ft\u0131r. Sa\u011f el ve sol el tekniklerini derinlemesine et\u00fcdlerle i\u015fleyen anlat\u0131m tarz\u0131 tamam\u0131yla enstr\u00fcman\u0131na hakim ve teknik bariyeri olmadan klasik gitar i\u00e7in yaz\u0131lm\u0131\u015f eserleri \u00e7alabilen bir m\u00fczisyen yaratmakt\u0131r.<\/p>\n","protected":false},"excerpt":{"rendered":"<p>Arenas Gitar Metodu serisi, uzun senelerdir Avrupa ve T\u00fcrkiye&#8217;de klasik gitar e\u011fitimi veren kurumlarda e\u011fitmenlerin be\u011fenisini kazanm\u0131\u015ft\u0131r. Sa\u011f el ve sol el tekniklerini derinlemesine et\u00fcdlerle i\u015fleyen<span class=\"excerpt-hellip\"> [\u2026]<\/span><\/p>\n","protected":false},"featured_media":0,"template":"","meta":{"_monsterinsights_skip_tracking":false,"_monsterinsights_sitenote_active":false,"_monsterinsights_sitenote_note":"","_monsterinsights_sitenote_category":0},"product_brand":[],"product_cat":[14556,20810],"product_tag":[],"class_list":{"0":"post-707656","1":"product","2":"type-product","3":"status-publish","5":"product_cat-muzik","6":"product_cat-ogrenim-kitaplari","7":"pa_cilt-ciltsiz","8":"pa_tur-kitap","9":"pa_yayinevi-porte-muzik-egitim-merkezi","10":"pa_yazar-mario-rodriguez-arenas","12":"first","13":"instock","14":"sale","15":"shipping-taxable","16":"purchasable","17":"product-type-simple"},"_links":{"self":[{"href":"https:\/\/roveyayinevi.com.tr\/index.php\/wp-json\/wp\/v2\/product\/707656","targetHints":{"allow":["GET"]}}],"collection":[{"href":"https:\/\/roveyayinevi.com.tr\/index.php\/wp-json\/wp\/v2\/product"}],"about":[{"href":"https:\/\/roveyayinevi.com.tr\/index.php\/wp-json\/wp\/v2\/types\/product"}],"wp:attachment":[{"href":"https:\/\/roveyayinevi.com.tr\/index.php\/wp-json\/wp\/v2\/media?parent=707656"}],"wp:term":[{"taxonomy":"product_brand","embeddable":true,"href":"https:\/\/roveyayinevi.com.tr\/index.php\/wp-json\/wp\/v2\/product_brand?post=707656"},{"taxonomy":"product_cat","embeddable":true,"href":"https:\/\/roveyayinevi.com.tr\/index.php\/wp-json\/wp\/v2\/product_cat?post=707656"},{"taxonomy":"product_tag","embeddable":true,"href":"https:\/\/roveyayinevi.com.tr\/index.php\/wp-json\/wp\/v2\/product_tag?post=707656"}],"curies":[{"name":"wp","href":"https:\/\/api.w.org\/{rel}","templated":true}]}}