{"id":707655,"date":"2025-08-27T16:08:05","date_gmt":"2025-08-27T13:08:05","guid":{"rendered":"https:\/\/roveyayinevi.com.tr\/index.php\/urun\/sanatin-oykusu-cep-boy\/"},"modified":"2026-04-16T02:16:21","modified_gmt":"2026-04-15T23:16:21","slug":"sanatin-oykusu-cep-boy","status":"publish","type":"product","link":"https:\/\/roveyayinevi.com.tr\/index.php\/urun\/sanatin-oykusu-cep-boy\/","title":{"rendered":"Sanat\u0131n \u00d6yk\u00fcs\u00fc (Cep Boy)"},"content":{"rendered":"<p>Sanat\u0131n \u00d6yk\u00fcs\u00fc, bug\u00fcne kadar yay\u0131mlanm\u0131\u015f sanat kitaplar\u0131 aras\u0131nda en tan\u0131nm\u0131\u015f olanlar\u0131ndan biridir. Bilinen ilk ma\u011fara resimlerinden, g\u00fcn\u00fcm\u00fcz\u00fcn deneysel sanatlar\u0131na kadar geni\u015f bir d\u00f6nemi ele alan \u00f6nemli bir ba\u015flang\u0131\u00e7 kitab\u0131 olarak, yay\u0131mland\u0131\u011f\u0131 g\u00fcnden beri rakipsizdir. Prof. Gombrich, sanat alan\u0131ndaki derin bilgisini, sanat \u00e7al\u0131\u015fmalar\u0131na duydu\u011fu sevgi ile birle\u015ftirip aktarabilen ger\u00e7ek bir usta olarak kabul edilmektedir.   Sanat\u0131n \u00d6yk\u00fcs\u00fc\u2019n\u00fcn d\u00fcnya \u00e7ap\u0131nda kazand\u0131\u011f\u0131 b\u00fcy\u00fck ba\u015far\u0131, anlat\u0131m\u0131ndaki yal\u0131nl\u0131\u011fa ve a\u00e7\u0131kl\u0131\u011fa dayan\u0131r. Yazar amac\u0131n\u0131, \u201cdaha iddial\u0131 \u00e7al\u0131\u015fmalar\u0131n sayfalar\u0131n\u0131 dolduran \u00e7ok say\u0131daki isim, d\u00f6nem ve \u00fcslupla anla\u015f\u0131labilir ba\u011flant\u0131lar kurabilmek\u201d olarak tan\u0131mlar. Gombrich, g\u00f6rsel sanatlar\u0131n psikolojisi konusundaki bilgilerini de kullanarak, sanat tarihini, \u201ci\u00e7indeki her eserin ge\u00e7mi\u015fle bir ba\u011f kurup, gelece\u011fe i\u015faret etti\u011fi, s\u00fcrekli i\u00e7 i\u00e7e ge\u00e7en ve de\u011fi\u015fen gelenekler dizisi\u201d ve \u201cbug\u00fcn\u00fc piramitlerin \u00e7a\u011f\u0131na ba\u011flayan canl\u0131 bir zincir\u201d olarak g\u00f6rmemizi sa\u011flam\u0131\u015ft\u0131r.   Sanat\u0131n \u00d6yk\u00fcs\u00fc, yeni cep boy format\u0131nda, sanata yeni ba\u015flayanlar i\u00e7in ilk se\u00e7enek olma \u00f6zelli\u011fini s\u00fcrd\u00fcrmektedir. <\/p>\n","protected":false},"excerpt":{"rendered":"<p>Sanat\u0131n \u00d6yk\u00fcs\u00fc, bug\u00fcne kadar yay\u0131mlanm\u0131\u015f sanat kitaplar\u0131 aras\u0131nda en tan\u0131nm\u0131\u015f olanlar\u0131ndan biridir. Bilinen ilk ma\u011fara resimlerinden, g\u00fcn\u00fcm\u00fcz\u00fcn deneysel sanatlar\u0131na kadar geni\u015f bir d\u00f6nemi ele alan \u00f6nemli<span class=\"excerpt-hellip\"> [\u2026]<\/span><\/p>\n","protected":false},"featured_media":0,"template":"","meta":{"_monsterinsights_skip_tracking":false,"_monsterinsights_sitenote_active":false,"_monsterinsights_sitenote_note":"","_monsterinsights_sitenote_category":0},"product_brand":[],"product_cat":[12408,14197],"product_tag":[],"class_list":{"0":"post-707655","1":"product","2":"type-product","3":"status-publish","5":"product_cat-sanat","6":"product_cat-sanat-tarihi","7":"pa_cilt-ciltsiz","8":"pa_tur-kitap","9":"pa_yayinevi-remzi-kitabevi-sanat","10":"pa_yazar-e-h-gombrich","12":"first","13":"instock","14":"sale","15":"shipping-taxable","16":"purchasable","17":"product-type-simple"},"_links":{"self":[{"href":"https:\/\/roveyayinevi.com.tr\/index.php\/wp-json\/wp\/v2\/product\/707655","targetHints":{"allow":["GET"]}}],"collection":[{"href":"https:\/\/roveyayinevi.com.tr\/index.php\/wp-json\/wp\/v2\/product"}],"about":[{"href":"https:\/\/roveyayinevi.com.tr\/index.php\/wp-json\/wp\/v2\/types\/product"}],"wp:attachment":[{"href":"https:\/\/roveyayinevi.com.tr\/index.php\/wp-json\/wp\/v2\/media?parent=707655"}],"wp:term":[{"taxonomy":"product_brand","embeddable":true,"href":"https:\/\/roveyayinevi.com.tr\/index.php\/wp-json\/wp\/v2\/product_brand?post=707655"},{"taxonomy":"product_cat","embeddable":true,"href":"https:\/\/roveyayinevi.com.tr\/index.php\/wp-json\/wp\/v2\/product_cat?post=707655"},{"taxonomy":"product_tag","embeddable":true,"href":"https:\/\/roveyayinevi.com.tr\/index.php\/wp-json\/wp\/v2\/product_tag?post=707655"}],"curies":[{"name":"wp","href":"https:\/\/api.w.org\/{rel}","templated":true}]}}