{"id":707653,"date":"2025-08-27T16:08:05","date_gmt":"2025-08-27T13:08:05","guid":{"rendered":"https:\/\/roveyayinevi.com.tr\/index.php\/urun\/osmanli-toplumunda-zindiklar-ve-mulhidler-ciltli\/"},"modified":"2026-04-16T02:16:21","modified_gmt":"2026-04-15T23:16:21","slug":"osmanli-toplumunda-zindiklar-ve-mulhidler-ciltli","status":"publish","type":"product","link":"https:\/\/roveyayinevi.com.tr\/index.php\/urun\/osmanli-toplumunda-zindiklar-ve-mulhidler-ciltli\/","title":{"rendered":"Osmanl\u0131 Toplumunda Z\u0131nd\u0131klar ve M\u00fclhidler( Ciltli)"},"content":{"rendered":"<p>Eserin tarihte incelenmesi gereken pek \u00e7ok konuya dikkat \u00e7ekmesi ve ara\u015ft\u0131rmac\u0131lar\u0131 bu alanlara te\u015fvik etmesi, yazar\u0131n tarihi tahlil etmedeki \u201c\u00fc\u00e7\u00fcnc\u00fc g\u00f6z\u201d yakla\u015f\u0131m\u0131 ve olaylar\u0131 de\u011ferlendirirken tak\u0131nd\u0131\u011f\u0131 \u201ctarihe do\u011fru sorular\u0131 sorma\u201d tutumu elbetteki \u00f6vg\u00fcy\u00fc hak ediyor. \u00dcstelik Osmanl\u0131 Toplumunda Z\u0131nd\u0131klar ve M\u00fclhidler kendi alan\u0131nda \u00f6nemli bir bo\u015flu\u011fu doldurdu\u011fu gibi \u015fimdiden klasik bir eser niteli\u011finde.<\/p>\n","protected":false},"excerpt":{"rendered":"<p>Eserin tarihte incelenmesi gereken pek \u00e7ok konuya dikkat \u00e7ekmesi ve ara\u015ft\u0131rmac\u0131lar\u0131 bu alanlara te\u015fvik etmesi, yazar\u0131n tarihi tahlil etmedeki \u201c\u00fc\u00e7\u00fcnc\u00fc g\u00f6z\u201d yakla\u015f\u0131m\u0131 ve olaylar\u0131 de\u011ferlendirirken tak\u0131nd\u0131\u011f\u0131<span class=\"excerpt-hellip\"> [\u2026]<\/span><\/p>\n","protected":false},"featured_media":0,"template":"","meta":{"_monsterinsights_skip_tracking":false,"_monsterinsights_sitenote_active":false,"_monsterinsights_sitenote_note":"","_monsterinsights_sitenote_category":0},"product_brand":[],"product_cat":[13517,12304],"product_tag":[],"class_list":{"0":"post-707653","1":"product","2":"type-product","3":"status-publish","5":"product_cat-osmanli-tarihi","6":"product_cat-tarih","7":"pa_cilt-ciltli","8":"pa_tur-kitap","9":"pa_yayinevi-timas-yayinlari","10":"pa_yazar-ahmet-yasar-ocak","12":"first","13":"instock","14":"sale","15":"shipping-taxable","16":"purchasable","17":"product-type-simple"},"_links":{"self":[{"href":"https:\/\/roveyayinevi.com.tr\/index.php\/wp-json\/wp\/v2\/product\/707653","targetHints":{"allow":["GET"]}}],"collection":[{"href":"https:\/\/roveyayinevi.com.tr\/index.php\/wp-json\/wp\/v2\/product"}],"about":[{"href":"https:\/\/roveyayinevi.com.tr\/index.php\/wp-json\/wp\/v2\/types\/product"}],"wp:attachment":[{"href":"https:\/\/roveyayinevi.com.tr\/index.php\/wp-json\/wp\/v2\/media?parent=707653"}],"wp:term":[{"taxonomy":"product_brand","embeddable":true,"href":"https:\/\/roveyayinevi.com.tr\/index.php\/wp-json\/wp\/v2\/product_brand?post=707653"},{"taxonomy":"product_cat","embeddable":true,"href":"https:\/\/roveyayinevi.com.tr\/index.php\/wp-json\/wp\/v2\/product_cat?post=707653"},{"taxonomy":"product_tag","embeddable":true,"href":"https:\/\/roveyayinevi.com.tr\/index.php\/wp-json\/wp\/v2\/product_tag?post=707653"}],"curies":[{"name":"wp","href":"https:\/\/api.w.org\/{rel}","templated":true}]}}