{"id":707650,"date":"2025-08-27T16:08:03","date_gmt":"2025-08-27T13:08:03","guid":{"rendered":"https:\/\/roveyayinevi.com.tr\/index.php\/urun\/iran-mitleri\/"},"modified":"2026-04-16T02:16:21","modified_gmt":"2026-04-15T23:16:21","slug":"iran-mitleri","status":"publish","type":"product","link":"https:\/\/roveyayinevi.com.tr\/index.php\/urun\/iran-mitleri\/","title":{"rendered":"\u0130ran Mitleri"},"content":{"rendered":"<p>Eski \u0130ran&#8217;\u0131n geleneksel \u00f6yk\u00fcleri iyi ile k\u00f6t\u00fc aras\u0131ndaki m\u00fccadeleleri, tanr\u0131lar\u0131n zaferlerini, kahramanlar\u0131n maceralar\u0131n\u0131, efsanevi ku\u015f Simurg gibi do\u011fa\u00fcst\u00fc varl\u0131klar\u0131 anlat\u0131r. Bu \u00f6yk\u00fclerin \u00e7o\u011fu da \u0130ran&#8217;\u0131n \u0130slam \u00f6ncesi d\u00f6nemi hakk\u0131nda bildi\u011fimiz ba\u015fka pek \u00e7ok \u015fey gibi Avesta kaynakl\u0131d\u0131r. Zerd\u00fc\u015ftl\u00fc\u011f\u00fcn kutsal kitab\u0131 olan Avesta&#8217;n\u0131n kimi b\u00f6l\u00fcmlerinin ge\u00e7mi\u015fi, M\u00d6 1400 ile 1200 aras\u0131nda bir tarihe kadar uzan\u0131r. Avesta, Zerd\u00fc\u015ft peygamberin s\u00f6zlerinin ve Bilge Tanr\u0131 Ahura Mazda&#8217;n\u0131n hikayesinin yan\u0131 s\u0131ra Zerd\u00fc\u015ftl\u00fck \u00f6ncesi d\u00f6nemden kalma pagan mitler de i\u00e7erir. Bu mitler, varl\u0131klar\u0131n\u0131 t\u00fcm \u0130ran tarihi boyunca s\u00fcrd\u00fcrerek ?ba\u015fta Firdevsi&#8217;nin \u015eehname&#8217;si olmak \u00fczere? pek \u00e7ok yerde kar\u0131\u015f\u0131m\u0131za \u00e7\u0131kmaya devam ederler. \u015eehname, bizlere Feridun&#8217;un, Zalo\u011flu R\u00fcstem&#8217;in, Sohrab&#8217;\u0131n, H\u00fcsrev ve \u015eirin&#8217;in \u00f6yk\u00fclerini anlat\u0131r ve etkileri bak\u0131m\u0131ndan \u0130ran k\u00fclt\u00fcr\u00fcn\u00fcn belki de en \u00f6nemli yap\u0131t\u0131d\u0131r. Kendisinden sonraki y\u00fczlerce y\u0131l boyunca \u0130ran halk\u0131n\u0131 derinden etkilemi\u015f ve yazarlardan minyat\u00fcrc\u00fclere \u0130ran&#8217;l\u0131 sanat\u00e7\u0131lara esin kayna\u011f\u0131 olmu\u015ftur. Bu etki, g\u00fcn\u00fcm\u00fczde de canl\u0131d\u0131r. Vesta Sarkhosh Curtis&#8217;in \u0130ran Mitleri kitab\u0131 Avesta&#8217;dan yola \u00e7\u0131karak t\u00fcm bu mitleri modern bir bak\u0131\u015fla yeniden ele al\u0131yor. Bu mitlerin izini \u0130ran tarihi boyunca s\u00fcr\u00fcyor, hikayeleri birbirleriyle ili\u015fkilendiriyor ve ba\u011flamlar\u0131na oturtuyor. Curtis, British Museum&#8217;da eski \u0130ran sikkeleri k\u00fcrat\u00f6r\u00fc ve Britanya \u0130ran \u00c7al\u0131\u015fmalar\u0131 Enstit\u00fcs\u00fc&#8217;n\u00fcn yay\u0131nlad\u0131\u011f\u0131 Iran dergisinin edit\u00f6r\u00fcd\u00fcr. <\/p>\n","protected":false},"excerpt":{"rendered":"<p>Eski \u0130ran&#8217;\u0131n geleneksel \u00f6yk\u00fcleri iyi ile k\u00f6t\u00fc aras\u0131ndaki m\u00fccadeleleri, tanr\u0131lar\u0131n zaferlerini, kahramanlar\u0131n maceralar\u0131n\u0131, efsanevi ku\u015f Simurg gibi do\u011fa\u00fcst\u00fc varl\u0131klar\u0131 anlat\u0131r. Bu \u00f6yk\u00fclerin \u00e7o\u011fu da \u0130ran&#8217;\u0131n \u0130slam<span class=\"excerpt-hellip\"> [\u2026]<\/span><\/p>\n","protected":false},"featured_media":0,"template":"","meta":{"_monsterinsights_skip_tracking":false,"_monsterinsights_sitenote_active":false,"_monsterinsights_sitenote_note":"","_monsterinsights_sitenote_category":0},"product_brand":[],"product_cat":[12718,12858],"product_tag":[],"class_list":{"0":"post-707650","1":"product","2":"type-product","3":"status-publish","5":"product_cat-din","6":"product_cat-mitolojiler","7":"pa_cilt-ciltsiz","8":"pa_tur-kitap","9":"pa_yayinevi-phoenix-yayinevi","10":"pa_yazar-vesta-sarkhosh-curtis","12":"first","13":"instock","14":"sale","15":"shipping-taxable","16":"purchasable","17":"product-type-simple"},"_links":{"self":[{"href":"https:\/\/roveyayinevi.com.tr\/index.php\/wp-json\/wp\/v2\/product\/707650","targetHints":{"allow":["GET"]}}],"collection":[{"href":"https:\/\/roveyayinevi.com.tr\/index.php\/wp-json\/wp\/v2\/product"}],"about":[{"href":"https:\/\/roveyayinevi.com.tr\/index.php\/wp-json\/wp\/v2\/types\/product"}],"wp:attachment":[{"href":"https:\/\/roveyayinevi.com.tr\/index.php\/wp-json\/wp\/v2\/media?parent=707650"}],"wp:term":[{"taxonomy":"product_brand","embeddable":true,"href":"https:\/\/roveyayinevi.com.tr\/index.php\/wp-json\/wp\/v2\/product_brand?post=707650"},{"taxonomy":"product_cat","embeddable":true,"href":"https:\/\/roveyayinevi.com.tr\/index.php\/wp-json\/wp\/v2\/product_cat?post=707650"},{"taxonomy":"product_tag","embeddable":true,"href":"https:\/\/roveyayinevi.com.tr\/index.php\/wp-json\/wp\/v2\/product_tag?post=707650"}],"curies":[{"name":"wp","href":"https:\/\/api.w.org\/{rel}","templated":true}]}}