{"id":707649,"date":"2025-08-27T16:08:03","date_gmt":"2025-08-27T13:08:03","guid":{"rendered":"https:\/\/roveyayinevi.com.tr\/index.php\/urun\/yurt-renkleri-4\/"},"modified":"2026-04-16T02:16:21","modified_gmt":"2026-04-15T23:16:21","slug":"yurt-renkleri-4","status":"publish","type":"product","link":"https:\/\/roveyayinevi.com.tr\/index.php\/urun\/yurt-renkleri-4\/","title":{"rendered":"Yurt Renkleri 4"},"content":{"rendered":"<p>Yurt Renkleri dizisinin bu d\u00f6rd\u00fcnc\u00fc defteri i\u00e7inde piyano i\u00e7in 10 par\u00e7a bulunmaktad\u0131r.Zeybek, Hicaz, Rast, Romantik Vals, Karc\u0131\u011far, H\u00fcseyni, \u00c7erkes K\u0131z\u0131, Garip, Arpazl\u0131 Zeybe\u011fi, H\u00fcz\u00fcn adlar\u0131n\u0131 ta\u015f\u0131yan bu par\u00e7alar, adlar\u0131ndan da anla\u015f\u0131laca\u011f\u0131 gibi T\u00fcrk M\u00fczi\u011fi makamlar\u0131nda bestelenmi\u015ftir.D\u00f6rt defterin t\u00fcm\u00fc Kemal \u0130lerici&#8217;nin buldu\u011fu d\u00f6rtl\u00fc armoni sistemi i\u00e7inde d\u00fc\u015f\u00fcn\u00fclm\u00fc\u015f ve bestelenmi\u015ftir. \u0130lerici ve ilgili \u00e7evrelerce bu Yurt Renkleri dizisi, d\u00f6rtl\u00fc armoni sistemine \u00f6rnek g\u00f6sterilmi\u015ftir.Eser Dalk\u0131l\u0131\u00e7 CD&#8217;sinde d\u00f6rd\u00fcnc\u00fc defter olarak yer almaktad\u0131r. <\/p>\n","protected":false},"excerpt":{"rendered":"<p>Yurt Renkleri dizisinin bu d\u00f6rd\u00fcnc\u00fc defteri i\u00e7inde piyano i\u00e7in 10 par\u00e7a bulunmaktad\u0131r.Zeybek, Hicaz, Rast, Romantik Vals, Karc\u0131\u011far, H\u00fcseyni, \u00c7erkes K\u0131z\u0131, Garip, Arpazl\u0131 Zeybe\u011fi, H\u00fcz\u00fcn adlar\u0131n\u0131 ta\u015f\u0131yan<span class=\"excerpt-hellip\"> [\u2026]<\/span><\/p>\n","protected":false},"featured_media":0,"template":"","meta":{"_monsterinsights_skip_tracking":false,"_monsterinsights_sitenote_active":false,"_monsterinsights_sitenote_note":"","_monsterinsights_sitenote_category":0},"product_brand":[],"product_cat":[14556,14557],"product_tag":[],"class_list":{"0":"post-707649","1":"product","2":"type-product","3":"status-publish","5":"product_cat-muzik","6":"product_cat-nota-kitaplari","7":"pa_cilt-ciltsiz","8":"pa_tur-kitap","9":"pa_yayinevi-sun-yayinevi","10":"pa_yazar-muammer-sun","12":"first","13":"instock","14":"sale","15":"shipping-taxable","16":"purchasable","17":"product-type-simple"},"_links":{"self":[{"href":"https:\/\/roveyayinevi.com.tr\/index.php\/wp-json\/wp\/v2\/product\/707649","targetHints":{"allow":["GET"]}}],"collection":[{"href":"https:\/\/roveyayinevi.com.tr\/index.php\/wp-json\/wp\/v2\/product"}],"about":[{"href":"https:\/\/roveyayinevi.com.tr\/index.php\/wp-json\/wp\/v2\/types\/product"}],"wp:attachment":[{"href":"https:\/\/roveyayinevi.com.tr\/index.php\/wp-json\/wp\/v2\/media?parent=707649"}],"wp:term":[{"taxonomy":"product_brand","embeddable":true,"href":"https:\/\/roveyayinevi.com.tr\/index.php\/wp-json\/wp\/v2\/product_brand?post=707649"},{"taxonomy":"product_cat","embeddable":true,"href":"https:\/\/roveyayinevi.com.tr\/index.php\/wp-json\/wp\/v2\/product_cat?post=707649"},{"taxonomy":"product_tag","embeddable":true,"href":"https:\/\/roveyayinevi.com.tr\/index.php\/wp-json\/wp\/v2\/product_tag?post=707649"}],"curies":[{"name":"wp","href":"https:\/\/api.w.org\/{rel}","templated":true}]}}