{"id":707646,"date":"2025-08-27T16:08:01","date_gmt":"2025-08-27T13:08:01","guid":{"rendered":"https:\/\/roveyayinevi.com.tr\/index.php\/urun\/yurt-renkleri-1\/"},"modified":"2026-04-16T02:16:21","modified_gmt":"2026-04-15T23:16:21","slug":"yurt-renkleri-1","status":"publish","type":"product","link":"https:\/\/roveyayinevi.com.tr\/index.php\/urun\/yurt-renkleri-1\/","title":{"rendered":"Yurt Renkleri 1"},"content":{"rendered":"<p>Muammer Sun&#8217;un Yurt Renkleri adl\u0131 piyano yap\u0131tlar\u0131 4 ciltten olu\u015fuyor. Yurt Renkleri 1. Defter, ilk kez Ankara Devlet Konservatuvar\u0131 Yay\u0131nlar\u0131 aras\u0131nda bas\u0131lm\u0131\u015ft\u0131r.2. Kez Evrensel M\u00fczikevi&#8217;nin bast\u0131rd\u0131\u011f\u0131 eser, bu kez de SUN Yay\u0131nevi tarafndan yay\u0131nlanmaktad\u0131r.Yurt Renkleri 1. Defter i\u00e7inde, Uzun Hava &#8211; K\u0131r\u0131k Hava, Dinlenti &#8211; K\u00f6\u00e7ek\u00e7emsi, A\u011f\u0131t &#8211; Yakar\u0131, Gezinti &#8211; Oyun ba\u015fl\u0131klar\u0131n\u0131 ta\u015f\u0131yan d\u00f6rt b\u00f6l\u00fcm bulunmaktad\u0131r.Yurt Renkleri, T\u00fcrk M\u00fczi\u011fi makam dizileri i\u00e7inde ve d\u00f6rtl\u00fc armoni anlay\u0131\u015f\u0131 ile bestelenmi\u015f; \u00c7a\u011fda\u015f T\u00fcrk M\u00fczi\u011fi piyano da\u011farc\u0131\u011f\u0131n\u0131n en \u00e7ok seslendirilen eserlerinden birisi olmu\u015ftur.Piyano \u00f6\u011fretmenlerinin \u00e7ald\u0131\u011f\u0131, \u00f6\u011frencilerine \u00f6nerdi\u011fi &#8211; \u00e7ald\u0131rd\u0131\u011f\u0131 eser, konserlerde de s\u0131k s\u0131k yer almaktad\u0131r.De\u011ferli piyanist Hande Dalk\u0131l\u0131\u00e7 taraf\u0131ndan Yurt Renkleri dizisinin d\u00f6rt cildi birden seslendirilmi\u015f, Kalan M\u00fczik firmas\u0131 taraf\u0131ndan Yurt Renkleri ad\u0131yla CD olarak sat\u0131\u015fa sunulmu\u015ftur. <\/p>\n","protected":false},"excerpt":{"rendered":"<p>Muammer Sun&#8217;un Yurt Renkleri adl\u0131 piyano yap\u0131tlar\u0131 4 ciltten olu\u015fuyor. Yurt Renkleri 1. Defter, ilk kez Ankara Devlet Konservatuvar\u0131 Yay\u0131nlar\u0131 aras\u0131nda bas\u0131lm\u0131\u015ft\u0131r.2. Kez Evrensel M\u00fczikevi&#8217;nin bast\u0131rd\u0131\u011f\u0131<span class=\"excerpt-hellip\"> [\u2026]<\/span><\/p>\n","protected":false},"featured_media":0,"template":"","meta":{"_monsterinsights_skip_tracking":false,"_monsterinsights_sitenote_active":false,"_monsterinsights_sitenote_note":"","_monsterinsights_sitenote_category":0},"product_brand":[],"product_cat":[14591,14556],"product_tag":[],"class_list":{"0":"post-707646","1":"product","2":"type-product","3":"status-publish","5":"product_cat-genel-kavramlar-kuram-ve-tarihce","6":"product_cat-muzik","7":"pa_cilt-ciltsiz","8":"pa_tur-kitap","9":"pa_yayinevi-sun-yayinevi","10":"pa_yazar-muammer-sun","12":"first","13":"instock","14":"sale","15":"shipping-taxable","16":"purchasable","17":"product-type-simple"},"_links":{"self":[{"href":"https:\/\/roveyayinevi.com.tr\/index.php\/wp-json\/wp\/v2\/product\/707646","targetHints":{"allow":["GET"]}}],"collection":[{"href":"https:\/\/roveyayinevi.com.tr\/index.php\/wp-json\/wp\/v2\/product"}],"about":[{"href":"https:\/\/roveyayinevi.com.tr\/index.php\/wp-json\/wp\/v2\/types\/product"}],"wp:attachment":[{"href":"https:\/\/roveyayinevi.com.tr\/index.php\/wp-json\/wp\/v2\/media?parent=707646"}],"wp:term":[{"taxonomy":"product_brand","embeddable":true,"href":"https:\/\/roveyayinevi.com.tr\/index.php\/wp-json\/wp\/v2\/product_brand?post=707646"},{"taxonomy":"product_cat","embeddable":true,"href":"https:\/\/roveyayinevi.com.tr\/index.php\/wp-json\/wp\/v2\/product_cat?post=707646"},{"taxonomy":"product_tag","embeddable":true,"href":"https:\/\/roveyayinevi.com.tr\/index.php\/wp-json\/wp\/v2\/product_tag?post=707646"}],"curies":[{"name":"wp","href":"https:\/\/api.w.org\/{rel}","templated":true}]}}