{"id":707645,"date":"2025-08-27T16:08:01","date_gmt":"2025-08-27T13:08:01","guid":{"rendered":"https:\/\/roveyayinevi.com.tr\/index.php\/urun\/tom-gates-parlak-fikirler-cogunlukla-ciltli\/"},"modified":"2026-04-16T02:16:21","modified_gmt":"2026-04-15T23:16:21","slug":"tom-gates-parlak-fikirler-cogunlukla-ciltli","status":"publish","type":"product","link":"https:\/\/roveyayinevi.com.tr\/index.php\/urun\/tom-gates-parlak-fikirler-cogunlukla-ciltli\/","title":{"rendered":"Tom Gates Parlak Fikirler \u00c7o\u011funlukla (Ciltli)"},"content":{"rendered":"<p>Soru i\u015faretleri havada u\u00e7u\u015fuyor. Yoksa akl\u0131na parlak bir fikir mi geldi? Haaay\u0131r, bu imk\u00e2ns\u0131z! Neden mi? \u00c7\u00fcnk\u00fc kimse Tom&#8217;dan daha yarat\u0131c\u0131 olamaz. \u0130yisi mi sen bir k\u00f6\u015feye \u00e7ekil ve k\u0131p\u0131r k\u0131p\u0131r b\u00f6cek dans\u0131n\u0131n keyfini \u00e7\u0131kar.Tom Gates akl\u0131ndaki t\u00fcrl\u00fc parlak fikri yumurtlayadursun, etraf\u0131 da son h\u0131zla kar\u0131\u015fmaya devam ediyor: Pek sevgili k\u0131skan\u00e7 Marcus onunla adeta bir yar\u0131\u015fa giriyor ve t\u00fcm enerjisini harika fikirler \u00fcretmeye ad\u0131yor (maalesef bo\u015funa). Kevin amcas\u0131 kendini bir anda her \u015feyin uzman\u0131 ilan ediyor ve Tom&#8217;un babas\u0131n\u0131 her zamanki gibi \u00e7ileden \u00e7\u0131kar\u0131yor. Ha, bir de \u00e7\u0131lg\u0131n ablas\u0131 Delia var tabii; Delia ve ona yak\u0131\u015f\u0131r ye\u015fil sa\u00e7 felaketi&#8230;Bu arada, sana 10 puan 3 y\u0131ld\u0131z de\u011ferinde bir sorumuz var: KOCAMAN bir simit canavar\u0131n\u0131n seni yemesini nas\u0131l engellersin? Yan\u0131t\u0131 Tom Gates&#8217;in karamelli gofret tad\u0131ndaki yepyeni maceras\u0131nda gizli!S\u0131k\u0131 dur, Tom Gates yine \u00e7ok komik, yine \u00e7ok e\u011flenceli!<\/p>\n","protected":false},"excerpt":{"rendered":"<p>Soru i\u015faretleri havada u\u00e7u\u015fuyor. Yoksa akl\u0131na parlak bir fikir mi geldi? Haaay\u0131r, bu imk\u00e2ns\u0131z! Neden mi? \u00c7\u00fcnk\u00fc kimse Tom&#8217;dan daha yarat\u0131c\u0131 olamaz. \u0130yisi mi sen bir<span class=\"excerpt-hellip\"> [\u2026]<\/span><\/p>\n","protected":false},"featured_media":0,"template":"","meta":{"_monsterinsights_skip_tracking":false,"_monsterinsights_sitenote_active":false,"_monsterinsights_sitenote_note":"","_monsterinsights_sitenote_category":0},"product_brand":[],"product_cat":[12275,12274],"product_tag":[],"class_list":{"0":"post-707645","1":"product","2":"type-product","3":"status-publish","5":"product_cat-6-12-yas-kitaplari","6":"product_cat-cocuk-ve-genclik-kitaplari","7":"pa_cilt-ciltli","8":"pa_tur-kitap","9":"pa_yayinevi-tudem-yayinlari","10":"pa_yazar-liz-pichon","12":"first","13":"instock","14":"sale","15":"shipping-taxable","16":"purchasable","17":"product-type-simple"},"_links":{"self":[{"href":"https:\/\/roveyayinevi.com.tr\/index.php\/wp-json\/wp\/v2\/product\/707645","targetHints":{"allow":["GET"]}}],"collection":[{"href":"https:\/\/roveyayinevi.com.tr\/index.php\/wp-json\/wp\/v2\/product"}],"about":[{"href":"https:\/\/roveyayinevi.com.tr\/index.php\/wp-json\/wp\/v2\/types\/product"}],"wp:attachment":[{"href":"https:\/\/roveyayinevi.com.tr\/index.php\/wp-json\/wp\/v2\/media?parent=707645"}],"wp:term":[{"taxonomy":"product_brand","embeddable":true,"href":"https:\/\/roveyayinevi.com.tr\/index.php\/wp-json\/wp\/v2\/product_brand?post=707645"},{"taxonomy":"product_cat","embeddable":true,"href":"https:\/\/roveyayinevi.com.tr\/index.php\/wp-json\/wp\/v2\/product_cat?post=707645"},{"taxonomy":"product_tag","embeddable":true,"href":"https:\/\/roveyayinevi.com.tr\/index.php\/wp-json\/wp\/v2\/product_tag?post=707645"}],"curies":[{"name":"wp","href":"https:\/\/api.w.org\/{rel}","templated":true}]}}