{"id":707644,"date":"2025-08-27T16:08:00","date_gmt":"2025-08-27T13:08:00","guid":{"rendered":"https:\/\/roveyayinevi.com.tr\/index.php\/urun\/kucuk-burjuva-ideolojisinin-elestirisi\/"},"modified":"2026-04-16T02:16:21","modified_gmt":"2026-04-15T23:16:21","slug":"kucuk-burjuva-ideolojisinin-elestirisi","status":"publish","type":"product","link":"https:\/\/roveyayinevi.com.tr\/index.php\/urun\/kucuk-burjuva-ideolojisinin-elestirisi\/","title":{"rendered":"K\u00fc\u00e7\u00fck Burjuva \u0130deolojisinin Ele\u015ftirisi"},"content":{"rendered":"<p>Sosyalist ger\u00e7ek\u00e7i edebiyat\u0131n \u00f6nc\u00fcs\u00fc olan Maksim Gorki, K\u00fc\u00e7\u00fck Burjuva \u0130deolojisinin Ele\u015ftirisi\u2019nde kendilerini \u201ce\u015fsiz\u201d olarak g\u00f6ren k\u00fc\u00e7\u00fck burjuvalar\u0131n ikiy\u00fczl\u00fcl\u00fc\u011f\u00fcn\u00fc, bencilli\u011fini, omurgas\u0131zl\u0131\u011f\u0131n\u0131 anlat\u0131yor ve ayd\u0131n sorumlulu\u011funu yerine getirmeyen d\u00fc\u015f\u00fcnce, sanat ve edebiyat insanlar\u0131na olan m\u00fcthi\u015f tepkisini dile getiriyor. Bilginin, e\u011fitimin ve bilincin insanla\u015fmak i\u00e7in ya\u015famsal \u00f6nemi oldu\u011funu vurgulayarak, \u201cBiz ya\u015fam\u0131n arka avlusundan gelmi\u015f olan yoksullar, en \u00f6n s\u0131raya ge\u00e7ebilmek i\u00e7in \u00f6\u011frenmek, durmadan \u00f6\u011frenmek zorunday\u0131z,\u201d d\u00fc\u015f\u00fcncesi do\u011frultusunda insanl\u0131\u011f\u0131 uyar\u0131yor.K\u00fc\u00e7\u00fck Burjuva \u0130deolojisinin Ele\u015ftirisi, insan\u0131n o g\u00f6rkemli insanla\u015fma ser\u00fcveninin dam\u0131t\u0131lm\u0131\u015f d\u00fc\u015f\u00fcncelerini yans\u0131tan m\u00fcthi\u015f bir kapitalizm ele\u015ftirisidir.- \u00d6ner Ya\u011fc\u0131<\/p>\n","protected":false},"excerpt":{"rendered":"<p>Sosyalist ger\u00e7ek\u00e7i edebiyat\u0131n \u00f6nc\u00fcs\u00fc olan Maksim Gorki, K\u00fc\u00e7\u00fck Burjuva \u0130deolojisinin Ele\u015ftirisi\u2019nde kendilerini \u201ce\u015fsiz\u201d olarak g\u00f6ren k\u00fc\u00e7\u00fck burjuvalar\u0131n ikiy\u00fczl\u00fcl\u00fc\u011f\u00fcn\u00fc, bencilli\u011fini, omurgas\u0131zl\u0131\u011f\u0131n\u0131 anlat\u0131yor ve ayd\u0131n sorumlulu\u011funu yerine getirmeyen<span class=\"excerpt-hellip\"> [\u2026]<\/span><\/p>\n","protected":false},"featured_media":0,"template":"","meta":{"_monsterinsights_skip_tracking":false,"_monsterinsights_sitenote_active":false,"_monsterinsights_sitenote_note":"","_monsterinsights_sitenote_category":0},"product_brand":[],"product_cat":[12291,12711],"product_tag":[],"class_list":{"0":"post-707644","1":"product","2":"type-product","3":"status-publish","5":"product_cat-edebiyat","6":"product_cat-roman-oyku","7":"pa_cilt-ciltsiz","8":"pa_tur-kitap","9":"pa_yayinevi-say-yayinlari","10":"pa_yazar-maksim-gorki","12":"first","13":"instock","14":"sale","15":"shipping-taxable","16":"purchasable","17":"product-type-simple"},"_links":{"self":[{"href":"https:\/\/roveyayinevi.com.tr\/index.php\/wp-json\/wp\/v2\/product\/707644","targetHints":{"allow":["GET"]}}],"collection":[{"href":"https:\/\/roveyayinevi.com.tr\/index.php\/wp-json\/wp\/v2\/product"}],"about":[{"href":"https:\/\/roveyayinevi.com.tr\/index.php\/wp-json\/wp\/v2\/types\/product"}],"wp:attachment":[{"href":"https:\/\/roveyayinevi.com.tr\/index.php\/wp-json\/wp\/v2\/media?parent=707644"}],"wp:term":[{"taxonomy":"product_brand","embeddable":true,"href":"https:\/\/roveyayinevi.com.tr\/index.php\/wp-json\/wp\/v2\/product_brand?post=707644"},{"taxonomy":"product_cat","embeddable":true,"href":"https:\/\/roveyayinevi.com.tr\/index.php\/wp-json\/wp\/v2\/product_cat?post=707644"},{"taxonomy":"product_tag","embeddable":true,"href":"https:\/\/roveyayinevi.com.tr\/index.php\/wp-json\/wp\/v2\/product_tag?post=707644"}],"curies":[{"name":"wp","href":"https:\/\/api.w.org\/{rel}","templated":true}]}}