{"id":707642,"date":"2025-08-27T16:08:00","date_gmt":"2025-08-27T13:08:00","guid":{"rendered":"https:\/\/roveyayinevi.com.tr\/index.php\/urun\/piyano-icin-turk-sanat-muzigi-sarkilari\/"},"modified":"2026-04-16T02:16:21","modified_gmt":"2026-04-15T23:16:21","slug":"piyano-icin-turk-sanat-muzigi-sarkilari","status":"publish","type":"product","link":"https:\/\/roveyayinevi.com.tr\/index.php\/urun\/piyano-icin-turk-sanat-muzigi-sarkilari\/","title":{"rendered":"Piyano \u0130\u00e7in T\u00fcrk Sanat M\u00fczi\u011fi \u015eark\u0131lar\u0131"},"content":{"rendered":"<p>Bu kitap hem mesleki m\u00fczik e\u011fitimi kurumlar\u0131 (konservatuvar, e\u011fitim ve g\u00fczel sanatlar fak\u00fcltelerinin m\u00fczik b\u00f6l\u00fcmleri ile g\u00fczel sanatlar lisesi) \u00f6\u011frencileri hem de amat\u00f6r piyano \u00f6\u011frencileri ve \u00f6\u011fretmenleri i\u00e7in T\u00fcrk Sanat M\u00fczi\u011fi repertuvar\u0131n\u0131n e\u011fitim m\u00fczi\u011fine kazand\u0131r\u0131lmas\u0131 amac\u0131yla taraf\u0131mdan Yrd.Do\u00e7.Dr. Yavuz Durak ve \u00d6\u011fr.G\u00f6r. M. \u015eahin Ak\u0131nc\u0131\u2019ya sipari\u015f edilmi\u015ftir. \ufffcTan\u0131t\u0131m Metni<\/p>\n","protected":false},"excerpt":{"rendered":"<p>Bu kitap hem mesleki m\u00fczik e\u011fitimi kurumlar\u0131 (konservatuvar, e\u011fitim ve g\u00fczel sanatlar fak\u00fcltelerinin m\u00fczik b\u00f6l\u00fcmleri ile g\u00fczel sanatlar lisesi) \u00f6\u011frencileri hem de amat\u00f6r piyano \u00f6\u011frencileri ve<span class=\"excerpt-hellip\"> [\u2026]<\/span><\/p>\n","protected":false},"featured_media":0,"template":"","meta":{"_monsterinsights_skip_tracking":false,"_monsterinsights_sitenote_active":false,"_monsterinsights_sitenote_note":"","_monsterinsights_sitenote_category":0},"product_brand":[],"product_cat":[14556,20810],"product_tag":[],"class_list":{"0":"post-707642","1":"product","2":"type-product","3":"status-publish","5":"product_cat-muzik","6":"product_cat-ogrenim-kitaplari","7":"pa_cilt-ciltsiz","8":"pa_tur-kitap","9":"pa_yayinevi-muzik-egitimi-yayinlari","10":"pa_yazar-kolektif","12":"first","13":"instock","14":"sale","15":"shipping-taxable","16":"purchasable","17":"product-type-simple"},"_links":{"self":[{"href":"https:\/\/roveyayinevi.com.tr\/index.php\/wp-json\/wp\/v2\/product\/707642","targetHints":{"allow":["GET"]}}],"collection":[{"href":"https:\/\/roveyayinevi.com.tr\/index.php\/wp-json\/wp\/v2\/product"}],"about":[{"href":"https:\/\/roveyayinevi.com.tr\/index.php\/wp-json\/wp\/v2\/types\/product"}],"wp:attachment":[{"href":"https:\/\/roveyayinevi.com.tr\/index.php\/wp-json\/wp\/v2\/media?parent=707642"}],"wp:term":[{"taxonomy":"product_brand","embeddable":true,"href":"https:\/\/roveyayinevi.com.tr\/index.php\/wp-json\/wp\/v2\/product_brand?post=707642"},{"taxonomy":"product_cat","embeddable":true,"href":"https:\/\/roveyayinevi.com.tr\/index.php\/wp-json\/wp\/v2\/product_cat?post=707642"},{"taxonomy":"product_tag","embeddable":true,"href":"https:\/\/roveyayinevi.com.tr\/index.php\/wp-json\/wp\/v2\/product_tag?post=707642"}],"curies":[{"name":"wp","href":"https:\/\/api.w.org\/{rel}","templated":true}]}}