{"id":707641,"date":"2025-08-27T16:07:59","date_gmt":"2025-08-27T13:07:59","guid":{"rendered":"https:\/\/roveyayinevi.com.tr\/index.php\/urun\/san-icin-piyano-eslikli-9-turku\/"},"modified":"2026-04-16T02:16:21","modified_gmt":"2026-04-15T23:16:21","slug":"san-icin-piyano-eslikli-9-turku","status":"publish","type":"product","link":"https:\/\/roveyayinevi.com.tr\/index.php\/urun\/san-icin-piyano-eslikli-9-turku\/","title":{"rendered":"\u015ean \u0130\u00e7in Piyano E\u015flikli 9 T\u00fcrk\u00fc"},"content":{"rendered":"<p>\u0130lk kitapta oldu\u011fu gibi bu kitap da ses da\u011far\u0131na eklenen yeni bir \u00fcr\u00fcn; yeni bir ses ve nefes. Farkl\u0131 y\u00f6relere ait zengin halk m\u00fczi\u011fimiz, her biri en derin duygular\u0131 yal\u0131n ve i\u00e7ten bir anlat\u0131mla dile getiren \u015fiirler \u00fczerine yak\u0131lm\u0131\u015f ezgilerimizdir. Bu kitaptaki dokuz ezgi, modal ve ritmik yap\u0131 \u00f6zellikleri ile s\u00f6zel zenginli\u011finden kaynaklanan g\u00fczelliklerine, \u00e7oksesli dokunun derinlik ve t\u0131n\u0131sal renkleri de eklenerek yeniden yarat\u0131lm\u0131\u015f ve m\u00fczik d\u00fcnyam\u0131za sunulmu\u015ftur.Farkl\u0131 co\u011frafyadan ve farkl\u0131 k\u00fclt\u00fcrden iki m\u00fczik\u00e7inin kendi duyu\u015f ve d\u00fc\u015f\u00fcncelerini aktararak d\u00fczenledikleri bu t\u00fcrk\u00fcler, m\u00fczi\u011fin s\u0131n\u0131r tan\u0131mayan etki g\u00fcc\u00fcyle her topraktan, her k\u00fclt\u00fcrden insana ve g\u00f6n\u00fcllere seslenecektir.Her bir t\u00fcrk\u00fcn\u00fcn modal dizisinin, aktar\u0131m yoluyla d\u00f6rt farkl\u0131 insan sesi t\u00fcr\u00fcn\u00fcn \u00f6zelliklerine uygun olarak d\u00fczenlenmesi, farkl\u0131 ses t\u00fcrlerine sahip seslendiricilerin kendilerine uygun bir se\u00e7im yapmalar\u0131na olanak sa\u011flayacakt\u0131r. Ayr\u0131ca \u00f6nceki kitap da oldu\u011fu gibi bu yeni kitab\u0131n \u00f6zelli\u011fi de daha az seslendirilen t\u00fcrk\u00fclere yer verilmi\u015f olmas\u0131d\u0131r. Kitapta her eserin d\u00f6rt farkl\u0131 tondaki notas\u0131 ile bunlar\u0131n MP3 piyano e\u015fliklerine de yer verimi\u015ftir.Ses e\u011fitimi alan\u0131 her d\u00fczeydeki seslendiricinin zevkle yorumlayaca\u011f\u0131 yeni t\u00fcrk\u00fclere kavu\u015fmu\u015ftur. Bu g\u00fczel t\u00fcrk\u00fcler sesleri ve seslendiricilerini beklemektedir.\ufffcTan\u0131t\u0131m Metni<\/p>\n","protected":false},"excerpt":{"rendered":"<p>\u0130lk kitapta oldu\u011fu gibi bu kitap da ses da\u011far\u0131na eklenen yeni bir \u00fcr\u00fcn; yeni bir ses ve nefes. Farkl\u0131 y\u00f6relere ait zengin halk m\u00fczi\u011fimiz, her biri<span class=\"excerpt-hellip\"> [\u2026]<\/span><\/p>\n","protected":false},"featured_media":0,"template":"","meta":{"_monsterinsights_skip_tracking":false,"_monsterinsights_sitenote_active":false,"_monsterinsights_sitenote_note":"","_monsterinsights_sitenote_category":0},"product_brand":[],"product_cat":[14556,20810],"product_tag":[],"class_list":{"0":"post-707641","1":"product","2":"type-product","3":"status-publish","5":"product_cat-muzik","6":"product_cat-ogrenim-kitaplari","7":"pa_cilt-ciltsiz","8":"pa_tur-kitap","9":"pa_yayinevi-muzik-egitimi-yayinlari","10":"pa_yazar-vsevolod-kuzmin","12":"first","13":"instock","14":"sale","15":"shipping-taxable","16":"purchasable","17":"product-type-simple"},"_links":{"self":[{"href":"https:\/\/roveyayinevi.com.tr\/index.php\/wp-json\/wp\/v2\/product\/707641","targetHints":{"allow":["GET"]}}],"collection":[{"href":"https:\/\/roveyayinevi.com.tr\/index.php\/wp-json\/wp\/v2\/product"}],"about":[{"href":"https:\/\/roveyayinevi.com.tr\/index.php\/wp-json\/wp\/v2\/types\/product"}],"wp:attachment":[{"href":"https:\/\/roveyayinevi.com.tr\/index.php\/wp-json\/wp\/v2\/media?parent=707641"}],"wp:term":[{"taxonomy":"product_brand","embeddable":true,"href":"https:\/\/roveyayinevi.com.tr\/index.php\/wp-json\/wp\/v2\/product_brand?post=707641"},{"taxonomy":"product_cat","embeddable":true,"href":"https:\/\/roveyayinevi.com.tr\/index.php\/wp-json\/wp\/v2\/product_cat?post=707641"},{"taxonomy":"product_tag","embeddable":true,"href":"https:\/\/roveyayinevi.com.tr\/index.php\/wp-json\/wp\/v2\/product_tag?post=707641"}],"curies":[{"name":"wp","href":"https:\/\/api.w.org\/{rel}","templated":true}]}}