{"id":707640,"date":"2025-08-27T16:07:59","date_gmt":"2025-08-27T13:07:59","guid":{"rendered":"https:\/\/roveyayinevi.com.tr\/index.php\/urun\/viyolonsel-ve-gitar-icin-sayiklamalar\/"},"modified":"2026-04-16T02:16:21","modified_gmt":"2026-04-15T23:16:21","slug":"viyolonsel-ve-gitar-icin-sayiklamalar","status":"publish","type":"product","link":"https:\/\/roveyayinevi.com.tr\/index.php\/urun\/viyolonsel-ve-gitar-icin-sayiklamalar\/","title":{"rendered":"Viyolonsel ve Gitar \u0130\u00e7in Say\u0131klamalar"},"content":{"rendered":"<p>Say\u0131klamalar, viyolonsel \u2013 gitar i\u00e7in T\u00fcrkiye\u2019de bestelenen eserlerin eksikli\u011fi g\u00f6z \u00f6n\u00fcnde bulundurularak bu alanda literat\u00fcre katk\u0131 sunmak amac\u0131yla bestelenmi\u015f bir eserdir. Birbirini tamamlayan, birbiri ard\u0131na \u00e7al\u0131narak bir b\u00fct\u00fcnl\u00fck olu\u015fturan d\u00f6rt b\u00f6l\u00fcmden olu\u015fan Say\u0131klamalar lirik ve tonal bir eserdir. Say\u0131klamalar\u2019\u0131n bitiminden hemen sonra ba\u015flayan, Say\u0131klamalar\u2019\u0131n devam\u0131 olarak ele al\u0131nabilecek Say\u0131klama adl\u0131 eser, solo gitar i\u00e7in yaz\u0131lm\u0131\u015f olup bir i\u00e7 ses olarak d\u00fc\u015f\u00fcn\u00fclm\u00fc\u015ft\u00fcr. Say\u0131klama ayr\u0131 \u00e7al\u0131nabilece\u011fi gibi Say\u0131klamalar\u2019dan hemen sonra icra edilmesi de eserin b\u00fct\u00fcnl\u00fc\u011f\u00fc a\u00e7\u0131s\u0131ndan uygundur. Say\u0131klamalar, 2010 yaz\u0131nda bir Eski\u015fehir gezisinde bestecinin r\u00fcyas\u0131nda say\u0131klad\u0131\u011f\u0131 melodileri notaya aktarmas\u0131yla besteye d\u00f6n\u00fc\u015ft\u00fc\u011f\u00fc i\u00e7in bu ad\u0131 alm\u0131\u015ft\u0131r. \u0130lk ba\u015fta sadece solo gitar i\u00e7in d\u00fc\u015f\u00fcn\u00fclen eser, daha sonra gitar \u2013 \u00e7ello i\u00e7in yaz\u0131lm\u0131\u015f bir esere d\u00f6n\u00fc\u015ft\u00fcr\u00fclm\u00fc\u015ft\u00fcr. Eser Ozan Eren taraf\u0131ndan bestelenmi\u015f ve eserin b\u00fct\u00fcn d\u00fczenlemeleri kompozit\u00f6r \u0130lke \u015een taraf\u0131ndan yap\u0131lm\u0131\u015ft\u0131r. Solo gitar i\u00e7in bestelenen Say\u0131klama, 12 \u2013 15 Temmuz 2012\u2019de Bilkent Konser Salonu\u2019nda d\u00fczenlenen 6. T\u00fcrkiye Klasik Gitar Bulu\u015fmas\u0131\u2019nda gitarist Erdal Yap\u0131c\u0131 taraf\u0131ndan icra edilmi\u015ftir. Say\u0131klamalar, bir Eski\u015fehir hat\u0131ras\u0131na adanm\u0131\u015ft\u0131r.\ufffcTan\u0131t\u0131m Metni<\/p>\n","protected":false},"excerpt":{"rendered":"<p>Say\u0131klamalar, viyolonsel \u2013 gitar i\u00e7in T\u00fcrkiye\u2019de bestelenen eserlerin eksikli\u011fi g\u00f6z \u00f6n\u00fcnde bulundurularak bu alanda literat\u00fcre katk\u0131 sunmak amac\u0131yla bestelenmi\u015f bir eserdir. Birbirini tamamlayan, birbiri ard\u0131na \u00e7al\u0131narak<span class=\"excerpt-hellip\"> [\u2026]<\/span><\/p>\n","protected":false},"featured_media":0,"template":"","meta":{"_monsterinsights_skip_tracking":false,"_monsterinsights_sitenote_active":false,"_monsterinsights_sitenote_note":"","_monsterinsights_sitenote_category":0},"product_brand":[],"product_cat":[14556,14557],"product_tag":[],"class_list":{"0":"post-707640","1":"product","2":"type-product","3":"status-publish","5":"product_cat-muzik","6":"product_cat-nota-kitaplari","7":"pa_cilt-ciltsiz","8":"pa_tur-kitap","9":"pa_yayinevi-muzik-egitimi-yayinlari","10":"pa_yazar-ozan-eren","12":"first","13":"instock","14":"sale","15":"shipping-taxable","16":"purchasable","17":"product-type-simple"},"_links":{"self":[{"href":"https:\/\/roveyayinevi.com.tr\/index.php\/wp-json\/wp\/v2\/product\/707640","targetHints":{"allow":["GET"]}}],"collection":[{"href":"https:\/\/roveyayinevi.com.tr\/index.php\/wp-json\/wp\/v2\/product"}],"about":[{"href":"https:\/\/roveyayinevi.com.tr\/index.php\/wp-json\/wp\/v2\/types\/product"}],"wp:attachment":[{"href":"https:\/\/roveyayinevi.com.tr\/index.php\/wp-json\/wp\/v2\/media?parent=707640"}],"wp:term":[{"taxonomy":"product_brand","embeddable":true,"href":"https:\/\/roveyayinevi.com.tr\/index.php\/wp-json\/wp\/v2\/product_brand?post=707640"},{"taxonomy":"product_cat","embeddable":true,"href":"https:\/\/roveyayinevi.com.tr\/index.php\/wp-json\/wp\/v2\/product_cat?post=707640"},{"taxonomy":"product_tag","embeddable":true,"href":"https:\/\/roveyayinevi.com.tr\/index.php\/wp-json\/wp\/v2\/product_tag?post=707640"}],"curies":[{"name":"wp","href":"https:\/\/api.w.org\/{rel}","templated":true}]}}