{"id":707639,"date":"2025-08-27T16:07:58","date_gmt":"2025-08-27T13:07:58","guid":{"rendered":"https:\/\/roveyayinevi.com.tr\/index.php\/urun\/burkard-piyano-metodu\/"},"modified":"2026-04-16T02:16:21","modified_gmt":"2026-04-15T23:16:21","slug":"burkard-piyano-metodu","status":"publish","type":"product","link":"https:\/\/roveyayinevi.com.tr\/index.php\/urun\/burkard-piyano-metodu\/","title":{"rendered":"Burkard Piyano Metodu"},"content":{"rendered":"<p>Alexander Burkard taraf\u0131ndan 1906 y\u0131l\u0131nda ba\u015flang\u0131\u00e7 piyano e\u011fitimi i\u00e7in yaz\u0131lan bu kitap piyano \u00f6\u011fretiminde adeta bir d\u00f6n\u00fcm noktas\u0131d\u0131r. Bundan sonra yay\u0131nlanan piyano metotlar\u0131n\u0131n bir\u00e7o\u011fu \u201cOrta Do Y\u00f6ntemi\u201d olarak bilinen Burkard\u2019\u0131n y\u00f6ntemine dayanm\u0131\u015ft\u0131r. Bu y\u00f6ntemde her iki el, orta do tu\u015fu \u00fczerindeki 1.parmaklar ile ba\u015flamaktad\u0131r. Orta do notas\u0131, fa ve sol anahtarlar\u0131 aras\u0131nda bir k\u00f6pr\u00fc olu\u015fturmaktad\u0131r. Birinci parmaklar\u0131n ard\u0131ndan da a\u015famal\u0131 ve simetrik olarak di\u011fer parmaklar kullan\u0131lmaktad\u0131r.23 y\u0131ld\u0131r piyano dersleri vermekte olan bir piyano e\u011fitimcisi olarak Burkard ile ba\u015flang\u0131\u00e7 yapan \u00f6\u011frencilerimin \u00e7ok daha sa\u011flam bir altyap\u0131ya sahip oldu\u011funu g\u00f6zlemledim. Bu metodun hayran oldu\u011fum ba\u015fka bir y\u00f6n\u00fc de \u00f6zellikle m\u00fczik kuramlar\u0131n\u0131 hi\u00e7 hissettirmeden \u00f6\u011frencilere kazand\u0131r\u0131yor olmas\u0131d\u0131r. Ba\u015fka bir ifadeyle hi\u00e7 nota bilmeyen bir \u00f6\u011frenci bu kitap sayesinde \u00e7ok k\u0131sa bir s\u00fcrede b\u00fct\u00fcn notalar\u0131, sol ve fa anahtar\u0131 ile birlikte \u00f6\u011frenebilmektedir.Bu metodun T\u00fcrkiye\u2019de M\u00fczik E\u011fitimi Yay\u0131nlar\u0131 taraf\u0131ndan yeniden bas\u0131m\u0131n\u0131n g\u00fcndeme gelmesiyle birlikte, y\u0131llard\u0131r \u201cke\u015fke \u015furas\u0131 \u015f\u00f6yle olsayd\u0131\u201d dedi\u011fim noktalar\u0131n hepsini hayata ge\u00e7irme olana\u011f\u0131 buldum. Bu \u00e7er\u00e7evede 21 numaral\u0131 et\u00fctten itibaren ba\u011flar ve ayra\u00e7lar birlikte kullan\u0131l\u0131p hemen sonras\u0131nda da standart g\u00f6sterim olan ifade ba\u011f\u0131na ge\u00e7ilmi\u015f ve eksik \u00f6l\u00e7\u00fc kavram\u0131n\u0131n m\u00fczikteki standart kullan\u0131m\u0131 ve dolap kavram\u0131 ba\u015ftan itibaren verilmeye \u00e7al\u0131\u015f\u0131lm\u0131\u015ft\u0131r. Ayr\u0131ca kitaba parmak numaralar\u0131ndaki k\u00fc\u00e7\u00fck de\u011fi\u015fiklikler ve T\u00fcrk\u00e7e anlat\u0131ml\u0131 konu dipnotlar\u0131 eklenmi\u015f, Almanca eser isimleri T\u00fcrk\u00e7ele\u015ftirilmi\u015ftir.Orijinal edisyonun bir sorunu da kitab\u0131n yatay ve dar olarak bas\u0131lm\u0131\u015f olmas\u0131yd\u0131. Bu d\u00fczen nota okunmas\u0131nda her zaman kar\u015f\u0131ma bir problem olarak \u00e7\u0131kmaktayd\u0131. Bu nedenle kitab\u0131 yeniden tasarlarken dikey basmaya ve bu sayede de daha geni\u015f bir g\u00f6r\u00fcn\u00fc\u015fe sahip olan sayfa d\u00fczeniyle nota kalabal\u0131\u011f\u0131n\u0131 ortadan kald\u0131rmaya \u00e7al\u0131\u015ft\u0131k. Piyano e\u011fitimi veren b\u00fct\u00fcn \u00f6\u011fretmenlerimiz taraf\u0131ndan be\u011fenilerek kullan\u0131lmas\u0131 dile\u011fiyle.- Yrd. Do\u00e7. Dr. Yavuz DURAK &#8211; A\u0130B\u00dc. M\u00fczik E\u011fitimi Anabilim Dal<\/p>\n","protected":false},"excerpt":{"rendered":"<p>Alexander Burkard taraf\u0131ndan 1906 y\u0131l\u0131nda ba\u015flang\u0131\u00e7 piyano e\u011fitimi i\u00e7in yaz\u0131lan bu kitap piyano \u00f6\u011fretiminde adeta bir d\u00f6n\u00fcm noktas\u0131d\u0131r. Bundan sonra yay\u0131nlanan piyano metotlar\u0131n\u0131n bir\u00e7o\u011fu \u201cOrta Do<span class=\"excerpt-hellip\"> [\u2026]<\/span><\/p>\n","protected":false},"featured_media":0,"template":"","meta":{"_monsterinsights_skip_tracking":false,"_monsterinsights_sitenote_active":false,"_monsterinsights_sitenote_note":"","_monsterinsights_sitenote_category":0},"product_brand":[],"product_cat":[14591,14556],"product_tag":[],"class_list":{"0":"post-707639","1":"product","2":"type-product","3":"status-publish","5":"product_cat-genel-kavramlar-kuram-ve-tarihce","6":"product_cat-muzik","7":"pa_cilt-ciltsiz","8":"pa_tur-kitap","9":"pa_yayinevi-muzik-egitimi-yayinlari","10":"pa_yazar-kollektif","12":"first","13":"instock","14":"sale","15":"shipping-taxable","16":"purchasable","17":"product-type-simple"},"_links":{"self":[{"href":"https:\/\/roveyayinevi.com.tr\/index.php\/wp-json\/wp\/v2\/product\/707639","targetHints":{"allow":["GET"]}}],"collection":[{"href":"https:\/\/roveyayinevi.com.tr\/index.php\/wp-json\/wp\/v2\/product"}],"about":[{"href":"https:\/\/roveyayinevi.com.tr\/index.php\/wp-json\/wp\/v2\/types\/product"}],"wp:attachment":[{"href":"https:\/\/roveyayinevi.com.tr\/index.php\/wp-json\/wp\/v2\/media?parent=707639"}],"wp:term":[{"taxonomy":"product_brand","embeddable":true,"href":"https:\/\/roveyayinevi.com.tr\/index.php\/wp-json\/wp\/v2\/product_brand?post=707639"},{"taxonomy":"product_cat","embeddable":true,"href":"https:\/\/roveyayinevi.com.tr\/index.php\/wp-json\/wp\/v2\/product_cat?post=707639"},{"taxonomy":"product_tag","embeddable":true,"href":"https:\/\/roveyayinevi.com.tr\/index.php\/wp-json\/wp\/v2\/product_tag?post=707639"}],"curies":[{"name":"wp","href":"https:\/\/api.w.org\/{rel}","templated":true}]}}