{"id":707637,"date":"2025-08-27T16:07:57","date_gmt":"2025-08-27T13:07:57","guid":{"rendered":"https:\/\/roveyayinevi.com.tr\/index.php\/urun\/gunah-kok-saldiginda\/"},"modified":"2026-04-16T02:16:21","modified_gmt":"2026-04-15T23:16:21","slug":"gunah-kok-saldiginda","status":"publish","type":"product","link":"https:\/\/roveyayinevi.com.tr\/index.php\/urun\/gunah-kok-saldiginda\/","title":{"rendered":"G\u00fcnah K\u00f6k Sald\u0131\u011f\u0131nda"},"content":{"rendered":"<p>\u201cO sene ya\u015fananlar, mahalleden toplu g\u00f6\u00e7\u00fcn ard\u0131nda yatan ger\u00e7ek sebepti. O sene, Pikan Cevizcisi\u2019nin senesiydi. S\u0131ska, ihtiyar, zenci bir adam\u0131n hayatlar\u0131m\u0131z \u00fczerinde ne kadar etkisi olabilece\u011fini hi\u00e7birimiz bilmiyorduk, ama \u00e7ok ge\u00e7meden \u00f6\u011frendik.\u201dKom\u015fu \u00e7ocuklar\u0131n\u0131n Pikan Cevizcisi dedikleri, evsiz, siyahi bir adam; Eldred Mims\u2026 \u0130htiyar Eldred Mims\u2019i bah\u00e7e i\u015fleri i\u00e7in kiralayarak \u0131rk\u00e7\u0131 kom\u015fular\u0131n\u0131n tepkisini \u00e7eken, dul ve \u00e7ocuksuz Ora Lee Beckworth\u2026 B\u00fct\u00fcn hayat\u0131n\u0131 Ora Lee\u2019nin ev i\u015flerini g\u00f6rmekle ge\u00e7irmi\u015f, be\u015f \u00e7ocu\u011funu babas\u0131z yeti\u015ftirmeye \u00e7al\u0131\u015fan siyahi hizmet\u00e7i Blanche\u20261976 yaz\u0131nda ya\u015fanan bir tecav\u00fcz vakas\u0131 ve i\u015flenen bir cinayet, bu \u00fc\u00e7 yeti\u015fkini, korkun\u00e7 bir s\u0131rr\u0131 tam yirmi be\u015f y\u0131l boyunca saklamak zorunda b\u0131rak\u0131r. Eldred Mims hapiste \u00f6l\u00fcnce Ora Lee, Pikan Cevizcisi ile ilgili ger\u00e7e\u011fi anlatmaya karar verir. Pikan Cevizcisi\u2019nin hik\u00e2yesi asl\u0131nda bamba\u015fka, h\u00fcz\u00fcnl\u00fc bir s\u0131rr\u0131n da hikayesidir.Harper Lee\u2019nin B\u00fclb\u00fcl\u00fc \u00d6ld\u00fcrmek roman\u0131 k\u0131vam\u0131nda, her sat\u0131r\u0131nda vicdan\u0131n ve adaletin ne oldu\u011funu sorgulayaca\u011f\u0131n\u0131z bir roman\u2026<\/p>\n","protected":false},"excerpt":{"rendered":"<p>\u201cO sene ya\u015fananlar, mahalleden toplu g\u00f6\u00e7\u00fcn ard\u0131nda yatan ger\u00e7ek sebepti. O sene, Pikan Cevizcisi\u2019nin senesiydi. S\u0131ska, ihtiyar, zenci bir adam\u0131n hayatlar\u0131m\u0131z \u00fczerinde ne kadar etkisi olabilece\u011fini<span class=\"excerpt-hellip\"> [\u2026]<\/span><\/p>\n","protected":false},"featured_media":0,"template":"","meta":{"_monsterinsights_skip_tracking":false,"_monsterinsights_sitenote_active":false,"_monsterinsights_sitenote_note":"","_monsterinsights_sitenote_category":0},"product_brand":[],"product_cat":[12291,12711],"product_tag":[],"class_list":{"0":"post-707637","1":"product","2":"type-product","3":"status-publish","5":"product_cat-edebiyat","6":"product_cat-roman-oyku","7":"pa_cilt-ciltsiz","8":"pa_tur-kitap","9":"pa_yayinevi-nora-kitap","10":"pa_yazar-cassie-dandridge-selleck","12":"first","13":"instock","14":"sale","15":"shipping-taxable","16":"purchasable","17":"product-type-simple"},"_links":{"self":[{"href":"https:\/\/roveyayinevi.com.tr\/index.php\/wp-json\/wp\/v2\/product\/707637","targetHints":{"allow":["GET"]}}],"collection":[{"href":"https:\/\/roveyayinevi.com.tr\/index.php\/wp-json\/wp\/v2\/product"}],"about":[{"href":"https:\/\/roveyayinevi.com.tr\/index.php\/wp-json\/wp\/v2\/types\/product"}],"wp:attachment":[{"href":"https:\/\/roveyayinevi.com.tr\/index.php\/wp-json\/wp\/v2\/media?parent=707637"}],"wp:term":[{"taxonomy":"product_brand","embeddable":true,"href":"https:\/\/roveyayinevi.com.tr\/index.php\/wp-json\/wp\/v2\/product_brand?post=707637"},{"taxonomy":"product_cat","embeddable":true,"href":"https:\/\/roveyayinevi.com.tr\/index.php\/wp-json\/wp\/v2\/product_cat?post=707637"},{"taxonomy":"product_tag","embeddable":true,"href":"https:\/\/roveyayinevi.com.tr\/index.php\/wp-json\/wp\/v2\/product_tag?post=707637"}],"curies":[{"name":"wp","href":"https:\/\/api.w.org\/{rel}","templated":true}]}}