{"id":707634,"date":"2025-08-27T16:07:22","date_gmt":"2025-08-27T13:07:22","guid":{"rendered":"https:\/\/roveyayinevi.com.tr\/index.php\/urun\/musikiye-adanmis-bir-omur\/"},"modified":"2026-04-16T02:16:21","modified_gmt":"2026-04-15T23:16:21","slug":"musikiye-adanmis-bir-omur","status":"publish","type":"product","link":"https:\/\/roveyayinevi.com.tr\/index.php\/urun\/musikiye-adanmis-bir-omur\/","title":{"rendered":"Musikiye Adanm\u0131\u015f Bir \u00d6m\u00fcr"},"content":{"rendered":"<p>\u00d6yle biliyordu, \u00f6yle inan\u0131yordu, i\u00e7ine \u00f6yle do\u011fuyordu ki Allah\u2019\u0131n inayetiyle, ba\u015flang\u0131c\u0131 belli olmayan bir zamanda y\u00fcre\u011fiyle per\u00e7inlendi\u011fi b\u00fcy\u00fcklerinin himmetiyle, inan\u00e7l\u0131 gayretiyle mutlaka iyi musikinin yan\u0131nda olacak ve ba\u015fkalar\u0131na da \u00f6\u011fretecekti. Bu \u2018iyi musiki\u2019 de san\u2019at \u00fcr\u00fcn\u00fc olma \u00f6zelli\u011fi ta\u015f\u0131yan, insan g\u00f6nl\u00fcn\u00fc y\u00fccelten, yery\u00fcz\u00fcn\u00fcn \u00e7ok geni\u015f bir alan\u0131nda y\u00fczy\u0131llardan beri \u00e7al\u0131n\u0131p s\u00f6ylenen, asl\u00ee \u00f6zelliklerini kaybetmemi\u015f, milli benli\u011fimizi kavrayan bir m\u00fbsik\u00eeydi, yani T\u00fcrk musikisiydi.<\/p>\n","protected":false},"excerpt":{"rendered":"<p>\u00d6yle biliyordu, \u00f6yle inan\u0131yordu, i\u00e7ine \u00f6yle do\u011fuyordu ki Allah\u2019\u0131n inayetiyle, ba\u015flang\u0131c\u0131 belli olmayan bir zamanda y\u00fcre\u011fiyle per\u00e7inlendi\u011fi b\u00fcy\u00fcklerinin himmetiyle, inan\u00e7l\u0131 gayretiyle mutlaka iyi musikinin yan\u0131nda olacak<span class=\"excerpt-hellip\"> [\u2026]<\/span><\/p>\n","protected":false},"featured_media":0,"template":"","meta":{"_monsterinsights_skip_tracking":false,"_monsterinsights_sitenote_active":false,"_monsterinsights_sitenote_note":"","_monsterinsights_sitenote_category":0},"product_brand":[],"product_cat":[14009,12291],"product_tag":[],"class_list":{"0":"post-707634","1":"product","2":"type-product","3":"status-publish","5":"product_cat-biyografi-otobiyografi-edebiyat","6":"product_cat-edebiyat","7":"pa_cilt-ciltsiz","8":"pa_tur-kitap","9":"pa_yayinevi-nefes-yayincilik","10":"pa_yazar-ergun-balci","12":"first","13":"instock","14":"sale","15":"shipping-taxable","16":"purchasable","17":"product-type-simple"},"_links":{"self":[{"href":"https:\/\/roveyayinevi.com.tr\/index.php\/wp-json\/wp\/v2\/product\/707634","targetHints":{"allow":["GET"]}}],"collection":[{"href":"https:\/\/roveyayinevi.com.tr\/index.php\/wp-json\/wp\/v2\/product"}],"about":[{"href":"https:\/\/roveyayinevi.com.tr\/index.php\/wp-json\/wp\/v2\/types\/product"}],"wp:attachment":[{"href":"https:\/\/roveyayinevi.com.tr\/index.php\/wp-json\/wp\/v2\/media?parent=707634"}],"wp:term":[{"taxonomy":"product_brand","embeddable":true,"href":"https:\/\/roveyayinevi.com.tr\/index.php\/wp-json\/wp\/v2\/product_brand?post=707634"},{"taxonomy":"product_cat","embeddable":true,"href":"https:\/\/roveyayinevi.com.tr\/index.php\/wp-json\/wp\/v2\/product_cat?post=707634"},{"taxonomy":"product_tag","embeddable":true,"href":"https:\/\/roveyayinevi.com.tr\/index.php\/wp-json\/wp\/v2\/product_tag?post=707634"}],"curies":[{"name":"wp","href":"https:\/\/api.w.org\/{rel}","templated":true}]}}