{"id":707632,"date":"2025-08-27T16:07:21","date_gmt":"2025-08-27T13:07:21","guid":{"rendered":"https:\/\/roveyayinevi.com.tr\/index.php\/urun\/islam-dusuncesi-uzerine\/"},"modified":"2026-04-16T02:16:21","modified_gmt":"2026-04-15T23:16:21","slug":"islam-dusuncesi-uzerine","status":"publish","type":"product","link":"https:\/\/roveyayinevi.com.tr\/index.php\/urun\/islam-dusuncesi-uzerine\/","title":{"rendered":"\u0130slam D\u00fc\u015f\u00fcncesi \u00dczerine"},"content":{"rendered":"<p>Karanl\u0131k odada bulunan insanlar bir fili nas\u0131l tan\u0131yabilir? Onu g\u00f6rmeyenler bir fili nas\u0131l tan\u0131r? Hi\u00e7 ku\u015fkusuz duyular\u0131n\u0131n verisiyle! Peki sonra ne olur? Herkes kendisi bilgisine, alt yap\u0131s\u0131na, istidad\u0131na ve alg\u0131s\u0131na g\u00f6re &#8220;Fil \u015fudur ve \u015f\u00f6yledir; \u015funlardan m\u00fcte\u015fekkildir,&#8221; der ve bitmez t\u00fckenmez bir kavga, bir ikna \u00e7abas\u0131 ba\u015flar. Ta ki odan\u0131n d\u0131\u015f\u0131ndaki biri, filin &#8220;b\u00fct\u00fcn\u00fc&#8221; hakk\u0131ndaki as\u0131l bilgiyi getirene kadar&#8230; Me\u015fhur bir Mesnev\u00ee-i \u015eer\u00eef hik\u00e2yesine dayanan bu k\u0131ssadan hissedeki odan\u0131n d\u0131\u015f\u0131nda kalan ve karanl\u0131kta olmay\u0131p g\u00f6zleri a\u00e7\u0131lm\u0131\u015f bulunan ki\u015finin din\u00ee d\u00fc\u015f\u00fcncedeki kar\u015f\u0131l\u0131\u011f\u0131 Peygamber&#8217;dir. &#8220;Din\u00ee d\u00fc\u015f\u00fcnce&#8221; ise Peygamber rehberli\u011finde mutlak hakikate do\u011fru yolculu\u011fun, aray\u0131\u015f\u0131n sistematik y\u00f6ntemine verilen add\u0131r.\u0130slam D\u00fc\u015f\u00fcncesi \u00dczerine, &#8220;mutlak hakikat&#8221; veya me\u015fhur \u00f6rnekle &#8220;filin t\u00fcm\u00fc&#8221;n\u00fc g\u00f6rmekle ilgili insanl\u0131\u011f\u0131n kadim talebine, din\u00ee d\u00fc\u015f\u00fcncenin getirdi\u011fi \u00f6nerme ve \u00e7\u00f6z\u00fcmlerle ilgili yaz\u0131lardan ve ayn\u0131 konularla ilgili de\u011fi\u015fik vesilelerle yap\u0131lm\u0131\u015f r\u00f6portajlardan olu\u015fuyor. Birinci b\u00f6l\u00fcmde tasavvufun mahiyeti \u00fczerine ilerleyen yaz\u0131y\u0131 \u0130mam Gazz\u00e2l\u00ee\u2019nin el-Munkiz\u2019i hakk\u0131ndaki hacimli bir yaz\u0131 ve nihayet \u0130bn\u00fc\u2019l-Arab\u00ee d\u00fc\u015f\u00fcncesi hakk\u0131nda yaz\u0131 takip ediyor. Yaz\u0131lar\u0131n ana fikri, \u0130slam metafizik d\u00fc\u015f\u00fcncesinde insanl\u0131\u011f\u0131n &#8220;fili b\u00fct\u00fcn g\u00f6rmek-tan\u0131mak&#8221; talebine nas\u0131l bir kar\u015f\u0131l\u0131k verildi\u011finin tespiti iken ikinci b\u00f6l\u00fcmdeki r\u00f6portajlar, \u0130slam d\u00fc\u015f\u00fcncesinin \u00e7e\u015fitli sorunlar\u0131yla ilgili bahis konusu olan meseleler \u00fczerine ilerliyor. <\/p>\n","protected":false},"excerpt":{"rendered":"<p>Karanl\u0131k odada bulunan insanlar bir fili nas\u0131l tan\u0131yabilir? Onu g\u00f6rmeyenler bir fili nas\u0131l tan\u0131r? Hi\u00e7 ku\u015fkusuz duyular\u0131n\u0131n verisiyle! Peki sonra ne olur? Herkes kendisi bilgisine, alt<span class=\"excerpt-hellip\"> [\u2026]<\/span><\/p>\n","protected":false},"featured_media":0,"template":"","meta":{"_monsterinsights_skip_tracking":false,"_monsterinsights_sitenote_active":false,"_monsterinsights_sitenote_note":"","_monsterinsights_sitenote_category":0},"product_brand":[],"product_cat":[13036,12718,12719],"product_tag":[],"class_list":{"0":"post-707632","1":"product","2":"type-product","3":"status-publish","5":"product_cat-arastirma-inceleme-islam","6":"product_cat-din","7":"product_cat-islam","8":"pa_cilt-ciltsiz","9":"pa_tur-kitap","10":"pa_yayinevi-sufi-kitap","11":"pa_yazar-ekrem-demirli","13":"first","14":"instock","15":"sale","16":"shipping-taxable","17":"purchasable","18":"product-type-simple"},"_links":{"self":[{"href":"https:\/\/roveyayinevi.com.tr\/index.php\/wp-json\/wp\/v2\/product\/707632","targetHints":{"allow":["GET"]}}],"collection":[{"href":"https:\/\/roveyayinevi.com.tr\/index.php\/wp-json\/wp\/v2\/product"}],"about":[{"href":"https:\/\/roveyayinevi.com.tr\/index.php\/wp-json\/wp\/v2\/types\/product"}],"wp:attachment":[{"href":"https:\/\/roveyayinevi.com.tr\/index.php\/wp-json\/wp\/v2\/media?parent=707632"}],"wp:term":[{"taxonomy":"product_brand","embeddable":true,"href":"https:\/\/roveyayinevi.com.tr\/index.php\/wp-json\/wp\/v2\/product_brand?post=707632"},{"taxonomy":"product_cat","embeddable":true,"href":"https:\/\/roveyayinevi.com.tr\/index.php\/wp-json\/wp\/v2\/product_cat?post=707632"},{"taxonomy":"product_tag","embeddable":true,"href":"https:\/\/roveyayinevi.com.tr\/index.php\/wp-json\/wp\/v2\/product_tag?post=707632"}],"curies":[{"name":"wp","href":"https:\/\/api.w.org\/{rel}","templated":true}]}}